{"id":1939,"date":"2017-08-02T18:28:57","date_gmt":"2017-08-02T18:28:57","guid":{"rendered":"https:\/\/lamrstage.wpengine.com\/our-products\/"},"modified":"2023-09-18T11:05:08","modified_gmt":"2023-09-18T18:05:08","slug":"our-products","status":"publish","type":"page","link":"https:\/\/www.lamresearch.com\/de\/products\/our-products\/","title":{"rendered":"Unsere Produkte"},"content":{"rendered":"","protected":false},"excerpt":{"rendered":"","protected":false},"author":31,"featured_media":0,"parent":2313,"menu_order":0,"comment_status":"closed","ping_status":"closed","template":"","meta":{"_acf_changed":false,"_relevanssi_hide_post":"","_relevanssi_hide_content":"","_relevanssi_pin_for_all":"","_relevanssi_pin_keywords":"","_relevanssi_unpin_keywords":"","_relevanssi_related_keywords":"","_relevanssi_related_include_ids":"","_relevanssi_related_exclude_ids":"","_relevanssi_related_no_append":"","_relevanssi_related_not_related":"","_relevanssi_related_posts":"","_relevanssi_noindex_reason":"","footnotes":""},"class_list":["post-1939","page","type-page","status-publish","hentry"],"acf":[],"yoast_head":"<!-- This site is optimized with the Yoast SEO plugin v27.3 - https:\/\/yoast.com\/product\/yoast-seo-wordpress\/ -->\n<title>Unsere Produkte | Lam Research<\/title>\n<meta name=\"description\" content=\"Wir arbeiten eng mit unseren Kunden zusammen, um die Produkte und Technologien zu liefern, die sie f\u00fcr ihren Erfolg ben\u00f6tigen. Unsere Produkte bieten kritische Chipverarbeitungsfunktionen und sind damit ein wichtiges Bindeglied zwischen den vision\u00e4ren Entw\u00fcrfen f\u00fcr die neuesten elektronischen Ger\u00e4te und den Unternehmen, die sie herstellen.\" \/>\n<meta name=\"robots\" content=\"index, follow, max-snippet:-1, max-image-preview:large, max-video-preview:-1\" \/>\n<link rel=\"canonical\" href=\"https:\/\/www.lamresearch.com\/products\/our-products\/\" \/>\n<meta property=\"og:locale\" content=\"de_DE\" \/>\n<meta property=\"og:type\" content=\"article\" \/>\n<meta property=\"og:title\" content=\"Unsere Produkte | Lam Research\" \/>\n<meta property=\"og:description\" content=\"Wir arbeiten eng mit unseren Kunden zusammen, um die Produkte und Technologien zu liefern, die sie f\u00fcr ihren Erfolg ben\u00f6tigen. Unsere Produkte bieten kritische Chipverarbeitungsfunktionen und sind damit ein wichtiges Bindeglied zwischen den vision\u00e4ren Entw\u00fcrfen f\u00fcr die neuesten elektronischen Ger\u00e4te und den Unternehmen, die sie herstellen.\" \/>\n<meta property=\"og:url\" content=\"https:\/\/www.lamresearch.com\/products\/our-products\/\" \/>\n<meta property=\"og:site_name\" content=\"Lam Research\" \/>\n<meta property=\"article:publisher\" content=\"https:\/\/www.facebook.com\/LamResearchCorporation\" \/>\n<meta property=\"article:modified_time\" content=\"2023-09-18T18:05:08+00:00\" \/>\n<meta property=\"og:image\" content=\"https:\/\/www.lamresearch.com\/wp-content\/uploads\/2022\/04\/LAM-newmachine-130_fix@2x.png\" \/>\n\t<meta property=\"og:image:width\" content=\"1174\" \/>\n\t<meta property=\"og:image:height\" content=\"724\" \/>\n\t<meta property=\"og:image:type\" content=\"image\/png\" \/>\n<meta name=\"twitter:card\" content=\"summary_large_image\" \/>\n<meta name=\"twitter:site\" content=\"@lamresearch\" \/>\n<script type=\"application\/ld+json\" class=\"yoast-schema-graph\">{\"@context\":\"https:\\\/\\\/schema.org\",\"@graph\":[{\"@type\":\"WebPage\",\"@id\":\"https:\\\/\\\/www.lamresearch.com\\\/products\\\/our-products\\\/\",\"url\":\"https:\\\/\\\/www.lamresearch.com\\\/products\\\/our-products\\\/\",\"name\":\"Unsere Produkte | Lam Research\",\"isPartOf\":{\"@id\":\"https:\\\/\\\/www.lamresearch.com\\\/#website\"},\"datePublished\":\"2017-08-02T18:28:57+00:00\",\"dateModified\":\"2023-09-18T18:05:08+00:00\",\"description\":\"Wir arbeiten eng mit unseren Kunden zusammen, um die Produkte und Technologien zu liefern, die sie f\u00fcr ihren Erfolg ben\u00f6tigen. Unsere Produkte bieten kritische Chipverarbeitungsfunktionen und sind damit ein wichtiges Bindeglied zwischen den vision\u00e4ren Entw\u00fcrfen f\u00fcr die neuesten elektronischen Ger\u00e4te und den Unternehmen, die sie herstellen.\",\"breadcrumb\":{\"@id\":\"https:\\\/\\\/www.lamresearch.com\\\/products\\\/our-products\\\/#breadcrumb\"},\"inLanguage\":\"de-DE\",\"potentialAction\":[{\"@type\":\"ReadAction\",\"target\":[\"https:\\\/\\\/www.lamresearch.com\\\/products\\\/our-products\\\/\"]}]},{\"@type\":\"BreadcrumbList\",\"@id\":\"https:\\\/\\\/www.lamresearch.com\\\/products\\\/our-products\\\/#breadcrumb\",\"itemListElement\":[{\"@type\":\"ListItem\",\"position\":1,\"name\":\"Home\",\"item\":\"https:\\\/\\\/www.lamresearch.com\\\/de\\\/\"},{\"@type\":\"ListItem\",\"position\":2,\"name\":\"Products\",\"item\":\"https:\\\/\\\/www.lamresearch.com\\\/products\\\/\"},{\"@type\":\"ListItem\",\"position\":3,\"name\":\"Unsere Produkte\"}]},{\"@type\":\"WebSite\",\"@id\":\"https:\\\/\\\/www.lamresearch.com\\\/#website\",\"url\":\"https:\\\/\\\/www.lamresearch.com\\\/\",\"name\":\"Lam Research\",\"description\":\"Engineering At The Atomic Scale\",\"publisher\":{\"@id\":\"https:\\\/\\\/www.lamresearch.com\\\/#organization\"},\"potentialAction\":[{\"@type\":\"SearchAction\",\"target\":{\"@type\":\"EntryPoint\",\"urlTemplate\":\"https:\\\/\\\/www.lamresearch.com\\\/?s={search_term_string}\"},\"query-input\":{\"@type\":\"PropertyValueSpecification\",\"valueRequired\":true,\"valueName\":\"search_term_string\"}}],\"inLanguage\":\"de-DE\"},{\"@type\":\"Organization\",\"@id\":\"https:\\\/\\\/www.lamresearch.com\\\/#organization\",\"name\":\"Lam Research\",\"url\":\"https:\\\/\\\/www.lamresearch.com\\\/\",\"logo\":{\"@type\":\"ImageObject\",\"inLanguage\":\"de-DE\",\"@id\":\"https:\\\/\\\/www.lamresearch.com\\\/#\\\/schema\\\/logo\\\/image\\\/\",\"url\":\"https:\\\/\\\/www.lamresearch.com\\\/wp-content\\\/uploads\\\/2021\\\/07\\\/lam_research_logo_corporate.png\",\"contentUrl\":\"https:\\\/\\\/www.lamresearch.com\\\/wp-content\\\/uploads\\\/2021\\\/07\\\/lam_research_logo_corporate.png\",\"width\":188,\"height\":30,\"caption\":\"Lam Research\"},\"image\":{\"@id\":\"https:\\\/\\\/www.lamresearch.com\\\/#\\\/schema\\\/logo\\\/image\\\/\"},\"sameAs\":[\"https:\\\/\\\/www.facebook.com\\\/LamResearchCorporation\",\"https:\\\/\\\/x.com\\\/lamresearch\",\"https:\\\/\\\/www.instagram.com\\\/lam_research\\\/\",\"http:\\\/\\\/www.linkedin.com\\\/company\\\/lam-research\",\"http:\\\/\\\/www.youtube.com\\\/user\\\/LamResearchCorp\"]}]}<\/script>\n<!-- \/ Yoast SEO plugin. -->","yoast_head_json":{"title":"Unsere Produkte | Lam Research","description":"Wir arbeiten eng mit unseren Kunden zusammen, um die Produkte und Technologien zu liefern, die sie f\u00fcr ihren Erfolg ben\u00f6tigen. Unsere Produkte bieten kritische Chipverarbeitungsfunktionen und sind damit ein wichtiges Bindeglied zwischen den vision\u00e4ren Entw\u00fcrfen f\u00fcr die neuesten elektronischen Ger\u00e4te und den Unternehmen, die sie herstellen.","robots":{"index":"index","follow":"follow","max-snippet":"max-snippet:-1","max-image-preview":"max-image-preview:large","max-video-preview":"max-video-preview:-1"},"canonical":"https:\/\/www.lamresearch.com\/products\/our-products\/","og_locale":"de_DE","og_type":"article","og_title":"Unsere Produkte | Lam Research","og_description":"Wir arbeiten eng mit unseren Kunden zusammen, um die Produkte und Technologien zu liefern, die sie f\u00fcr ihren Erfolg ben\u00f6tigen. Unsere Produkte bieten kritische Chipverarbeitungsfunktionen und sind damit ein wichtiges Bindeglied zwischen den vision\u00e4ren Entw\u00fcrfen f\u00fcr die neuesten elektronischen Ger\u00e4te und den Unternehmen, die sie herstellen.","og_url":"https:\/\/www.lamresearch.com\/products\/our-products\/","og_site_name":"Lam Research","article_publisher":"https:\/\/www.facebook.com\/LamResearchCorporation","article_modified_time":"2023-09-18T18:05:08+00:00","og_image":[{"width":1174,"height":724,"url":"https:\/\/www.lamresearch.com\/wp-content\/uploads\/2022\/04\/LAM-newmachine-130_fix@2x.png","type":"image\/png"}],"twitter_card":"summary_large_image","twitter_site":"@lamresearch","schema":{"@context":"https:\/\/schema.org","@graph":[{"@type":"WebPage","@id":"https:\/\/www.lamresearch.com\/products\/our-products\/","url":"https:\/\/www.lamresearch.com\/products\/our-products\/","name":"Unsere Produkte | Lam Research","isPartOf":{"@id":"https:\/\/www.lamresearch.com\/#website"},"datePublished":"2017-08-02T18:28:57+00:00","dateModified":"2023-09-18T18:05:08+00:00","description":"Wir arbeiten eng mit unseren Kunden zusammen, um die Produkte und Technologien zu liefern, die sie f\u00fcr ihren Erfolg ben\u00f6tigen. Unsere Produkte bieten kritische Chipverarbeitungsfunktionen und sind damit ein wichtiges Bindeglied zwischen den vision\u00e4ren Entw\u00fcrfen f\u00fcr die neuesten elektronischen Ger\u00e4te und den Unternehmen, die sie herstellen.","breadcrumb":{"@id":"https:\/\/www.lamresearch.com\/products\/our-products\/#breadcrumb"},"inLanguage":"de-DE","potentialAction":[{"@type":"ReadAction","target":["https:\/\/www.lamresearch.com\/products\/our-products\/"]}]},{"@type":"BreadcrumbList","@id":"https:\/\/www.lamresearch.com\/products\/our-products\/#breadcrumb","itemListElement":[{"@type":"ListItem","position":1,"name":"Home","item":"https:\/\/www.lamresearch.com\/de\/"},{"@type":"ListItem","position":2,"name":"Products","item":"https:\/\/www.lamresearch.com\/products\/"},{"@type":"ListItem","position":3,"name":"Unsere Produkte"}]},{"@type":"WebSite","@id":"https:\/\/www.lamresearch.com\/#website","url":"https:\/\/www.lamresearch.com\/","name":"Lam Research","description":"Engineering At The Atomic Scale","publisher":{"@id":"https:\/\/www.lamresearch.com\/#organization"},"potentialAction":[{"@type":"SearchAction","target":{"@type":"EntryPoint","urlTemplate":"https:\/\/www.lamresearch.com\/?s={search_term_string}"},"query-input":{"@type":"PropertyValueSpecification","valueRequired":true,"valueName":"search_term_string"}}],"inLanguage":"de-DE"},{"@type":"Organization","@id":"https:\/\/www.lamresearch.com\/#organization","name":"Lam Research","url":"https:\/\/www.lamresearch.com\/","logo":{"@type":"ImageObject","inLanguage":"de-DE","@id":"https:\/\/www.lamresearch.com\/#\/schema\/logo\/image\/","url":"https:\/\/www.lamresearch.com\/wp-content\/uploads\/2021\/07\/lam_research_logo_corporate.png","contentUrl":"https:\/\/www.lamresearch.com\/wp-content\/uploads\/2021\/07\/lam_research_logo_corporate.png","width":188,"height":30,"caption":"Lam Research"},"image":{"@id":"https:\/\/www.lamresearch.com\/#\/schema\/logo\/image\/"},"sameAs":["https:\/\/www.facebook.com\/LamResearchCorporation","https:\/\/x.com\/lamresearch","https:\/\/www.instagram.com\/lam_research\/","http:\/\/www.linkedin.com\/company\/lam-research","http:\/\/www.youtube.com\/user\/LamResearchCorp"]}]}},"_links":{"self":[{"href":"https:\/\/www.lamresearch.com\/de\/wp-json\/wp\/v2\/pages\/1939","targetHints":{"allow":["GET"]}}],"collection":[{"href":"https:\/\/www.lamresearch.com\/de\/wp-json\/wp\/v2\/pages"}],"about":[{"href":"https:\/\/www.lamresearch.com\/de\/wp-json\/wp\/v2\/types\/page"}],"author":[{"embeddable":true,"href":"https:\/\/www.lamresearch.com\/de\/wp-json\/wp\/v2\/users\/31"}],"replies":[{"embeddable":true,"href":"https:\/\/www.lamresearch.com\/de\/wp-json\/wp\/v2\/comments?post=1939"}],"version-history":[{"count":0,"href":"https:\/\/www.lamresearch.com\/de\/wp-json\/wp\/v2\/pages\/1939\/revisions"}],"up":[{"embeddable":true,"href":"https:\/\/www.lamresearch.com\/de\/wp-json\/wp\/v2\/pages\/2313"}],"wp:attachment":[{"href":"https:\/\/www.lamresearch.com\/de\/wp-json\/wp\/v2\/media?parent=1939"}],"curies":[{"name":"wp","href":"https:\/\/api.w.org\/{rel}","templated":true}]}}