{"id":13175,"date":"2018-01-11T14:01:05","date_gmt":"2018-01-11T22:01:05","guid":{"rendered":"https:\/\/lamrstage.wpengine.com\/product\/metryx\/"},"modified":"2021-07-26T00:29:25","modified_gmt":"2021-07-26T07:29:25","slug":"metryx","status":"publish","type":"product","link":"https:\/\/www.lamresearch.com\/de\/product\/metryx\/","title":{"rendered":"METRYX PRODUKTFAMILIE"},"content":{"rendered":"<p>In-Line-Prozess\u00fcberwachung wird verwendet, um Entwicklungen und Abweichungen bei Produktionswafern zu erkennen, w\u00e4hrend sie sich ereignen, so dass schnell Korrekturen vorgenommen werden k\u00f6nnen, um weiteren Ausbeuteverlust zu verhindern. F\u00fcr Abtragungs-, \u00c4tz- und Reinigungsschritte ist das Vermessen der Massenver\u00e4nderung eines Wafers vor und nach einer Fertigung ein einfacher und direkter Weg, die Fertigungsergebnisse zu \u00fcberwachen und zu pr\u00fcfen, insbesondere bei ultrad\u00fcnnen und ultradicken Schichten\/Filmen und bei komplexen 3D-Geometrien neuerer Chipdesigns, bei denen traditionelle optische Messtechniken unwirksam sind.<\/p>\n<p>Lams Metryx<sup>\u00ae<\/sup>-Massenmetrologiesysteme, die sowohl als plattform-integrierte Module als auch als Einzelsysteme verf\u00fcgbar sind, liefern Sub-Milligramm-Massenmessungen f\u00fcr die Fertigungs\u00fcberwachung und -steuerung von dreidimensionalen Bauteilstrukturen.<\/p>\n","protected":false},"excerpt":{"rendered":"<p>Unsere Massemesssysteme bieten Messm\u00f6glichkeiten im Milligrammbereich f\u00fcr erweiterte Prozess\u00fcberwachung und Steuerung dreidimensionaler Ger\u00e4testrukturen.<\/p>\n","protected":false},"author":31,"featured_media":17482,"parent":0,"menu_order":162,"template":"","meta":{"_acf_changed":false,"_relevanssi_hide_post":"","_relevanssi_hide_content":"","_relevanssi_pin_for_all":"","_relevanssi_pin_keywords":"","_relevanssi_unpin_keywords":"","_relevanssi_related_keywords":"","_relevanssi_related_include_ids":"","_relevanssi_related_exclude_ids":"","_relevanssi_related_no_append":"","_relevanssi_related_not_related":"","_relevanssi_related_posts":"","_relevanssi_noindex_reason":"","footnotes":""},"process":[555],"solution":[634,321,325,315,330,349,345,352],"technology":[556],"class_list":["post-13175","product","type-product","status-publish","has-post-thumbnail","hentry","process-mass-metrology-de","solution-advanced-packaging-de","solution-analog-mixed-signal-de","solution-discrete-power-devices-de","solution-advanced-memory-de","solution-interconnect-de","solution-sensors-transducers-de","solution-patterning-de","solution-transistor-de","technology-mass-metrology-de"],"acf":[],"yoast_head":"<!-- This site is optimized with the Yoast SEO plugin v27.3 - https:\/\/yoast.com\/product\/yoast-seo-wordpress\/ -->\n<title>METRYX PRODUKTFAMILIE - Lam Research<\/title>\n<meta name=\"robots\" content=\"index, follow, max-snippet:-1, max-image-preview:large, max-video-preview:-1\" \/>\n<link rel=\"canonical\" href=\"https:\/\/www.lamresearch.com\/product\/metior\/\" \/>\n<meta property=\"og:locale\" content=\"de_DE\" \/>\n<meta property=\"og:type\" content=\"article\" \/>\n<meta property=\"og:title\" content=\"METRYX PRODUKTFAMILIE - Lam Research\" \/>\n<meta property=\"og:description\" content=\"Unsere Massemesssysteme bieten Messm\u00f6glichkeiten im Milligrammbereich f\u00fcr erweiterte Prozess\u00fcberwachung und Steuerung dreidimensionaler Ger\u00e4testrukturen.\" \/>\n<meta property=\"og:url\" content=\"https:\/\/www.lamresearch.com\/product\/metior\/\" \/>\n<meta property=\"og:site_name\" content=\"Lam Research\" \/>\n<meta property=\"article:publisher\" content=\"https:\/\/www.facebook.com\/LamResearchCorporation\" \/>\n<meta property=\"article:modified_time\" content=\"2021-07-26T07:29:25+00:00\" \/>\n<meta property=\"og:image\" content=\"https:\/\/www.lamresearch.com\/wp-content\/uploads\/2021\/07\/HX-Close-Up-2.jpg\" \/>\n\t<meta property=\"og:image:width\" content=\"533\" \/>\n\t<meta property=\"og:image:height\" content=\"542\" \/>\n\t<meta property=\"og:image:type\" content=\"image\/jpeg\" \/>\n<meta name=\"twitter:card\" content=\"summary_large_image\" \/>\n<meta name=\"twitter:site\" content=\"@lamresearch\" \/>\n<meta name=\"twitter:label1\" content=\"Gesch\u00e4tzte Lesezeit\" \/>\n\t<meta name=\"twitter:data1\" content=\"1 Minute\" \/>\n<script type=\"application\/ld+json\" class=\"yoast-schema-graph\">{\"@context\":\"https:\\\/\\\/schema.org\",\"@graph\":[{\"@type\":\"WebPage\",\"@id\":\"https:\\\/\\\/www.lamresearch.com\\\/product\\\/metior\\\/\",\"url\":\"https:\\\/\\\/www.lamresearch.com\\\/product\\\/metior\\\/\",\"name\":\"METRYX PRODUKTFAMILIE - Lam Research\",\"isPartOf\":{\"@id\":\"https:\\\/\\\/www.lamresearch.com\\\/#website\"},\"primaryImageOfPage\":{\"@id\":\"https:\\\/\\\/www.lamresearch.com\\\/product\\\/metior\\\/#primaryimage\"},\"image\":{\"@id\":\"https:\\\/\\\/www.lamresearch.com\\\/product\\\/metior\\\/#primaryimage\"},\"thumbnailUrl\":\"https:\\\/\\\/www.lamresearch.com\\\/wp-content\\\/uploads\\\/2021\\\/07\\\/HX-Close-Up-2.jpg\",\"datePublished\":\"2018-01-11T22:01:05+00:00\",\"dateModified\":\"2021-07-26T07:29:25+00:00\",\"breadcrumb\":{\"@id\":\"https:\\\/\\\/www.lamresearch.com\\\/product\\\/metior\\\/#breadcrumb\"},\"inLanguage\":\"de-DE\",\"potentialAction\":[{\"@type\":\"ReadAction\",\"target\":[\"https:\\\/\\\/www.lamresearch.com\\\/product\\\/metior\\\/\"]}]},{\"@type\":\"ImageObject\",\"inLanguage\":\"de-DE\",\"@id\":\"https:\\\/\\\/www.lamresearch.com\\\/product\\\/metior\\\/#primaryimage\",\"url\":\"https:\\\/\\\/www.lamresearch.com\\\/wp-content\\\/uploads\\\/2021\\\/07\\\/HX-Close-Up-2.jpg\",\"contentUrl\":\"https:\\\/\\\/www.lamresearch.com\\\/wp-content\\\/uploads\\\/2021\\\/07\\\/HX-Close-Up-2.jpg\",\"width\":533,\"height\":542},{\"@type\":\"BreadcrumbList\",\"@id\":\"https:\\\/\\\/www.lamresearch.com\\\/product\\\/metior\\\/#breadcrumb\",\"itemListElement\":[{\"@type\":\"ListItem\",\"position\":1,\"name\":\"Home\",\"item\":\"https:\\\/\\\/www.lamresearch.com\\\/de\\\/\"},{\"@type\":\"ListItem\",\"position\":2,\"name\":\"Products\",\"item\":\"https:\\\/\\\/www.lamresearch.com\\\/ko\\\/lam_products\\\/\"},{\"@type\":\"ListItem\",\"position\":3,\"name\":\"METRYX PRODUKTFAMILIE\"}]},{\"@type\":\"WebSite\",\"@id\":\"https:\\\/\\\/www.lamresearch.com\\\/#website\",\"url\":\"https:\\\/\\\/www.lamresearch.com\\\/\",\"name\":\"Lam Research\",\"description\":\"Engineering At The Atomic Scale\",\"publisher\":{\"@id\":\"https:\\\/\\\/www.lamresearch.com\\\/#organization\"},\"potentialAction\":[{\"@type\":\"SearchAction\",\"target\":{\"@type\":\"EntryPoint\",\"urlTemplate\":\"https:\\\/\\\/www.lamresearch.com\\\/?s={search_term_string}\"},\"query-input\":{\"@type\":\"PropertyValueSpecification\",\"valueRequired\":true,\"valueName\":\"search_term_string\"}}],\"inLanguage\":\"de-DE\"},{\"@type\":\"Organization\",\"@id\":\"https:\\\/\\\/www.lamresearch.com\\\/#organization\",\"name\":\"Lam Research\",\"url\":\"https:\\\/\\\/www.lamresearch.com\\\/\",\"logo\":{\"@type\":\"ImageObject\",\"inLanguage\":\"de-DE\",\"@id\":\"https:\\\/\\\/www.lamresearch.com\\\/#\\\/schema\\\/logo\\\/image\\\/\",\"url\":\"https:\\\/\\\/www.lamresearch.com\\\/wp-content\\\/uploads\\\/2021\\\/07\\\/lam_research_logo_corporate.png\",\"contentUrl\":\"https:\\\/\\\/www.lamresearch.com\\\/wp-content\\\/uploads\\\/2021\\\/07\\\/lam_research_logo_corporate.png\",\"width\":188,\"height\":30,\"caption\":\"Lam Research\"},\"image\":{\"@id\":\"https:\\\/\\\/www.lamresearch.com\\\/#\\\/schema\\\/logo\\\/image\\\/\"},\"sameAs\":[\"https:\\\/\\\/www.facebook.com\\\/LamResearchCorporation\",\"https:\\\/\\\/x.com\\\/lamresearch\",\"https:\\\/\\\/www.instagram.com\\\/lam_research\\\/\",\"https:\\\/\\\/www.linkedin.com\\\/company\\\/lam-research\",\"https:\\\/\\\/www.youtube.com\\\/user\\\/LamResearchCorp\"]}]}<\/script>\n<!-- \/ Yoast SEO plugin. -->","yoast_head_json":{"title":"METRYX PRODUKTFAMILIE - Lam Research","robots":{"index":"index","follow":"follow","max-snippet":"max-snippet:-1","max-image-preview":"max-image-preview:large","max-video-preview":"max-video-preview:-1"},"canonical":"https:\/\/www.lamresearch.com\/product\/metior\/","og_locale":"de_DE","og_type":"article","og_title":"METRYX PRODUKTFAMILIE - Lam Research","og_description":"Unsere Massemesssysteme bieten Messm\u00f6glichkeiten im Milligrammbereich f\u00fcr erweiterte Prozess\u00fcberwachung und Steuerung dreidimensionaler Ger\u00e4testrukturen.","og_url":"https:\/\/www.lamresearch.com\/product\/metior\/","og_site_name":"Lam Research","article_publisher":"https:\/\/www.facebook.com\/LamResearchCorporation","article_modified_time":"2021-07-26T07:29:25+00:00","og_image":[{"width":533,"height":542,"url":"https:\/\/www.lamresearch.com\/wp-content\/uploads\/2021\/07\/HX-Close-Up-2.jpg","type":"image\/jpeg"}],"twitter_card":"summary_large_image","twitter_site":"@lamresearch","twitter_misc":{"Gesch\u00e4tzte Lesezeit":"1 Minute"},"schema":{"@context":"https:\/\/schema.org","@graph":[{"@type":"WebPage","@id":"https:\/\/www.lamresearch.com\/product\/metior\/","url":"https:\/\/www.lamresearch.com\/product\/metior\/","name":"METRYX PRODUKTFAMILIE - Lam Research","isPartOf":{"@id":"https:\/\/www.lamresearch.com\/#website"},"primaryImageOfPage":{"@id":"https:\/\/www.lamresearch.com\/product\/metior\/#primaryimage"},"image":{"@id":"https:\/\/www.lamresearch.com\/product\/metior\/#primaryimage"},"thumbnailUrl":"https:\/\/www.lamresearch.com\/wp-content\/uploads\/2021\/07\/HX-Close-Up-2.jpg","datePublished":"2018-01-11T22:01:05+00:00","dateModified":"2021-07-26T07:29:25+00:00","breadcrumb":{"@id":"https:\/\/www.lamresearch.com\/product\/metior\/#breadcrumb"},"inLanguage":"de-DE","potentialAction":[{"@type":"ReadAction","target":["https:\/\/www.lamresearch.com\/product\/metior\/"]}]},{"@type":"ImageObject","inLanguage":"de-DE","@id":"https:\/\/www.lamresearch.com\/product\/metior\/#primaryimage","url":"https:\/\/www.lamresearch.com\/wp-content\/uploads\/2021\/07\/HX-Close-Up-2.jpg","contentUrl":"https:\/\/www.lamresearch.com\/wp-content\/uploads\/2021\/07\/HX-Close-Up-2.jpg","width":533,"height":542},{"@type":"BreadcrumbList","@id":"https:\/\/www.lamresearch.com\/product\/metior\/#breadcrumb","itemListElement":[{"@type":"ListItem","position":1,"name":"Home","item":"https:\/\/www.lamresearch.com\/de\/"},{"@type":"ListItem","position":2,"name":"Products","item":"https:\/\/www.lamresearch.com\/ko\/lam_products\/"},{"@type":"ListItem","position":3,"name":"METRYX PRODUKTFAMILIE"}]},{"@type":"WebSite","@id":"https:\/\/www.lamresearch.com\/#website","url":"https:\/\/www.lamresearch.com\/","name":"Lam Research","description":"Engineering At The Atomic Scale","publisher":{"@id":"https:\/\/www.lamresearch.com\/#organization"},"potentialAction":[{"@type":"SearchAction","target":{"@type":"EntryPoint","urlTemplate":"https:\/\/www.lamresearch.com\/?s={search_term_string}"},"query-input":{"@type":"PropertyValueSpecification","valueRequired":true,"valueName":"search_term_string"}}],"inLanguage":"de-DE"},{"@type":"Organization","@id":"https:\/\/www.lamresearch.com\/#organization","name":"Lam Research","url":"https:\/\/www.lamresearch.com\/","logo":{"@type":"ImageObject","inLanguage":"de-DE","@id":"https:\/\/www.lamresearch.com\/#\/schema\/logo\/image\/","url":"https:\/\/www.lamresearch.com\/wp-content\/uploads\/2021\/07\/lam_research_logo_corporate.png","contentUrl":"https:\/\/www.lamresearch.com\/wp-content\/uploads\/2021\/07\/lam_research_logo_corporate.png","width":188,"height":30,"caption":"Lam Research"},"image":{"@id":"https:\/\/www.lamresearch.com\/#\/schema\/logo\/image\/"},"sameAs":["https:\/\/www.facebook.com\/LamResearchCorporation","https:\/\/x.com\/lamresearch","https:\/\/www.instagram.com\/lam_research\/","https:\/\/www.linkedin.com\/company\/lam-research","https:\/\/www.youtube.com\/user\/LamResearchCorp"]}]}},"process_terms":[{"term_id":555,"name":"Mass Metrology","slug":"mass-metrology-de","taxonomy":"process","parent":0,"order":0}],"solution_terms":[{"term_id":632,"name":"Advanced Packaging","slug":"advanced-packaging","taxonomy":"solution","parent":0,"order":0},{"term_id":321,"name":"Analoge und gemischte Signale","slug":"analog-mixed-signal-de","taxonomy":"solution","parent":0,"order":0},{"term_id":325,"name":"Diskrete & Leistungsbauelemente","slug":"discrete-power-devices-de","taxonomy":"solution","parent":0,"order":0},{"term_id":315,"name":"Erweiterter Speicher","slug":"advanced-memory-de","taxonomy":"solution","parent":0,"order":0},{"term_id":330,"name":"Interconnect","slug":"interconnect-de","taxonomy":"solution","parent":0,"order":0},{"term_id":349,"name":"Sensoren und Wandler","slug":"sensors-transducers-de","taxonomy":"solution","parent":0,"order":0},{"term_id":345,"name":"Strukturierung","slug":"patterning-de","taxonomy":"solution","parent":0,"order":0},{"term_id":352,"name":"Transistor","slug":"transistor-de","taxonomy":"solution","parent":0,"order":0}],"technology_terms":[{"term_id":556,"name":"Mass Metrology","slug":"mass-metrology-de","taxonomy":"technology","parent":0,"order":0}],"industry_challenges":"<p>Da Bauteile dreidimensional immer komplexer werden, reichen traditionelle optische Messtechniken oftmals nicht f\u00fcr eine pr\u00e4zise Steuerung von \u00c4tz-, Abscheidungs- und Reinigungsvorg\u00e4ngen aus. Die B\u00f6den von Strukturen mit hohem Querschnittsverh\u00e4ltnis (HAR) k\u00f6nnten zum Beispiel f\u00fcr optische Top-Down-Signale unsichtbar sein. Ebenso sind manche dicken Lacke oftmals zu undurchsichtig f\u00fcr genaue Dickenmessungen, und laterale Verarbeitungsschritte finden h\u00e4ufig zu tief in einer Struktur statt, als dass sie sichtbar w\u00e4ren. Viele Geometrien sind heute so komplex, dass L\u00f6sungen f\u00fcr optische kritische Abmessungen (OCD) teure Investitionen und lange Entwicklungs- und Validierungszeitr\u00e4ume ben\u00f6tigen. Dar\u00fcber hinaus erfordern die strengen Anforderungen f\u00fcr \u00c4tzanwendungen oftmals Methoden in Echtzeit, um den Variabilit\u00e4tsgraden innerhalb eines Lots und von Lot zu Lot gerecht zu werden. Daher ben\u00f6tigen Chiphersteller alternative Methoden f\u00fcr die \u00dcberwachung von Prozessergebnissen, die kosteneffizient auf die Beschr\u00e4nkungen optischer Techniken eingehen.<\/p>\n","key_benefits":["Niedrige Betriebskosten, hoher Durchsatz- und In-Line-Fertigungs\u00fcberwachung ","Einfache Messungen mit klaren physikalischen Messgr\u00f6\u00dfen (Wafer-Masse und Massenver\u00e4nderung)","Hohe Sensibilit\u00e4t mit der F\u00e4higkeit Sub-Nanometer-Schichten zu entdecken","H\u00f6here Sensibilit\u00e4t bei steigender Bauteilkomplexit\u00e4t und h\u00f6heren Querschnittsverh\u00e4ltnissen","Prozessmessungen bei 3D-\/verborgenen Strukturen, wo optische Metrologie wirkungslos bleibt","Maximale Flexibilit\u00e4t f\u00fcr Mehrfachanwendungen und variable Sampling-Strategien im Gebrauch als Einzelsystem  ","\u00dcberwachung in Echtzeit und niedrigere Sampling-Kosten pro Wafer durch plattform-integrierte Konfiguration"],"product_offerings":["Metryx<sup>\u00ae<\/sup> Metior<sup>\u00ae<\/sup> SRM\u2122 ","Metryx<sup>\u00ae<\/sup> SRMi\u2122 "],"key_applications":["HAR-\u00c4tzen - DRAM-Zelle, 3D-NAND-Kanalloch","Winkeltreue und ALD-\/Seitenwandabscheidung","Horizontales Processing \u2013 Recess Etch, Filling","\u00dcberwachung\/Monitoring von Schichtdichten","Carbon Mask Open","Wafer-Reinigung\/Polymerentfernung"],"featured_media_src":"https:\/\/www.lamresearch.com\/wp-content\/uploads\/2021\/07\/HX-Close-Up-2.jpg","drawer_background_image":{"id":17482,"src":"https:\/\/www.lamresearch.com\/wp-content\/uploads\/2021\/07\/HX-Close-Up-2.jpg"},"_links":{"self":[{"href":"https:\/\/www.lamresearch.com\/de\/wp-json\/wp\/v2\/product\/13175","targetHints":{"allow":["GET"]}}],"collection":[{"href":"https:\/\/www.lamresearch.com\/de\/wp-json\/wp\/v2\/product"}],"about":[{"href":"https:\/\/www.lamresearch.com\/de\/wp-json\/wp\/v2\/types\/product"}],"author":[{"embeddable":true,"href":"https:\/\/www.lamresearch.com\/de\/wp-json\/wp\/v2\/users\/31"}],"version-history":[{"count":0,"href":"https:\/\/www.lamresearch.com\/de\/wp-json\/wp\/v2\/product\/13175\/revisions"}],"wp:featuredmedia":[{"embeddable":true,"href":"https:\/\/www.lamresearch.com\/de\/wp-json\/wp\/v2\/media\/17482"}],"wp:attachment":[{"href":"https:\/\/www.lamresearch.com\/de\/wp-json\/wp\/v2\/media?parent=13175"}],"wp:term":[{"taxonomy":"process","embeddable":true,"href":"https:\/\/www.lamresearch.com\/de\/wp-json\/wp\/v2\/process?post=13175"},{"taxonomy":"solution","embeddable":true,"href":"https:\/\/www.lamresearch.com\/de\/wp-json\/wp\/v2\/solution?post=13175"},{"taxonomy":"technology","embeddable":true,"href":"https:\/\/www.lamresearch.com\/de\/wp-json\/wp\/v2\/technology?post=13175"}],"curies":[{"name":"wp","href":"https:\/\/api.w.org\/{rel}","templated":true}]}}