{"id":1793,"date":"2017-09-07T14:30:23","date_gmt":"2017-09-07T21:30:23","guid":{"rendered":"https:\/\/lamrstage.wpengine.com\/product\/coronus-product-family\/"},"modified":"2023-05-10T15:20:13","modified_gmt":"2023-05-10T22:20:13","slug":"coronus-product-family","status":"publish","type":"product","link":"https:\/\/www.lamresearch.com\/de\/product\/coronus-product-family\/","title":{"rendered":"CORONUS Produktfamilie"},"content":{"rendered":"<p>Die Kanten\u00e4tzung entfernt unerw\u00fcnschte Masken, R\u00fcckst\u00e4nde und Filme vom Rand eines Wafers zwischen einzelnen Fertigungsschritten. Wenn sie nicht entfernt werden, werden diese Materialien zu Quellen f\u00fcr Defekte. Im Verlauf weiterer Vorg\u00e4nge k\u00f6nnen sie beispielsweise abbl\u00e4ttern und sich in Bereichen des Bauelements erneut absetzen. Schon ein einziger Partikel, der auf einem kritischem Bereich des Halbleiterbauteils landet, kann den gesamten Chip zerst\u00f6ren. Durch den Einsatz von Kantenreinigungsprozessen an strategischen Punkten k\u00f6nnen diese potenziellen Defekte eliminiert und mehr gute Chips produziert werden. <\/p>\n<p>Bevel Deposition wiederum erzeugt einen Schutzfilm \u00fcber diesem Bereich. Bei hochentwickelten Speicherger\u00e4ten wie 3D-NAND, um ein Beispiel zu nennen, sind besonders lange \u00c4tzprozesse erforderlich. Diese langen Prozessschritte k\u00f6nnen eine schwere Besch\u00e4digung des Substrats verursachen. Diese k\u00f6nnen ohne diese Schutzbarriere so extrem ausfallen, dass die Wafer-Ausbeute gleich Null ist. Beim Wafer-Bonding f\u00fcr die 3D-Verpackung bewirkt diese Kantenabscheidungsschicht eine mechanische Abst\u00fctzung zwischen der Tr\u00e4gersubstanz und dem Ger\u00e4t, wodurch ein Absplittern verhindert wird. Au\u00dferdem werden Filmschichten eingeebnet und es wird ein hochwertiges Bonden gew\u00e4hrleistet.<\/p>\n<p>Durch die Kombination der pr\u00e4zisen Steuerung und Flexibilit\u00e4t von Plasma mit einer Technologie, die den aktiven Schaltungsbereich sch\u00fctzt, sch\u00fctzen die Produkte der Coronus<sup>\u00ae<\/sup>-Kanten\u00e4tzungs- und -abscheidungsfamilie von Lam den Waferrand, um die Chipausbeute zu verbessern.<\/p>\n","protected":false},"excerpt":{"rendered":"<p>Der Schwerpunkt der Coronus-Systeme liegt auf der Schr\u00e4gkante und damit auf der Verbesserung der Ausbeute insgesamt. Die Halbleiterverarbeitung kann das Anh\u00e4ufen von R\u00fcckst\u00e4nden sowie die Entstehung rauer Oberfl\u00e4chen entlang dem Waferrand bewirken, von dem aus die R\u00fcckst\u00e4nde abbl\u00e4ttern, in andere Bereiche abdriften und Defekte verursachen k\u00f6nnen, die einen Ger\u00e4teausfall zur Folge haben. Coronus-\u00c4tzprodukte entfernen diese R\u00fcckst\u00e4nde auf den R\u00e4ndern und Coronus Deposition sch\u00fctzt den Waferrand vor Besch\u00e4digungen.<\/p>\n","protected":false},"author":31,"featured_media":10743,"parent":0,"menu_order":201,"template":"","meta":{"_acf_changed":false,"_relevanssi_hide_post":"","_relevanssi_hide_content":"","_relevanssi_pin_for_all":"","_relevanssi_pin_keywords":"","_relevanssi_unpin_keywords":"","_relevanssi_related_keywords":"","_relevanssi_related_include_ids":"","_relevanssi_related_exclude_ids":"","_relevanssi_related_no_append":"","_relevanssi_related_not_related":"","_relevanssi_related_posts":"","_relevanssi_noindex_reason":"","footnotes":""},"process":[377],"solution":[634,315,330,345,352],"technology":[270],"class_list":["post-1793","product","type-product","status-publish","has-post-thumbnail","hentry","process-etch-de","solution-advanced-packaging-de","solution-advanced-memory-de","solution-interconnect-de","solution-patterning-de","solution-transistor-de","technology-plasma-bevel-etch-deposition-de"],"acf":[],"yoast_head":"<!-- This site is optimized with the Yoast SEO plugin v27.5 - https:\/\/yoast.com\/product\/yoast-seo-wordpress\/ -->\n<title>CORONUS Produktfamilie - Lam Research<\/title>\n<meta name=\"robots\" content=\"index, follow, max-snippet:-1, max-image-preview:large, max-video-preview:-1\" \/>\n<link rel=\"canonical\" href=\"https:\/\/www.lamresearch.com\/product\/coronus-product-family\/\" \/>\n<meta property=\"og:locale\" content=\"de_DE\" \/>\n<meta property=\"og:type\" content=\"article\" \/>\n<meta property=\"og:title\" content=\"CORONUS Produktfamilie - Lam Research\" \/>\n<meta property=\"og:description\" content=\"Der Schwerpunkt der Coronus-Systeme liegt auf der Schr\u00e4gkante und damit auf der Verbesserung der Ausbeute insgesamt. Die Halbleiterverarbeitung kann das Anh\u00e4ufen von R\u00fcckst\u00e4nden sowie die Entstehung rauer Oberfl\u00e4chen entlang dem Waferrand bewirken, von dem aus die R\u00fcckst\u00e4nde abbl\u00e4ttern, in andere Bereiche abdriften und Defekte verursachen k\u00f6nnen, die einen Ger\u00e4teausfall zur Folge haben. Coronus-\u00c4tzprodukte entfernen diese R\u00fcckst\u00e4nde auf den R\u00e4ndern und Coronus Deposition sch\u00fctzt den Waferrand vor Besch\u00e4digungen.\" \/>\n<meta property=\"og:url\" content=\"https:\/\/www.lamresearch.com\/product\/coronus-product-family\/\" \/>\n<meta property=\"og:site_name\" content=\"Lam Research\" \/>\n<meta property=\"article:publisher\" content=\"https:\/\/www.facebook.com\/LamResearchCorporation\" \/>\n<meta property=\"article:modified_time\" content=\"2023-05-10T22:20:13+00:00\" \/>\n<meta property=\"og:image\" content=\"https:\/\/www.lamresearch.com\/wp-content\/uploads\/2017\/09\/Coronus_Products_1920x600.jpg\" \/>\n\t<meta property=\"og:image:width\" content=\"1920\" \/>\n\t<meta property=\"og:image:height\" content=\"600\" \/>\n\t<meta property=\"og:image:type\" content=\"image\/jpeg\" \/>\n<meta name=\"twitter:card\" content=\"summary_large_image\" \/>\n<meta name=\"twitter:site\" content=\"@lamresearch\" \/>\n<meta name=\"twitter:label1\" content=\"Gesch\u00e4tzte Lesezeit\" \/>\n\t<meta name=\"twitter:data1\" content=\"1 Minute\" \/>\n<script type=\"application\/ld+json\" class=\"yoast-schema-graph\">{\"@context\":\"https:\\\/\\\/schema.org\",\"@graph\":[{\"@type\":\"WebPage\",\"@id\":\"https:\\\/\\\/www.lamresearch.com\\\/product\\\/coronus-product-family\\\/\",\"url\":\"https:\\\/\\\/www.lamresearch.com\\\/product\\\/coronus-product-family\\\/\",\"name\":\"CORONUS Produktfamilie - Lam Research\",\"isPartOf\":{\"@id\":\"https:\\\/\\\/www.lamresearch.com\\\/#website\"},\"primaryImageOfPage\":{\"@id\":\"https:\\\/\\\/www.lamresearch.com\\\/product\\\/coronus-product-family\\\/#primaryimage\"},\"image\":{\"@id\":\"https:\\\/\\\/www.lamresearch.com\\\/product\\\/coronus-product-family\\\/#primaryimage\"},\"thumbnailUrl\":\"https:\\\/\\\/www.lamresearch.com\\\/wp-content\\\/uploads\\\/2017\\\/09\\\/Coronus_Products_1920x600.jpg\",\"datePublished\":\"2017-09-07T21:30:23+00:00\",\"dateModified\":\"2023-05-10T22:20:13+00:00\",\"breadcrumb\":{\"@id\":\"https:\\\/\\\/www.lamresearch.com\\\/product\\\/coronus-product-family\\\/#breadcrumb\"},\"inLanguage\":\"de-DE\",\"potentialAction\":[{\"@type\":\"ReadAction\",\"target\":[\"https:\\\/\\\/www.lamresearch.com\\\/product\\\/coronus-product-family\\\/\"]}]},{\"@type\":\"ImageObject\",\"inLanguage\":\"de-DE\",\"@id\":\"https:\\\/\\\/www.lamresearch.com\\\/product\\\/coronus-product-family\\\/#primaryimage\",\"url\":\"https:\\\/\\\/www.lamresearch.com\\\/wp-content\\\/uploads\\\/2017\\\/09\\\/Coronus_Products_1920x600.jpg\",\"contentUrl\":\"https:\\\/\\\/www.lamresearch.com\\\/wp-content\\\/uploads\\\/2017\\\/09\\\/Coronus_Products_1920x600.jpg\",\"width\":1920,\"height\":600},{\"@type\":\"BreadcrumbList\",\"@id\":\"https:\\\/\\\/www.lamresearch.com\\\/product\\\/coronus-product-family\\\/#breadcrumb\",\"itemListElement\":[{\"@type\":\"ListItem\",\"position\":1,\"name\":\"Home\",\"item\":\"https:\\\/\\\/www.lamresearch.com\\\/de\\\/\"},{\"@type\":\"ListItem\",\"position\":2,\"name\":\"Products\",\"item\":\"https:\\\/\\\/www.lamresearch.com\\\/ko\\\/lam_products\\\/\"},{\"@type\":\"ListItem\",\"position\":3,\"name\":\"CORONUS Produktfamilie\"}]},{\"@type\":\"WebSite\",\"@id\":\"https:\\\/\\\/www.lamresearch.com\\\/#website\",\"url\":\"https:\\\/\\\/www.lamresearch.com\\\/\",\"name\":\"Lam Research\",\"description\":\"Engineering At The Atomic Scale\",\"publisher\":{\"@id\":\"https:\\\/\\\/www.lamresearch.com\\\/#organization\"},\"potentialAction\":[{\"@type\":\"SearchAction\",\"target\":{\"@type\":\"EntryPoint\",\"urlTemplate\":\"https:\\\/\\\/www.lamresearch.com\\\/?s={search_term_string}\"},\"query-input\":{\"@type\":\"PropertyValueSpecification\",\"valueRequired\":true,\"valueName\":\"search_term_string\"}}],\"inLanguage\":\"de-DE\"},{\"@type\":\"Organization\",\"@id\":\"https:\\\/\\\/www.lamresearch.com\\\/#organization\",\"name\":\"Lam Research\",\"url\":\"https:\\\/\\\/www.lamresearch.com\\\/\",\"logo\":{\"@type\":\"ImageObject\",\"inLanguage\":\"de-DE\",\"@id\":\"https:\\\/\\\/www.lamresearch.com\\\/#\\\/schema\\\/logo\\\/image\\\/\",\"url\":\"https:\\\/\\\/www.lamresearch.com\\\/wp-content\\\/uploads\\\/2021\\\/07\\\/lam_research_logo_corporate.png\",\"contentUrl\":\"https:\\\/\\\/www.lamresearch.com\\\/wp-content\\\/uploads\\\/2021\\\/07\\\/lam_research_logo_corporate.png\",\"width\":188,\"height\":30,\"caption\":\"Lam Research\"},\"image\":{\"@id\":\"https:\\\/\\\/www.lamresearch.com\\\/#\\\/schema\\\/logo\\\/image\\\/\"},\"sameAs\":[\"https:\\\/\\\/www.facebook.com\\\/LamResearchCorporation\",\"https:\\\/\\\/x.com\\\/lamresearch\",\"https:\\\/\\\/www.instagram.com\\\/lam_research\\\/\",\"https:\\\/\\\/www.linkedin.com\\\/company\\\/lam-research\",\"https:\\\/\\\/www.youtube.com\\\/user\\\/LamResearchCorp\"]}]}<\/script>\n<!-- \/ Yoast SEO plugin. -->","yoast_head_json":{"title":"CORONUS Produktfamilie - Lam Research","robots":{"index":"index","follow":"follow","max-snippet":"max-snippet:-1","max-image-preview":"max-image-preview:large","max-video-preview":"max-video-preview:-1"},"canonical":"https:\/\/www.lamresearch.com\/product\/coronus-product-family\/","og_locale":"de_DE","og_type":"article","og_title":"CORONUS Produktfamilie - Lam Research","og_description":"Der Schwerpunkt der Coronus-Systeme liegt auf der Schr\u00e4gkante und damit auf der Verbesserung der Ausbeute insgesamt. Die Halbleiterverarbeitung kann das Anh\u00e4ufen von R\u00fcckst\u00e4nden sowie die Entstehung rauer Oberfl\u00e4chen entlang dem Waferrand bewirken, von dem aus die R\u00fcckst\u00e4nde abbl\u00e4ttern, in andere Bereiche abdriften und Defekte verursachen k\u00f6nnen, die einen Ger\u00e4teausfall zur Folge haben. Coronus-\u00c4tzprodukte entfernen diese R\u00fcckst\u00e4nde auf den R\u00e4ndern und Coronus Deposition sch\u00fctzt den Waferrand vor Besch\u00e4digungen.","og_url":"https:\/\/www.lamresearch.com\/product\/coronus-product-family\/","og_site_name":"Lam Research","article_publisher":"https:\/\/www.facebook.com\/LamResearchCorporation","article_modified_time":"2023-05-10T22:20:13+00:00","og_image":[{"width":1920,"height":600,"url":"https:\/\/www.lamresearch.com\/wp-content\/uploads\/2017\/09\/Coronus_Products_1920x600.jpg","type":"image\/jpeg"}],"twitter_card":"summary_large_image","twitter_site":"@lamresearch","twitter_misc":{"Gesch\u00e4tzte Lesezeit":"1 Minute"},"schema":{"@context":"https:\/\/schema.org","@graph":[{"@type":"WebPage","@id":"https:\/\/www.lamresearch.com\/product\/coronus-product-family\/","url":"https:\/\/www.lamresearch.com\/product\/coronus-product-family\/","name":"CORONUS Produktfamilie - Lam Research","isPartOf":{"@id":"https:\/\/www.lamresearch.com\/#website"},"primaryImageOfPage":{"@id":"https:\/\/www.lamresearch.com\/product\/coronus-product-family\/#primaryimage"},"image":{"@id":"https:\/\/www.lamresearch.com\/product\/coronus-product-family\/#primaryimage"},"thumbnailUrl":"https:\/\/www.lamresearch.com\/wp-content\/uploads\/2017\/09\/Coronus_Products_1920x600.jpg","datePublished":"2017-09-07T21:30:23+00:00","dateModified":"2023-05-10T22:20:13+00:00","breadcrumb":{"@id":"https:\/\/www.lamresearch.com\/product\/coronus-product-family\/#breadcrumb"},"inLanguage":"de-DE","potentialAction":[{"@type":"ReadAction","target":["https:\/\/www.lamresearch.com\/product\/coronus-product-family\/"]}]},{"@type":"ImageObject","inLanguage":"de-DE","@id":"https:\/\/www.lamresearch.com\/product\/coronus-product-family\/#primaryimage","url":"https:\/\/www.lamresearch.com\/wp-content\/uploads\/2017\/09\/Coronus_Products_1920x600.jpg","contentUrl":"https:\/\/www.lamresearch.com\/wp-content\/uploads\/2017\/09\/Coronus_Products_1920x600.jpg","width":1920,"height":600},{"@type":"BreadcrumbList","@id":"https:\/\/www.lamresearch.com\/product\/coronus-product-family\/#breadcrumb","itemListElement":[{"@type":"ListItem","position":1,"name":"Home","item":"https:\/\/www.lamresearch.com\/de\/"},{"@type":"ListItem","position":2,"name":"Products","item":"https:\/\/www.lamresearch.com\/ko\/lam_products\/"},{"@type":"ListItem","position":3,"name":"CORONUS Produktfamilie"}]},{"@type":"WebSite","@id":"https:\/\/www.lamresearch.com\/#website","url":"https:\/\/www.lamresearch.com\/","name":"Lam Research","description":"Engineering At The Atomic Scale","publisher":{"@id":"https:\/\/www.lamresearch.com\/#organization"},"potentialAction":[{"@type":"SearchAction","target":{"@type":"EntryPoint","urlTemplate":"https:\/\/www.lamresearch.com\/?s={search_term_string}"},"query-input":{"@type":"PropertyValueSpecification","valueRequired":true,"valueName":"search_term_string"}}],"inLanguage":"de-DE"},{"@type":"Organization","@id":"https:\/\/www.lamresearch.com\/#organization","name":"Lam Research","url":"https:\/\/www.lamresearch.com\/","logo":{"@type":"ImageObject","inLanguage":"de-DE","@id":"https:\/\/www.lamresearch.com\/#\/schema\/logo\/image\/","url":"https:\/\/www.lamresearch.com\/wp-content\/uploads\/2021\/07\/lam_research_logo_corporate.png","contentUrl":"https:\/\/www.lamresearch.com\/wp-content\/uploads\/2021\/07\/lam_research_logo_corporate.png","width":188,"height":30,"caption":"Lam Research"},"image":{"@id":"https:\/\/www.lamresearch.com\/#\/schema\/logo\/image\/"},"sameAs":["https:\/\/www.facebook.com\/LamResearchCorporation","https:\/\/x.com\/lamresearch","https:\/\/www.instagram.com\/lam_research\/","https:\/\/www.linkedin.com\/company\/lam-research","https:\/\/www.youtube.com\/user\/LamResearchCorp"]}]}},"process_terms":[{"term_id":377,"name":"\u00c4tzen","slug":"etch-de","taxonomy":"process","parent":0,"order":0}],"solution_terms":[{"term_id":634,"name":"Advanced Packaging","slug":"advanced-packaging-de","taxonomy":"solution","parent":0,"order":0},{"term_id":315,"name":"Erweiterter Speicher","slug":"advanced-memory-de","taxonomy":"solution","parent":0,"order":0},{"term_id":330,"name":"Interconnect","slug":"interconnect-de","taxonomy":"solution","parent":0,"order":0},{"term_id":345,"name":"Strukturierung","slug":"patterning-de","taxonomy":"solution","parent":0,"order":0},{"term_id":352,"name":"Transistor","slug":"transistor-de","taxonomy":"solution","parent":0,"order":0}],"technology_terms":[{"term_id":270,"name":"Plasma Bevel Etch and Deposition","slug":"plasma-bevel-etch-deposition-de","taxonomy":"technology","parent":0,"order":0}],"industry_challenges":"<p>Chiphersteller konzentrieren sich zunehmend darauf, Kantenausschl\u00fcsse zu reduzieren, um die Anzahl von guten Chips am Rand des Wafers zu erh\u00f6hen \u2013 ein Umstand, der die Optimierung der Kanten zu einer hohen Priorit\u00e4t f\u00fcr Entwicklungsteams macht. Mechanische Abnutzung bzw. Beanspruchung der Filmschichten am Waferrand kann zur Abl\u00f6sung von Schichten und folglich zur einer Neuabsetzung an der Vorderseite des Wafers f\u00fchren, was m\u00f6glicherweise die Chipausbeute beeintr\u00e4chtigt. F\u00fcr die Immersionslithographie ist die Integrit\u00e4t des Randes von \u00e4u\u00dferster Wichtigkeit, da M\u00e4ngel, die der Rand aufweist, auf den Wafer \u00fcbertragen werden k\u00f6nnen und damit zur Verschlechterung der Ausbeute f\u00fchren. Reinigungs- oder Abscheidungsschritte, die auf den Waferrandbereich abzielen, k\u00f6nnen dabei helfen, den Waferrand als Ursache f\u00fcr Defekte, die die Ausbeute verringern, auszuschlie\u00dfen.<\/p>\n","key_benefits":["Verbesserte Ausbeute durch selektive Entfernung unerw\u00fcnschter Materialien vom Waferrand\r\n","Aktiver Schutz der Schaltungsbereiche durch propriet\u00e4re Plasmaeinschlie\u00dfungstechnologie\r\n","<i>Lokale&nbsp;<\/i> Entfernung von mehrlagigen Schichten und R\u00fcckst\u00e4nden, um hohe Produktivit\u00e4t zu gew\u00e4hrleisten\r\n","Konkurrenzloser Waferrand-Reinigungsprozess zur Entfernung von \u03b1-Kohlenstoff und kohlenstoffreicher Reste\r\n","Metallfilmentfernung zur Vermeidung von Lichtbogenbildung w\u00e4hrend nachfolgender Plasmaanwendungen \r\n","Beseitigung von Wafer-Bonding-Problemen wie Randabsplitterungen und Profil-Roll-off","Verhinderung von Substratsch\u00e4den am Rand w\u00e4hrend langer Nass\u00e4tzprozesse"],"product_offerings":["Coronus<sup>\u00ae<\/sup>","Coronus<sup>\u00ae<\/sup> HP","Coronus<sup>\u00ae<\/sup> DX"],"key_applications":["Nach\u00e4tzen f\u00fcr Grabenisolation (STI), Gate, Middle-of-Line (MOL) und Back-End-of-Line (BEOL)","Vor- und Nachabscheidung (Pre- and post-deposition)","Vorlithographie (Pre-lithography)","Metallschichtentfernung","F\u00fcllen des Bonding-Zwischenraums von Wafer zu Wafer","Kantenschutz beim Nass- und Trocken\u00e4tzen"],"featured_media_src":"https:\/\/www.lamresearch.com\/wp-content\/uploads\/2017\/09\/Coronus_Products_1920x600.jpg","drawer_background_image":{"id":10743,"src":"https:\/\/www.lamresearch.com\/wp-content\/uploads\/2017\/09\/Coronus_Products_1920x600.jpg"},"_links":{"self":[{"href":"https:\/\/www.lamresearch.com\/de\/wp-json\/wp\/v2\/product\/1793","targetHints":{"allow":["GET"]}}],"collection":[{"href":"https:\/\/www.lamresearch.com\/de\/wp-json\/wp\/v2\/product"}],"about":[{"href":"https:\/\/www.lamresearch.com\/de\/wp-json\/wp\/v2\/types\/product"}],"author":[{"embeddable":true,"href":"https:\/\/www.lamresearch.com\/de\/wp-json\/wp\/v2\/users\/31"}],"version-history":[{"count":0,"href":"https:\/\/www.lamresearch.com\/de\/wp-json\/wp\/v2\/product\/1793\/revisions"}],"wp:featuredmedia":[{"embeddable":true,"href":"https:\/\/www.lamresearch.com\/de\/wp-json\/wp\/v2\/media\/10743"}],"wp:attachment":[{"href":"https:\/\/www.lamresearch.com\/de\/wp-json\/wp\/v2\/media?parent=1793"}],"wp:term":[{"taxonomy":"process","embeddable":true,"href":"https:\/\/www.lamresearch.com\/de\/wp-json\/wp\/v2\/process?post=1793"},{"taxonomy":"solution","embeddable":true,"href":"https:\/\/www.lamresearch.com\/de\/wp-json\/wp\/v2\/solution?post=1793"},{"taxonomy":"technology","embeddable":true,"href":"https:\/\/www.lamresearch.com\/de\/wp-json\/wp\/v2\/technology?post=1793"}],"curies":[{"name":"wp","href":"https:\/\/api.w.org\/{rel}","templated":true}]}}