{"id":1833,"date":"2017-09-07T13:59:09","date_gmt":"2017-09-07T20:59:09","guid":{"rendered":"https:\/\/lamrstage.wpengine.com\/product\/kiyo-product-family\/"},"modified":"2021-07-26T00:28:48","modified_gmt":"2021-07-26T07:28:48","slug":"kiyo-product-family","status":"publish","type":"product","link":"https:\/\/www.lamresearch.com\/de\/product\/kiyo-product-family\/","title":{"rendered":"Kiyo PRODUKTFAMILIE"},"content":{"rendered":"<p>Das Leiter\u00e4tzen hilft, die elektrisch &#8222;aktiven&#8220; Materialien, die in den Teilen eines Halbleiterbauelements verwendet werden, zu formen. Selbst die kleinste Abweichung in diesen winzigen Strukturen kann einen elektrischen Mangel erzeugen, der die Leistung des Bauteils beeintr\u00e4chtigt. Tats\u00e4chlich sind diese Strukturen so winzig, dass \u00c4tzprozesse die Grenzen der Grundgesetze von Physik und Chemie \u00fcberschreiten.<\/p>\n<p>Lams Produktfamilie von Kiyo<sup>\u00ae<\/sup> liefert die Hochleistungsprozesse, die n\u00f6tig sind, um diese leitf\u00e4higen Bestandteile mit hoher Produktivit\u00e4t genau und best\u00e4ndig zu bilden. F\u00fcr einige Anwendungen sind ausgew\u00e4hlte Modelle auch \u00fcber unsere Reliant<sup>\u00ae<\/sup> &#8211; Systeme als general\u00fcberholte Produkte erh\u00e4ltlich, wodurch niedrigere Betriebskosten mit der gleichen Qualit\u00e4t und Leistung wie bei neuen Systemen erzielt werden.<\/p>\n","protected":false},"excerpt":{"rendered":"<p>Diese marktf\u00fchrenden Leiter\u00e4tzungsprodukte bieten h\u00f6chste Pr\u00e4zision und Kontrolle bei hoher Produktivit\u00e4t, die f\u00fcr kritische Ger\u00e4tefunktionen erforderlich sind.<\/p>\n","protected":false},"author":31,"featured_media":10774,"parent":0,"menu_order":153,"template":"","meta":{"_acf_changed":false,"_relevanssi_hide_post":"","_relevanssi_hide_content":"","_relevanssi_pin_for_all":"","_relevanssi_pin_keywords":"","_relevanssi_unpin_keywords":"","_relevanssi_related_keywords":"","_relevanssi_related_include_ids":"","_relevanssi_related_exclude_ids":"","_relevanssi_related_no_append":"","_relevanssi_related_not_related":"","_relevanssi_related_posts":"","_relevanssi_noindex_reason":"","footnotes":""},"process":[377],"solution":[321,325,315,330,349,345,352],"technology":[259],"class_list":["post-1833","product","type-product","status-publish","has-post-thumbnail","hentry","process-etch-de","solution-analog-mixed-signal-de","solution-discrete-power-devices-de","solution-advanced-memory-de","solution-interconnect-de","solution-sensors-transducers-de","solution-patterning-de","solution-transistor-de","technology-reactive-ion-etch-de"],"acf":[],"yoast_head":"<!-- This site is optimized with the Yoast SEO plugin v27.4 - https:\/\/yoast.com\/product\/yoast-seo-wordpress\/ -->\n<title>Kiyo PRODUKTFAMILIE - Lam Research<\/title>\n<meta name=\"robots\" content=\"index, follow, max-snippet:-1, max-image-preview:large, max-video-preview:-1\" \/>\n<link rel=\"canonical\" href=\"https:\/\/www.lamresearch.com\/product\/kiyo-product-family\/\" \/>\n<meta property=\"og:locale\" content=\"de_DE\" \/>\n<meta property=\"og:type\" content=\"article\" \/>\n<meta property=\"og:title\" content=\"Kiyo PRODUKTFAMILIE - Lam Research\" \/>\n<meta property=\"og:description\" content=\"Diese marktf\u00fchrenden Leiter\u00e4tzungsprodukte bieten h\u00f6chste Pr\u00e4zision und Kontrolle bei hoher Produktivit\u00e4t, die f\u00fcr kritische Ger\u00e4tefunktionen erforderlich sind.\" \/>\n<meta property=\"og:url\" content=\"https:\/\/www.lamresearch.com\/product\/kiyo-product-family\/\" \/>\n<meta property=\"og:site_name\" content=\"Lam Research\" \/>\n<meta property=\"article:publisher\" content=\"https:\/\/www.facebook.com\/LamResearchCorporation\" \/>\n<meta property=\"article:modified_time\" content=\"2021-07-26T07:28:48+00:00\" \/>\n<meta property=\"og:image\" content=\"https:\/\/www.lamresearch.com\/wp-content\/uploads\/2017\/09\/Kiyo_Products_1920x600.jpg\" \/>\n\t<meta property=\"og:image:width\" content=\"1920\" \/>\n\t<meta property=\"og:image:height\" content=\"600\" \/>\n\t<meta property=\"og:image:type\" content=\"image\/jpeg\" \/>\n<meta name=\"twitter:card\" content=\"summary_large_image\" \/>\n<meta name=\"twitter:site\" content=\"@lamresearch\" \/>\n<meta name=\"twitter:label1\" content=\"Gesch\u00e4tzte Lesezeit\" \/>\n\t<meta name=\"twitter:data1\" content=\"1 Minute\" \/>\n<script type=\"application\/ld+json\" class=\"yoast-schema-graph\">{\"@context\":\"https:\\\/\\\/schema.org\",\"@graph\":[{\"@type\":\"WebPage\",\"@id\":\"https:\\\/\\\/www.lamresearch.com\\\/product\\\/kiyo-product-family\\\/\",\"url\":\"https:\\\/\\\/www.lamresearch.com\\\/product\\\/kiyo-product-family\\\/\",\"name\":\"Kiyo PRODUKTFAMILIE - Lam Research\",\"isPartOf\":{\"@id\":\"https:\\\/\\\/www.lamresearch.com\\\/#website\"},\"primaryImageOfPage\":{\"@id\":\"https:\\\/\\\/www.lamresearch.com\\\/product\\\/kiyo-product-family\\\/#primaryimage\"},\"image\":{\"@id\":\"https:\\\/\\\/www.lamresearch.com\\\/product\\\/kiyo-product-family\\\/#primaryimage\"},\"thumbnailUrl\":\"https:\\\/\\\/www.lamresearch.com\\\/wp-content\\\/uploads\\\/2017\\\/09\\\/Kiyo_Products_1920x600.jpg\",\"datePublished\":\"2017-09-07T20:59:09+00:00\",\"dateModified\":\"2021-07-26T07:28:48+00:00\",\"breadcrumb\":{\"@id\":\"https:\\\/\\\/www.lamresearch.com\\\/product\\\/kiyo-product-family\\\/#breadcrumb\"},\"inLanguage\":\"de-DE\",\"potentialAction\":[{\"@type\":\"ReadAction\",\"target\":[\"https:\\\/\\\/www.lamresearch.com\\\/product\\\/kiyo-product-family\\\/\"]}]},{\"@type\":\"ImageObject\",\"inLanguage\":\"de-DE\",\"@id\":\"https:\\\/\\\/www.lamresearch.com\\\/product\\\/kiyo-product-family\\\/#primaryimage\",\"url\":\"https:\\\/\\\/www.lamresearch.com\\\/wp-content\\\/uploads\\\/2017\\\/09\\\/Kiyo_Products_1920x600.jpg\",\"contentUrl\":\"https:\\\/\\\/www.lamresearch.com\\\/wp-content\\\/uploads\\\/2017\\\/09\\\/Kiyo_Products_1920x600.jpg\",\"width\":1920,\"height\":600},{\"@type\":\"BreadcrumbList\",\"@id\":\"https:\\\/\\\/www.lamresearch.com\\\/product\\\/kiyo-product-family\\\/#breadcrumb\",\"itemListElement\":[{\"@type\":\"ListItem\",\"position\":1,\"name\":\"Home\",\"item\":\"https:\\\/\\\/www.lamresearch.com\\\/de\\\/\"},{\"@type\":\"ListItem\",\"position\":2,\"name\":\"Products\",\"item\":\"https:\\\/\\\/www.lamresearch.com\\\/ko\\\/lam_products\\\/\"},{\"@type\":\"ListItem\",\"position\":3,\"name\":\"Kiyo PRODUKTFAMILIE\"}]},{\"@type\":\"WebSite\",\"@id\":\"https:\\\/\\\/www.lamresearch.com\\\/#website\",\"url\":\"https:\\\/\\\/www.lamresearch.com\\\/\",\"name\":\"Lam Research\",\"description\":\"Engineering At The Atomic Scale\",\"publisher\":{\"@id\":\"https:\\\/\\\/www.lamresearch.com\\\/#organization\"},\"potentialAction\":[{\"@type\":\"SearchAction\",\"target\":{\"@type\":\"EntryPoint\",\"urlTemplate\":\"https:\\\/\\\/www.lamresearch.com\\\/?s={search_term_string}\"},\"query-input\":{\"@type\":\"PropertyValueSpecification\",\"valueRequired\":true,\"valueName\":\"search_term_string\"}}],\"inLanguage\":\"de-DE\"},{\"@type\":\"Organization\",\"@id\":\"https:\\\/\\\/www.lamresearch.com\\\/#organization\",\"name\":\"Lam Research\",\"url\":\"https:\\\/\\\/www.lamresearch.com\\\/\",\"logo\":{\"@type\":\"ImageObject\",\"inLanguage\":\"de-DE\",\"@id\":\"https:\\\/\\\/www.lamresearch.com\\\/#\\\/schema\\\/logo\\\/image\\\/\",\"url\":\"https:\\\/\\\/www.lamresearch.com\\\/wp-content\\\/uploads\\\/2021\\\/07\\\/lam_research_logo_corporate.png\",\"contentUrl\":\"https:\\\/\\\/www.lamresearch.com\\\/wp-content\\\/uploads\\\/2021\\\/07\\\/lam_research_logo_corporate.png\",\"width\":188,\"height\":30,\"caption\":\"Lam Research\"},\"image\":{\"@id\":\"https:\\\/\\\/www.lamresearch.com\\\/#\\\/schema\\\/logo\\\/image\\\/\"},\"sameAs\":[\"https:\\\/\\\/www.facebook.com\\\/LamResearchCorporation\",\"https:\\\/\\\/x.com\\\/lamresearch\",\"https:\\\/\\\/www.instagram.com\\\/lam_research\\\/\",\"https:\\\/\\\/www.linkedin.com\\\/company\\\/lam-research\",\"https:\\\/\\\/www.youtube.com\\\/user\\\/LamResearchCorp\"]}]}<\/script>\n<!-- \/ Yoast SEO plugin. -->","yoast_head_json":{"title":"Kiyo PRODUKTFAMILIE - Lam Research","robots":{"index":"index","follow":"follow","max-snippet":"max-snippet:-1","max-image-preview":"max-image-preview:large","max-video-preview":"max-video-preview:-1"},"canonical":"https:\/\/www.lamresearch.com\/product\/kiyo-product-family\/","og_locale":"de_DE","og_type":"article","og_title":"Kiyo PRODUKTFAMILIE - Lam Research","og_description":"Diese marktf\u00fchrenden Leiter\u00e4tzungsprodukte bieten h\u00f6chste Pr\u00e4zision und Kontrolle bei hoher Produktivit\u00e4t, die f\u00fcr kritische Ger\u00e4tefunktionen erforderlich sind.","og_url":"https:\/\/www.lamresearch.com\/product\/kiyo-product-family\/","og_site_name":"Lam Research","article_publisher":"https:\/\/www.facebook.com\/LamResearchCorporation","article_modified_time":"2021-07-26T07:28:48+00:00","og_image":[{"width":1920,"height":600,"url":"https:\/\/www.lamresearch.com\/wp-content\/uploads\/2017\/09\/Kiyo_Products_1920x600.jpg","type":"image\/jpeg"}],"twitter_card":"summary_large_image","twitter_site":"@lamresearch","twitter_misc":{"Gesch\u00e4tzte Lesezeit":"1 Minute"},"schema":{"@context":"https:\/\/schema.org","@graph":[{"@type":"WebPage","@id":"https:\/\/www.lamresearch.com\/product\/kiyo-product-family\/","url":"https:\/\/www.lamresearch.com\/product\/kiyo-product-family\/","name":"Kiyo PRODUKTFAMILIE - Lam Research","isPartOf":{"@id":"https:\/\/www.lamresearch.com\/#website"},"primaryImageOfPage":{"@id":"https:\/\/www.lamresearch.com\/product\/kiyo-product-family\/#primaryimage"},"image":{"@id":"https:\/\/www.lamresearch.com\/product\/kiyo-product-family\/#primaryimage"},"thumbnailUrl":"https:\/\/www.lamresearch.com\/wp-content\/uploads\/2017\/09\/Kiyo_Products_1920x600.jpg","datePublished":"2017-09-07T20:59:09+00:00","dateModified":"2021-07-26T07:28:48+00:00","breadcrumb":{"@id":"https:\/\/www.lamresearch.com\/product\/kiyo-product-family\/#breadcrumb"},"inLanguage":"de-DE","potentialAction":[{"@type":"ReadAction","target":["https:\/\/www.lamresearch.com\/product\/kiyo-product-family\/"]}]},{"@type":"ImageObject","inLanguage":"de-DE","@id":"https:\/\/www.lamresearch.com\/product\/kiyo-product-family\/#primaryimage","url":"https:\/\/www.lamresearch.com\/wp-content\/uploads\/2017\/09\/Kiyo_Products_1920x600.jpg","contentUrl":"https:\/\/www.lamresearch.com\/wp-content\/uploads\/2017\/09\/Kiyo_Products_1920x600.jpg","width":1920,"height":600},{"@type":"BreadcrumbList","@id":"https:\/\/www.lamresearch.com\/product\/kiyo-product-family\/#breadcrumb","itemListElement":[{"@type":"ListItem","position":1,"name":"Home","item":"https:\/\/www.lamresearch.com\/de\/"},{"@type":"ListItem","position":2,"name":"Products","item":"https:\/\/www.lamresearch.com\/ko\/lam_products\/"},{"@type":"ListItem","position":3,"name":"Kiyo PRODUKTFAMILIE"}]},{"@type":"WebSite","@id":"https:\/\/www.lamresearch.com\/#website","url":"https:\/\/www.lamresearch.com\/","name":"Lam Research","description":"Engineering At The Atomic Scale","publisher":{"@id":"https:\/\/www.lamresearch.com\/#organization"},"potentialAction":[{"@type":"SearchAction","target":{"@type":"EntryPoint","urlTemplate":"https:\/\/www.lamresearch.com\/?s={search_term_string}"},"query-input":{"@type":"PropertyValueSpecification","valueRequired":true,"valueName":"search_term_string"}}],"inLanguage":"de-DE"},{"@type":"Organization","@id":"https:\/\/www.lamresearch.com\/#organization","name":"Lam Research","url":"https:\/\/www.lamresearch.com\/","logo":{"@type":"ImageObject","inLanguage":"de-DE","@id":"https:\/\/www.lamresearch.com\/#\/schema\/logo\/image\/","url":"https:\/\/www.lamresearch.com\/wp-content\/uploads\/2021\/07\/lam_research_logo_corporate.png","contentUrl":"https:\/\/www.lamresearch.com\/wp-content\/uploads\/2021\/07\/lam_research_logo_corporate.png","width":188,"height":30,"caption":"Lam Research"},"image":{"@id":"https:\/\/www.lamresearch.com\/#\/schema\/logo\/image\/"},"sameAs":["https:\/\/www.facebook.com\/LamResearchCorporation","https:\/\/x.com\/lamresearch","https:\/\/www.instagram.com\/lam_research\/","https:\/\/www.linkedin.com\/company\/lam-research","https:\/\/www.youtube.com\/user\/LamResearchCorp"]}]}},"process_terms":[{"term_id":377,"name":"\u00c4tzen","slug":"etch-de","taxonomy":"process","parent":0,"order":0}],"solution_terms":[{"term_id":321,"name":"Analoge und gemischte Signale","slug":"analog-mixed-signal-de","taxonomy":"solution","parent":0,"order":0},{"term_id":325,"name":"Diskrete & Leistungsbauelemente","slug":"discrete-power-devices-de","taxonomy":"solution","parent":0,"order":0},{"term_id":315,"name":"Erweiterter Speicher","slug":"advanced-memory-de","taxonomy":"solution","parent":0,"order":0},{"term_id":330,"name":"Interconnect","slug":"interconnect-de","taxonomy":"solution","parent":0,"order":0},{"term_id":349,"name":"Sensoren und Wandler","slug":"sensors-transducers-de","taxonomy":"solution","parent":0,"order":0},{"term_id":345,"name":"Strukturierung","slug":"patterning-de","taxonomy":"solution","parent":0,"order":0},{"term_id":352,"name":"Transistor","slug":"transistor-de","taxonomy":"solution","parent":0,"order":0}],"technology_terms":[{"term_id":259,"name":"Reaktive Ionen\u00e4tzung (RIE)","slug":"reactive-ion-etch-de","taxonomy":"technology","parent":0,"order":0}],"industry_challenges":"<p>W\u00e4hrend die Halbleiterindustrie die Gr\u00f6\u00dfe kritischer Strukturen immer mehr senkt und die Leistung von Bauteilen immer weiter verbessert, bestehen die Anforderungen f\u00fcr das Leiter\u00e4tzen aus der Verarbeitung kleinerer Strukturen, neuer Materialien und neuer Transistorastrukturen auf dem Wafer. Aufgrund der Schrumpfung der Bauteile wird f\u00fcr das \u00c4tzverfahren nicht nur f\u00fcr jede Struktur, sondern auch f\u00fcr den gesamten Wafer eine Prozesskontrolle auf atomarer Ebene vorausgesetzt. Metallische Gate-Elektroden und High-k-Dielektrika im Bauteilstapel machen es notwendig, mehrere \u00fcbereinander liegende Schichten (Filme) zu \u00e4tzen. Modernste Chipdesigns erfordern \u00c4tzstrukturen, wie eingelassene Kan\u00e4le und 3D-Gate-Transistoren sowie konventionelle Planartransistoren. Dar\u00fcber hinaus erfordern Zweifach- und Vierfachstrukturierungstechniken, die Beschr\u00e4nkungen bei der Lithographie bei Strukturbreiten unter 20 nm angehen, \u00c4tzvorg\u00e4nge, welche die Muster auf dem Wafer definieren und zugleich auch vervielf\u00e4ltigen.<\/p>\n","key_benefits":["\u00dcberlegene Gleichm\u00e4\u00dfigkeit und Wiederholbarkeit durch symmetrisches Kammerdesign, branchenf\u00fchrende elektrostatische Scheibeneinspanntechnologie und unabh\u00e4ngige Prozessoptimierungsfunktionen\r\n","Hohe Produktivit\u00e4t mit niedriger Defektivit\u00e4t auf Mehrfachlackstapeln durch \u00c4tzung an Ort und Stelle, kontinuierliche Plasma- und fortschrittliche Waferless-Auto-Clean-Technologie\r\n","Verbesserte CD-Gleichf\u00f6rmigkeit basierend auf der firmeneigenen Hydra\u00ae-Technologie, die eintretende Musterabweichungen korrigiert\r\n","","Produktionsgeeignete Abweichungssteuerung auf atomarer Ebene durch plasma-unterst\u00fctzte ALE\r\n"],"product_offerings":["Versys<sup>\u00ae<\/sup> Kiyo<sup>\u00ae<\/sup>","Versys<sup>\u00ae<\/sup> Kiyo45\u2122","Kiyo<sup>\u00ae<\/sup> C Series","Kiyo<sup>\u00ae<\/sup> E Series","Kiyo<sup>\u00ae<\/sup> F Series"],"key_applications":["Shallow Trench Isolierung","Quell-\/Ablauf-Engineering","High-k-\/metallische Gate-Elektroden","FinFET und Tri-Gate","Zweifach- und Vierfachstrukturierung","3D NAND"],"featured_media_src":"https:\/\/www.lamresearch.com\/wp-content\/uploads\/2017\/09\/Kiyo_Products_1920x600.jpg","drawer_background_image":{"id":10774,"src":"https:\/\/www.lamresearch.com\/wp-content\/uploads\/2017\/09\/Kiyo_Products_1920x600.jpg"},"_links":{"self":[{"href":"https:\/\/www.lamresearch.com\/de\/wp-json\/wp\/v2\/product\/1833","targetHints":{"allow":["GET"]}}],"collection":[{"href":"https:\/\/www.lamresearch.com\/de\/wp-json\/wp\/v2\/product"}],"about":[{"href":"https:\/\/www.lamresearch.com\/de\/wp-json\/wp\/v2\/types\/product"}],"author":[{"embeddable":true,"href":"https:\/\/www.lamresearch.com\/de\/wp-json\/wp\/v2\/users\/31"}],"version-history":[{"count":0,"href":"https:\/\/www.lamresearch.com\/de\/wp-json\/wp\/v2\/product\/1833\/revisions"}],"wp:featuredmedia":[{"embeddable":true,"href":"https:\/\/www.lamresearch.com\/de\/wp-json\/wp\/v2\/media\/10774"}],"wp:attachment":[{"href":"https:\/\/www.lamresearch.com\/de\/wp-json\/wp\/v2\/media?parent=1833"}],"wp:term":[{"taxonomy":"process","embeddable":true,"href":"https:\/\/www.lamresearch.com\/de\/wp-json\/wp\/v2\/process?post=1833"},{"taxonomy":"solution","embeddable":true,"href":"https:\/\/www.lamresearch.com\/de\/wp-json\/wp\/v2\/solution?post=1833"},{"taxonomy":"technology","embeddable":true,"href":"https:\/\/www.lamresearch.com\/de\/wp-json\/wp\/v2\/technology?post=1833"}],"curies":[{"name":"wp","href":"https:\/\/api.w.org\/{rel}","templated":true}]}}