{"id":21732,"date":"2023-06-29T11:47:22","date_gmt":"2023-06-29T18:47:22","guid":{"rendered":"https:\/\/lamrstage.wpengine.com\/?post_type=product&#038;p=21732"},"modified":"2025-04-10T12:02:20","modified_gmt":"2025-04-10T19:02:20","slug":"pulsus-product-family","status":"publish","type":"product","link":"https:\/\/www.lamresearch.com\/de\/product\/pulsus-product-family\/","title":{"rendered":"Prestis\u2122"},"content":{"rendered":"<p>Die gepulste Laserabscheidung (PLD) ist ein sehr vielseitiges Verfahren zur Abscheidung von D\u00fcnnschichten, mit dem eine breite Palette moderner D\u00fcnnschichtmaterialien abgeschieden werden kann.\u202fAngesichts der heutigen Marktnachfrage nach verbesserten und neuen Materialsystemen erm\u00f6glicht PLD die Abscheidung von Schichten, die mit herk\u00f6mmlichen Technologien wie dem reaktiven Sputtern (PVD) praktisch nicht m\u00f6glich sind.<\/p>\n<p>Diese Abscheidungsl\u00f6sung erm\u00f6glicht ein fortschrittlicheres Bauteildesign und treibt die n\u00e4chste Generation von HF-Filtern f\u00fcr 5G, WiFi\u00a06 und 6E, High-End-MEMS-Mikrofone und andere MEMS-Anwendungen voran. Die PLD-Technologie wird st\u00e4ndig weiterentwickelt, um die Marktnachfrage nach neuen Materialsystemen f\u00fcr Anwendungen wie AR\/VR und Quantencomputing zu erf\u00fcllen. Als eines der f\u00fchrenden Unternehmen in der Halbleiterbranche beschleunigen wir das Innovationstempo durch technische Spitzenleistungen, um Chip-Herstellern bei der Entwicklung der Spezialtechnologien zu helfen, die unsere heutige Welt pr\u00e4gen.<\/p>\n","protected":false},"excerpt":{"rendered":"<p>Unsere Prestis\u2122 Produktfamilie bietet L\u00f6sungen f\u00fcr die D\u00fcnnschichtabscheidung einer breiten Palette komplexer Multielement-Materialien f\u00fcr Spezialtechnologie-Anwendungen.  <\/p>\n","protected":false},"author":31,"featured_media":22725,"parent":0,"menu_order":2,"template":"","meta":{"_acf_changed":false,"_relevanssi_hide_post":"","_relevanssi_hide_content":"","_relevanssi_pin_for_all":"","_relevanssi_pin_keywords":"","_relevanssi_unpin_keywords":"","_relevanssi_related_keywords":"","_relevanssi_related_include_ids":"","_relevanssi_related_exclude_ids":"","_relevanssi_related_no_append":"","_relevanssi_related_not_related":"","_relevanssi_related_posts":"","_relevanssi_noindex_reason":"","footnotes":""},"process":[361],"solution":[646,349],"technology":[647],"class_list":["post-21732","product","type-product","status-publish","has-post-thumbnail","hentry","process-deposition-de","solution-hf-mems","solution-sensors-transducers-de","technology-gepulste-laserabscheidung-pld"],"acf":[],"yoast_head":"<!-- This site is optimized with the Yoast SEO plugin v27.5 - https:\/\/yoast.com\/product\/yoast-seo-wordpress\/ -->\n<title>Prestis\u2122 - Lam Research<\/title>\n<meta name=\"robots\" content=\"index, follow, max-snippet:-1, max-image-preview:large, max-video-preview:-1\" \/>\n<link rel=\"canonical\" href=\"https:\/\/www.lamresearch.com\/product\/prestis-product-family\/\" \/>\n<meta property=\"og:locale\" content=\"de_DE\" \/>\n<meta property=\"og:type\" content=\"article\" \/>\n<meta property=\"og:title\" content=\"Prestis\u2122 - Lam Research\" \/>\n<meta property=\"og:description\" content=\"Unsere Prestis\u2122 Produktfamilie bietet L\u00f6sungen f\u00fcr die D\u00fcnnschichtabscheidung einer breiten Palette komplexer Multielement-Materialien f\u00fcr Spezialtechnologie-Anwendungen.\" \/>\n<meta property=\"og:url\" content=\"https:\/\/www.lamresearch.com\/product\/prestis-product-family\/\" \/>\n<meta property=\"og:site_name\" content=\"Lam Research\" \/>\n<meta property=\"article:publisher\" content=\"https:\/\/www.facebook.com\/LamResearchCorporation\" \/>\n<meta property=\"article:modified_time\" content=\"2025-04-10T19:02:20+00:00\" \/>\n<meta property=\"og:image\" content=\"https:\/\/www.lamresearch.com\/wp-content\/uploads\/2023\/06\/Pulsus_2560x890.jpg\" \/>\n\t<meta property=\"og:image:width\" content=\"2560\" \/>\n\t<meta property=\"og:image:height\" content=\"890\" \/>\n\t<meta property=\"og:image:type\" content=\"image\/jpeg\" \/>\n<meta name=\"twitter:card\" content=\"summary_large_image\" \/>\n<meta name=\"twitter:site\" content=\"@lamresearch\" \/>\n<meta name=\"twitter:label1\" content=\"Gesch\u00e4tzte Lesezeit\" \/>\n\t<meta name=\"twitter:data1\" content=\"1 Minute\" \/>\n<script type=\"application\/ld+json\" class=\"yoast-schema-graph\">{\"@context\":\"https:\\\/\\\/schema.org\",\"@graph\":[{\"@type\":\"WebPage\",\"@id\":\"https:\\\/\\\/www.lamresearch.com\\\/product\\\/prestis-product-family\\\/\",\"url\":\"https:\\\/\\\/www.lamresearch.com\\\/product\\\/prestis-product-family\\\/\",\"name\":\"Prestis\u2122 - Lam Research\",\"isPartOf\":{\"@id\":\"https:\\\/\\\/www.lamresearch.com\\\/#website\"},\"primaryImageOfPage\":{\"@id\":\"https:\\\/\\\/www.lamresearch.com\\\/product\\\/prestis-product-family\\\/#primaryimage\"},\"image\":{\"@id\":\"https:\\\/\\\/www.lamresearch.com\\\/product\\\/prestis-product-family\\\/#primaryimage\"},\"thumbnailUrl\":\"https:\\\/\\\/www.lamresearch.com\\\/wp-content\\\/uploads\\\/2023\\\/06\\\/Pulsus_2560x890.jpg\",\"datePublished\":\"2023-06-29T18:47:22+00:00\",\"dateModified\":\"2025-04-10T19:02:20+00:00\",\"breadcrumb\":{\"@id\":\"https:\\\/\\\/www.lamresearch.com\\\/product\\\/prestis-product-family\\\/#breadcrumb\"},\"inLanguage\":\"de-DE\",\"potentialAction\":[{\"@type\":\"ReadAction\",\"target\":[\"https:\\\/\\\/www.lamresearch.com\\\/product\\\/prestis-product-family\\\/\"]}]},{\"@type\":\"ImageObject\",\"inLanguage\":\"de-DE\",\"@id\":\"https:\\\/\\\/www.lamresearch.com\\\/product\\\/prestis-product-family\\\/#primaryimage\",\"url\":\"https:\\\/\\\/www.lamresearch.com\\\/wp-content\\\/uploads\\\/2023\\\/06\\\/Pulsus_2560x890.jpg\",\"contentUrl\":\"https:\\\/\\\/www.lamresearch.com\\\/wp-content\\\/uploads\\\/2023\\\/06\\\/Pulsus_2560x890.jpg\",\"width\":2560,\"height\":890},{\"@type\":\"BreadcrumbList\",\"@id\":\"https:\\\/\\\/www.lamresearch.com\\\/product\\\/prestis-product-family\\\/#breadcrumb\",\"itemListElement\":[{\"@type\":\"ListItem\",\"position\":1,\"name\":\"Home\",\"item\":\"https:\\\/\\\/www.lamresearch.com\\\/de\\\/\"},{\"@type\":\"ListItem\",\"position\":2,\"name\":\"Products\",\"item\":\"https:\\\/\\\/www.lamresearch.com\\\/ko\\\/lam_products\\\/\"},{\"@type\":\"ListItem\",\"position\":3,\"name\":\"Prestis\u2122\"}]},{\"@type\":\"WebSite\",\"@id\":\"https:\\\/\\\/www.lamresearch.com\\\/#website\",\"url\":\"https:\\\/\\\/www.lamresearch.com\\\/\",\"name\":\"Lam Research\",\"description\":\"Engineering At The Atomic Scale\",\"publisher\":{\"@id\":\"https:\\\/\\\/www.lamresearch.com\\\/#organization\"},\"potentialAction\":[{\"@type\":\"SearchAction\",\"target\":{\"@type\":\"EntryPoint\",\"urlTemplate\":\"https:\\\/\\\/www.lamresearch.com\\\/?s={search_term_string}\"},\"query-input\":{\"@type\":\"PropertyValueSpecification\",\"valueRequired\":true,\"valueName\":\"search_term_string\"}}],\"inLanguage\":\"de-DE\"},{\"@type\":\"Organization\",\"@id\":\"https:\\\/\\\/www.lamresearch.com\\\/#organization\",\"name\":\"Lam Research\",\"url\":\"https:\\\/\\\/www.lamresearch.com\\\/\",\"logo\":{\"@type\":\"ImageObject\",\"inLanguage\":\"de-DE\",\"@id\":\"https:\\\/\\\/www.lamresearch.com\\\/#\\\/schema\\\/logo\\\/image\\\/\",\"url\":\"https:\\\/\\\/www.lamresearch.com\\\/wp-content\\\/uploads\\\/2021\\\/07\\\/lam_research_logo_corporate.png\",\"contentUrl\":\"https:\\\/\\\/www.lamresearch.com\\\/wp-content\\\/uploads\\\/2021\\\/07\\\/lam_research_logo_corporate.png\",\"width\":188,\"height\":30,\"caption\":\"Lam Research\"},\"image\":{\"@id\":\"https:\\\/\\\/www.lamresearch.com\\\/#\\\/schema\\\/logo\\\/image\\\/\"},\"sameAs\":[\"https:\\\/\\\/www.facebook.com\\\/LamResearchCorporation\",\"https:\\\/\\\/x.com\\\/lamresearch\",\"https:\\\/\\\/www.instagram.com\\\/lam_research\\\/\",\"https:\\\/\\\/www.linkedin.com\\\/company\\\/lam-research\",\"https:\\\/\\\/www.youtube.com\\\/user\\\/LamResearchCorp\"]}]}<\/script>\n<!-- \/ Yoast SEO plugin. -->","yoast_head_json":{"title":"Prestis\u2122 - Lam Research","robots":{"index":"index","follow":"follow","max-snippet":"max-snippet:-1","max-image-preview":"max-image-preview:large","max-video-preview":"max-video-preview:-1"},"canonical":"https:\/\/www.lamresearch.com\/product\/prestis-product-family\/","og_locale":"de_DE","og_type":"article","og_title":"Prestis\u2122 - Lam Research","og_description":"Unsere Prestis\u2122 Produktfamilie bietet L\u00f6sungen f\u00fcr die D\u00fcnnschichtabscheidung einer breiten Palette komplexer Multielement-Materialien f\u00fcr Spezialtechnologie-Anwendungen.","og_url":"https:\/\/www.lamresearch.com\/product\/prestis-product-family\/","og_site_name":"Lam Research","article_publisher":"https:\/\/www.facebook.com\/LamResearchCorporation","article_modified_time":"2025-04-10T19:02:20+00:00","og_image":[{"width":2560,"height":890,"url":"https:\/\/www.lamresearch.com\/wp-content\/uploads\/2023\/06\/Pulsus_2560x890.jpg","type":"image\/jpeg"}],"twitter_card":"summary_large_image","twitter_site":"@lamresearch","twitter_misc":{"Gesch\u00e4tzte Lesezeit":"1 Minute"},"schema":{"@context":"https:\/\/schema.org","@graph":[{"@type":"WebPage","@id":"https:\/\/www.lamresearch.com\/product\/prestis-product-family\/","url":"https:\/\/www.lamresearch.com\/product\/prestis-product-family\/","name":"Prestis\u2122 - Lam Research","isPartOf":{"@id":"https:\/\/www.lamresearch.com\/#website"},"primaryImageOfPage":{"@id":"https:\/\/www.lamresearch.com\/product\/prestis-product-family\/#primaryimage"},"image":{"@id":"https:\/\/www.lamresearch.com\/product\/prestis-product-family\/#primaryimage"},"thumbnailUrl":"https:\/\/www.lamresearch.com\/wp-content\/uploads\/2023\/06\/Pulsus_2560x890.jpg","datePublished":"2023-06-29T18:47:22+00:00","dateModified":"2025-04-10T19:02:20+00:00","breadcrumb":{"@id":"https:\/\/www.lamresearch.com\/product\/prestis-product-family\/#breadcrumb"},"inLanguage":"de-DE","potentialAction":[{"@type":"ReadAction","target":["https:\/\/www.lamresearch.com\/product\/prestis-product-family\/"]}]},{"@type":"ImageObject","inLanguage":"de-DE","@id":"https:\/\/www.lamresearch.com\/product\/prestis-product-family\/#primaryimage","url":"https:\/\/www.lamresearch.com\/wp-content\/uploads\/2023\/06\/Pulsus_2560x890.jpg","contentUrl":"https:\/\/www.lamresearch.com\/wp-content\/uploads\/2023\/06\/Pulsus_2560x890.jpg","width":2560,"height":890},{"@type":"BreadcrumbList","@id":"https:\/\/www.lamresearch.com\/product\/prestis-product-family\/#breadcrumb","itemListElement":[{"@type":"ListItem","position":1,"name":"Home","item":"https:\/\/www.lamresearch.com\/de\/"},{"@type":"ListItem","position":2,"name":"Products","item":"https:\/\/www.lamresearch.com\/ko\/lam_products\/"},{"@type":"ListItem","position":3,"name":"Prestis\u2122"}]},{"@type":"WebSite","@id":"https:\/\/www.lamresearch.com\/#website","url":"https:\/\/www.lamresearch.com\/","name":"Lam Research","description":"Engineering At The Atomic Scale","publisher":{"@id":"https:\/\/www.lamresearch.com\/#organization"},"potentialAction":[{"@type":"SearchAction","target":{"@type":"EntryPoint","urlTemplate":"https:\/\/www.lamresearch.com\/?s={search_term_string}"},"query-input":{"@type":"PropertyValueSpecification","valueRequired":true,"valueName":"search_term_string"}}],"inLanguage":"de-DE"},{"@type":"Organization","@id":"https:\/\/www.lamresearch.com\/#organization","name":"Lam Research","url":"https:\/\/www.lamresearch.com\/","logo":{"@type":"ImageObject","inLanguage":"de-DE","@id":"https:\/\/www.lamresearch.com\/#\/schema\/logo\/image\/","url":"https:\/\/www.lamresearch.com\/wp-content\/uploads\/2021\/07\/lam_research_logo_corporate.png","contentUrl":"https:\/\/www.lamresearch.com\/wp-content\/uploads\/2021\/07\/lam_research_logo_corporate.png","width":188,"height":30,"caption":"Lam Research"},"image":{"@id":"https:\/\/www.lamresearch.com\/#\/schema\/logo\/image\/"},"sameAs":["https:\/\/www.facebook.com\/LamResearchCorporation","https:\/\/x.com\/lamresearch","https:\/\/www.instagram.com\/lam_research\/","https:\/\/www.linkedin.com\/company\/lam-research","https:\/\/www.youtube.com\/user\/LamResearchCorp"]}]}},"process_terms":[{"term_id":361,"name":"Abscheidung","slug":"deposition-de","taxonomy":"process","parent":0,"order":0}],"solution_terms":[{"term_id":646,"name":"HF MEMS","slug":"hf-mems","taxonomy":"solution","parent":0,"order":0},{"term_id":349,"name":"Sensoren und Wandler","slug":"sensors-transducers-de","taxonomy":"solution","parent":0,"order":0}],"technology_terms":[{"term_id":647,"name":"Gepulste Laserabscheidung (PLD)","slug":"gepulste-laserabscheidung-pld","taxonomy":"technology","parent":0,"order":0}],"industry_challenges":"<p>Die vielf\u00e4ltigen Anwendungen im Bereich Spezialtechnologien erfordern die Verarbeitung neu entwickelter Materialien. Ein solches Material ist Aluminium-Scandium-Nitrid (AlScN) mit hohem Scandiumgehalt. Mit dem Wachstum des 5G-Marktes stellt der Bedarf an Filtern f\u00fcr h\u00f6here Frequenzb\u00e4nder eine Herausforderung f\u00fcr die bestehenden Gro\u00dfserientechnologien dar. Um diese anspruchsvollen Anforderungen zu erf\u00fcllen, ist eine sehr vielseitige D\u00fcnnschichtabscheidungstechnologie erforderlich, die ein fortschrittlicheres Bauelementdesign erm\u00f6glicht.  Die Prestis\u2122 Produktfamilie von Lam erm\u00f6glicht die Massenproduktion von \u2265 40 % AlScN-Filmen.<\/p>\n<ul>\n<li>HF-Filter spielen eine entscheidende Rolle f\u00fcr die Leistung von 5G und WiFi\u00a06, da sie die Anzahl der Nutzer erh\u00f6hen, die ein Netzwerk bew\u00e4ltigen kann, und gleichzeitig die Geschwindigkeit der einzelnen Nutzer steigern. Der hohe Scandiumgehalt der Schicht verbessert die Leistung des HF-Filters durch Erh\u00f6hung des mechanischen Kopplungskoeffizienten.<\/li>\n<li>MEMS-Mikrofone werden wegen ihres hohen Signal-Rausch-Verh\u00e4ltnisses gesch\u00e4tzt, dank dem sie auch ged\u00e4mpfte T\u00f6ne genau erfassen k\u00f6nnen \u2013 unerl\u00e4sslich f\u00fcr Sprachsteuerungsfunktionen und Rauschunterdr\u00fcckung in 5G-f\u00e4higen Ger\u00e4ten.\u202fDer hohe Scandiumgehalt der Schicht verbessert das Signal-Rausch-Verh\u00e4ltnis, indem eine bessere Piezoleistung (e31,f) mit einem geringeren dielektrischen Verlust (tan d) kombiniert wird.<\/li>\n<\/ul>\n","key_benefits":["Vielseitigkeit bei der Abscheidung komplexer Materialien, insbesondere von Keramiken wie AlScN ","Hervorragende Schichtqualit\u00e4t, einschlie\u00dflich hoher piezoelektrischer Leistung mit geringen dielektrischen Verlusten ","Fortgeschrittene Schichtkontrolle, wie z.\u00a0B. das WiW Uniformity Tuning von Schichtdicke und Spannung","Nutzung der bestehenden installierten Basis von 2300<sup>\u00ae<\/sup> Transportmodulen zum Schaffen von Synergieeffekten mit anderen Lam-Produkten wie \u00c4tzl\u00f6sungen "],"product_offerings":["Prestis\u2122"],"key_applications":["AlScN-Schichten f\u00fcr RF-MEMS, MEMS-Mikrofone, piezoelektrische mikrobearbeitete Ultraschallwandler (PMUTs), Mikrolautsprecher "],"featured_media_src":"https:\/\/www.lamresearch.com\/wp-content\/uploads\/2023\/06\/Pulsus_2560x890.jpg","drawer_background_image":{"id":22725,"src":"https:\/\/www.lamresearch.com\/wp-content\/uploads\/2023\/06\/Pulsus_2560x890.jpg"},"_links":{"self":[{"href":"https:\/\/www.lamresearch.com\/de\/wp-json\/wp\/v2\/product\/21732","targetHints":{"allow":["GET"]}}],"collection":[{"href":"https:\/\/www.lamresearch.com\/de\/wp-json\/wp\/v2\/product"}],"about":[{"href":"https:\/\/www.lamresearch.com\/de\/wp-json\/wp\/v2\/types\/product"}],"author":[{"embeddable":true,"href":"https:\/\/www.lamresearch.com\/de\/wp-json\/wp\/v2\/users\/31"}],"version-history":[{"count":0,"href":"https:\/\/www.lamresearch.com\/de\/wp-json\/wp\/v2\/product\/21732\/revisions"}],"wp:featuredmedia":[{"embeddable":true,"href":"https:\/\/www.lamresearch.com\/de\/wp-json\/wp\/v2\/media\/22725"}],"wp:attachment":[{"href":"https:\/\/www.lamresearch.com\/de\/wp-json\/wp\/v2\/media?parent=21732"}],"wp:term":[{"taxonomy":"process","embeddable":true,"href":"https:\/\/www.lamresearch.com\/de\/wp-json\/wp\/v2\/process?post=21732"},{"taxonomy":"solution","embeddable":true,"href":"https:\/\/www.lamresearch.com\/de\/wp-json\/wp\/v2\/solution?post=21732"},{"taxonomy":"technology","embeddable":true,"href":"https:\/\/www.lamresearch.com\/de\/wp-json\/wp\/v2\/technology?post=21732"}],"curies":[{"name":"wp","href":"https:\/\/api.w.org\/{rel}","templated":true}]}}