{"id":22181,"date":"2023-12-12T16:59:44","date_gmt":"2023-12-13T00:59:44","guid":{"rendered":"https:\/\/lamrstage.wpengine.com\/?post_type=product&#038;p=22181"},"modified":"2023-12-12T16:59:44","modified_gmt":"2023-12-13T00:59:44","slug":"triton-product-family","status":"publish","type":"product","link":"https:\/\/www.lamresearch.com\/de\/product\/triton-product-family\/","title":{"rendered":"Triton-Produktfamilie"},"content":{"rendered":"<p>Die Triton-Plattform ist eine vielseitige und modulare L\u00f6sung f\u00fcr die Beschichtung einzelner Wafer sowie die Nassbearbeitung. Ihr Design macht dieses System zur ersten Wahl f\u00fcr die Forschung und Entwicklung. Zudem l\u00e4sst es sich erweitern, um die Produktion hoher St\u00fcckzahlen zu unterst\u00fctzen.<\/p>\n<p>Die Plattform erm\u00f6glicht die Verarbeitung von S\u00e4uren und L\u00f6sungsmitteln in einem System. Das macht Triton zu einer idealen L\u00f6sung, um verschiedene Prozessschritte auf kleinstem Raum durchzuf\u00fchren.<\/p>\n<p>Die elektrochemische Abscheidung mit patentierter Beschichtungstechnologie erm\u00f6glicht eine \u00fcberragende Gleichm\u00e4\u00dfigkeit und Ausbeute, die der wachsenden Marktnachfrage nach Feinleiter-Beschichtung entspricht.<\/p>\n","protected":false},"excerpt":{"rendered":"<p>Die Triton-Plattform ist eine vielseitige und modulare L\u00f6sung f\u00fcr die Beschichtung einzelner Wafer sowie die Nassbearbeitung.<\/p>\n","protected":false},"author":31,"featured_media":21926,"parent":0,"menu_order":0,"template":"","meta":{"_acf_changed":false,"_relevanssi_hide_post":"","_relevanssi_hide_content":"","_relevanssi_pin_for_all":"","_relevanssi_pin_keywords":"","_relevanssi_unpin_keywords":"","_relevanssi_related_keywords":"","_relevanssi_related_include_ids":"","_relevanssi_related_exclude_ids":"","_relevanssi_related_no_append":"","_relevanssi_related_not_related":"","_relevanssi_related_posts":"","_relevanssi_noindex_reason":"","footnotes":""},"process":[361,668,399],"solution":[634,321,669,325,315,670,333],"technology":[283,252],"class_list":["post-22181","product","type-product","status-publish","has-post-thumbnail","hentry","process-deposition-de","process-semsysco-de","process-strip-clean-de","solution-advanced-packaging-de","solution-analog-mixed-signal-de","solution-automobilindustrie","solution-discrete-power-devices-de","solution-advanced-memory-de","solution-mini-mikro-led","solution-optoelectronics-photonics-de","technology-electrochemical-deposition-ecd-de","technology-spin-wet-clean-de"],"acf":[],"yoast_head":"<!-- This site is optimized with the Yoast SEO plugin v27.4 - https:\/\/yoast.com\/product\/yoast-seo-wordpress\/ -->\n<title>Triton-Produktfamilie - Lam Research<\/title>\n<meta name=\"robots\" content=\"index, follow, max-snippet:-1, max-image-preview:large, max-video-preview:-1\" \/>\n<link rel=\"canonical\" href=\"https:\/\/www.lamresearch.com\/product\/triton-product-family\/\" \/>\n<meta property=\"og:locale\" content=\"de_DE\" \/>\n<meta property=\"og:type\" content=\"article\" \/>\n<meta property=\"og:title\" content=\"Triton-Produktfamilie - Lam Research\" \/>\n<meta property=\"og:description\" content=\"Die Triton-Plattform ist eine vielseitige und modulare L\u00f6sung f\u00fcr die Beschichtung einzelner Wafer sowie die Nassbearbeitung.\" \/>\n<meta property=\"og:url\" content=\"https:\/\/www.lamresearch.com\/product\/triton-product-family\/\" \/>\n<meta property=\"og:site_name\" content=\"Lam Research\" \/>\n<meta property=\"article:publisher\" content=\"https:\/\/www.facebook.com\/LamResearchCorporation\" \/>\n<meta property=\"og:image\" content=\"https:\/\/www.lamresearch.com\/wp-content\/uploads\/2023\/10\/Triton_1-1024x356.png\" \/>\n\t<meta property=\"og:image:width\" content=\"1024\" \/>\n\t<meta property=\"og:image:height\" content=\"356\" \/>\n\t<meta property=\"og:image:type\" content=\"image\/png\" \/>\n<meta name=\"twitter:card\" content=\"summary_large_image\" \/>\n<meta name=\"twitter:site\" content=\"@lamresearch\" \/>\n<meta name=\"twitter:label1\" content=\"Gesch\u00e4tzte Lesezeit\" \/>\n\t<meta name=\"twitter:data1\" content=\"1 Minute\" \/>\n<script type=\"application\/ld+json\" class=\"yoast-schema-graph\">{\"@context\":\"https:\\\/\\\/schema.org\",\"@graph\":[{\"@type\":\"WebPage\",\"@id\":\"https:\\\/\\\/www.lamresearch.com\\\/product\\\/triton-product-family\\\/\",\"url\":\"https:\\\/\\\/www.lamresearch.com\\\/product\\\/triton-product-family\\\/\",\"name\":\"Triton-Produktfamilie - Lam Research\",\"isPartOf\":{\"@id\":\"https:\\\/\\\/www.lamresearch.com\\\/#website\"},\"primaryImageOfPage\":{\"@id\":\"https:\\\/\\\/www.lamresearch.com\\\/product\\\/triton-product-family\\\/#primaryimage\"},\"image\":{\"@id\":\"https:\\\/\\\/www.lamresearch.com\\\/product\\\/triton-product-family\\\/#primaryimage\"},\"thumbnailUrl\":\"https:\\\/\\\/www.lamresearch.com\\\/wp-content\\\/uploads\\\/2023\\\/10\\\/Triton_1.png\",\"datePublished\":\"2023-12-13T00:59:44+00:00\",\"breadcrumb\":{\"@id\":\"https:\\\/\\\/www.lamresearch.com\\\/product\\\/triton-product-family\\\/#breadcrumb\"},\"inLanguage\":\"de-DE\",\"potentialAction\":[{\"@type\":\"ReadAction\",\"target\":[\"https:\\\/\\\/www.lamresearch.com\\\/product\\\/triton-product-family\\\/\"]}]},{\"@type\":\"ImageObject\",\"inLanguage\":\"de-DE\",\"@id\":\"https:\\\/\\\/www.lamresearch.com\\\/product\\\/triton-product-family\\\/#primaryimage\",\"url\":\"https:\\\/\\\/www.lamresearch.com\\\/wp-content\\\/uploads\\\/2023\\\/10\\\/Triton_1.png\",\"contentUrl\":\"https:\\\/\\\/www.lamresearch.com\\\/wp-content\\\/uploads\\\/2023\\\/10\\\/Triton_1.png\",\"width\":2560,\"height\":890},{\"@type\":\"BreadcrumbList\",\"@id\":\"https:\\\/\\\/www.lamresearch.com\\\/product\\\/triton-product-family\\\/#breadcrumb\",\"itemListElement\":[{\"@type\":\"ListItem\",\"position\":1,\"name\":\"Home\",\"item\":\"https:\\\/\\\/www.lamresearch.com\\\/de\\\/\"},{\"@type\":\"ListItem\",\"position\":2,\"name\":\"Products\",\"item\":\"https:\\\/\\\/www.lamresearch.com\\\/ko\\\/lam_products\\\/\"},{\"@type\":\"ListItem\",\"position\":3,\"name\":\"Triton-Produktfamilie\"}]},{\"@type\":\"WebSite\",\"@id\":\"https:\\\/\\\/www.lamresearch.com\\\/#website\",\"url\":\"https:\\\/\\\/www.lamresearch.com\\\/\",\"name\":\"Lam Research\",\"description\":\"Engineering At The Atomic Scale\",\"publisher\":{\"@id\":\"https:\\\/\\\/www.lamresearch.com\\\/#organization\"},\"potentialAction\":[{\"@type\":\"SearchAction\",\"target\":{\"@type\":\"EntryPoint\",\"urlTemplate\":\"https:\\\/\\\/www.lamresearch.com\\\/?s={search_term_string}\"},\"query-input\":{\"@type\":\"PropertyValueSpecification\",\"valueRequired\":true,\"valueName\":\"search_term_string\"}}],\"inLanguage\":\"de-DE\"},{\"@type\":\"Organization\",\"@id\":\"https:\\\/\\\/www.lamresearch.com\\\/#organization\",\"name\":\"Lam Research\",\"url\":\"https:\\\/\\\/www.lamresearch.com\\\/\",\"logo\":{\"@type\":\"ImageObject\",\"inLanguage\":\"de-DE\",\"@id\":\"https:\\\/\\\/www.lamresearch.com\\\/#\\\/schema\\\/logo\\\/image\\\/\",\"url\":\"https:\\\/\\\/www.lamresearch.com\\\/wp-content\\\/uploads\\\/2021\\\/07\\\/lam_research_logo_corporate.png\",\"contentUrl\":\"https:\\\/\\\/www.lamresearch.com\\\/wp-content\\\/uploads\\\/2021\\\/07\\\/lam_research_logo_corporate.png\",\"width\":188,\"height\":30,\"caption\":\"Lam Research\"},\"image\":{\"@id\":\"https:\\\/\\\/www.lamresearch.com\\\/#\\\/schema\\\/logo\\\/image\\\/\"},\"sameAs\":[\"https:\\\/\\\/www.facebook.com\\\/LamResearchCorporation\",\"https:\\\/\\\/x.com\\\/lamresearch\",\"https:\\\/\\\/www.instagram.com\\\/lam_research\\\/\",\"https:\\\/\\\/www.linkedin.com\\\/company\\\/lam-research\",\"https:\\\/\\\/www.youtube.com\\\/user\\\/LamResearchCorp\"]}]}<\/script>\n<!-- \/ Yoast SEO plugin. -->","yoast_head_json":{"title":"Triton-Produktfamilie - Lam Research","robots":{"index":"index","follow":"follow","max-snippet":"max-snippet:-1","max-image-preview":"max-image-preview:large","max-video-preview":"max-video-preview:-1"},"canonical":"https:\/\/www.lamresearch.com\/product\/triton-product-family\/","og_locale":"de_DE","og_type":"article","og_title":"Triton-Produktfamilie - Lam Research","og_description":"Die Triton-Plattform ist eine vielseitige und modulare L\u00f6sung f\u00fcr die Beschichtung einzelner Wafer sowie die Nassbearbeitung.","og_url":"https:\/\/www.lamresearch.com\/product\/triton-product-family\/","og_site_name":"Lam Research","article_publisher":"https:\/\/www.facebook.com\/LamResearchCorporation","og_image":[{"width":1024,"height":356,"url":"https:\/\/www.lamresearch.com\/wp-content\/uploads\/2023\/10\/Triton_1-1024x356.png","type":"image\/png"}],"twitter_card":"summary_large_image","twitter_site":"@lamresearch","twitter_misc":{"Gesch\u00e4tzte Lesezeit":"1 Minute"},"schema":{"@context":"https:\/\/schema.org","@graph":[{"@type":"WebPage","@id":"https:\/\/www.lamresearch.com\/product\/triton-product-family\/","url":"https:\/\/www.lamresearch.com\/product\/triton-product-family\/","name":"Triton-Produktfamilie - Lam Research","isPartOf":{"@id":"https:\/\/www.lamresearch.com\/#website"},"primaryImageOfPage":{"@id":"https:\/\/www.lamresearch.com\/product\/triton-product-family\/#primaryimage"},"image":{"@id":"https:\/\/www.lamresearch.com\/product\/triton-product-family\/#primaryimage"},"thumbnailUrl":"https:\/\/www.lamresearch.com\/wp-content\/uploads\/2023\/10\/Triton_1.png","datePublished":"2023-12-13T00:59:44+00:00","breadcrumb":{"@id":"https:\/\/www.lamresearch.com\/product\/triton-product-family\/#breadcrumb"},"inLanguage":"de-DE","potentialAction":[{"@type":"ReadAction","target":["https:\/\/www.lamresearch.com\/product\/triton-product-family\/"]}]},{"@type":"ImageObject","inLanguage":"de-DE","@id":"https:\/\/www.lamresearch.com\/product\/triton-product-family\/#primaryimage","url":"https:\/\/www.lamresearch.com\/wp-content\/uploads\/2023\/10\/Triton_1.png","contentUrl":"https:\/\/www.lamresearch.com\/wp-content\/uploads\/2023\/10\/Triton_1.png","width":2560,"height":890},{"@type":"BreadcrumbList","@id":"https:\/\/www.lamresearch.com\/product\/triton-product-family\/#breadcrumb","itemListElement":[{"@type":"ListItem","position":1,"name":"Home","item":"https:\/\/www.lamresearch.com\/de\/"},{"@type":"ListItem","position":2,"name":"Products","item":"https:\/\/www.lamresearch.com\/ko\/lam_products\/"},{"@type":"ListItem","position":3,"name":"Triton-Produktfamilie"}]},{"@type":"WebSite","@id":"https:\/\/www.lamresearch.com\/#website","url":"https:\/\/www.lamresearch.com\/","name":"Lam Research","description":"Engineering At The Atomic Scale","publisher":{"@id":"https:\/\/www.lamresearch.com\/#organization"},"potentialAction":[{"@type":"SearchAction","target":{"@type":"EntryPoint","urlTemplate":"https:\/\/www.lamresearch.com\/?s={search_term_string}"},"query-input":{"@type":"PropertyValueSpecification","valueRequired":true,"valueName":"search_term_string"}}],"inLanguage":"de-DE"},{"@type":"Organization","@id":"https:\/\/www.lamresearch.com\/#organization","name":"Lam Research","url":"https:\/\/www.lamresearch.com\/","logo":{"@type":"ImageObject","inLanguage":"de-DE","@id":"https:\/\/www.lamresearch.com\/#\/schema\/logo\/image\/","url":"https:\/\/www.lamresearch.com\/wp-content\/uploads\/2021\/07\/lam_research_logo_corporate.png","contentUrl":"https:\/\/www.lamresearch.com\/wp-content\/uploads\/2021\/07\/lam_research_logo_corporate.png","width":188,"height":30,"caption":"Lam Research"},"image":{"@id":"https:\/\/www.lamresearch.com\/#\/schema\/logo\/image\/"},"sameAs":["https:\/\/www.facebook.com\/LamResearchCorporation","https:\/\/x.com\/lamresearch","https:\/\/www.instagram.com\/lam_research\/","https:\/\/www.linkedin.com\/company\/lam-research","https:\/\/www.youtube.com\/user\/LamResearchCorp"]}]}},"process_terms":[{"term_id":361,"name":"Abscheidung","slug":"deposition-de","taxonomy":"process","parent":0,"order":0},{"term_id":668,"name":"SEMSYSCO","slug":"semsysco-de","taxonomy":"process","parent":0,"order":0},{"term_id":399,"name":"Strippen und Reinigen","slug":"strip-clean-de","taxonomy":"process","parent":0,"order":0}],"solution_terms":[{"term_id":634,"name":"Advanced Packaging","slug":"advanced-packaging-de","taxonomy":"solution","parent":0,"order":0},{"term_id":321,"name":"Analoge und gemischte Signale","slug":"analog-mixed-signal-de","taxonomy":"solution","parent":0,"order":0},{"term_id":669,"name":"Automobilindustrie","slug":"automobilindustrie","taxonomy":"solution","parent":0,"order":0},{"term_id":325,"name":"Diskrete & Leistungsbauelemente","slug":"discrete-power-devices-de","taxonomy":"solution","parent":0,"order":0},{"term_id":315,"name":"Erweiterter Speicher","slug":"advanced-memory-de","taxonomy":"solution","parent":0,"order":0},{"term_id":670,"name":"Mini\/Mikro-LED","slug":"mini-mikro-led","taxonomy":"solution","parent":0,"order":0},{"term_id":333,"name":"Optoelektronik und Photonik","slug":"optoelectronics-photonics-de","taxonomy":"solution","parent":0,"order":0}],"technology_terms":[{"term_id":283,"name":"Elektrochemische Abscheidung (ECD)","slug":"electrochemical-deposition-ecd-de","taxonomy":"technology","parent":0,"order":0},{"term_id":252,"name":"Nassreinigung\/Strippen\/\u00c4tzen","slug":"spin-wet-clean-de","taxonomy":"technology","parent":0,"order":0}],"industry_challenges":"<p>Zuk\u00fcnftige fortschrittliche Chip-Layouts erfordern Technologien, die eine kontinuierliche Verkleinerung der Feature-Designs unterst\u00fctzen. W\u00e4hrend der Erzeugung der Verbindungsschichten sorgen fortschrittliche Beschichtungsl\u00f6sungen f\u00fcr eine defektfreie Metallisierung.<\/p>\n<p>Die kontinuierliche Ausd\u00fcnnung des Barriere-\/Seed-Stapels zusammen mit der Schrumpfung der Leiterbahnbreite erfordert eine immer strengere Prozesskontrolle, um eine ausreichende Bottom-up-F\u00fcllrate zu erreichen und gleichzeitig die Seed-Schicht zu sch\u00fctzen. Das umfassende Spektrum an Funktionsgeometrien in einer einzigen Logikschicht erfordert ein breites Prozessfenster, um die ordnungsgem\u00e4\u00dfe F\u00fcllung von Strukturen mit gro\u00dfen Variationen in Bezug auf Seitenverh\u00e4ltnis, Seed-Abdeckung und Dichte zu gew\u00e4hrleisten.<\/p>\n","key_benefits":["Volle Modularit\u00e4t auf minimaler Grundfl\u00e4che \u2013 erweiterbare Plattform zur Unterst\u00fctzung der steigenden Nachfrage","Verarbeitung von 3-Zoll- bis 300-mm-Wafern, Flachplattenverarbeitung bis zu 300x300\u00a0mm","Verarbeitung von verschiedenen Substratgr\u00f6\u00dfen auf einer Plattform","Patentierte Hochgeschwindigkeits-Beschichtungstechnologie","Gleichm\u00e4\u00dfige Leistung beim Beschichten und \u00c4tzen","Endpunkt\u00fcberwachung f\u00fcr h\u00f6chste Produktqualit\u00e4t ","Bereit f\u00fcr ein Online-Dosier- und Chemikalien\u00fcberwachungssystem (intern\/extern)","Individuell an den gew\u00fcnschten Prozess und die Fertigungsumgebung angepasste Tool-Konfigurationen "],"product_offerings":["Triton CX ","Triton CM"],"key_applications":["Elektrochemische Abscheidung von Cu, Ni, SnAg, Au und anderen Stoffen auf Bumps, S\u00e4ulen, Pads, RDL, TSV, FLI ","Abl\u00f6sung","Metall-, UBM-, Oxid-\u00c4tzen","R\u00fcckseitiges Fasen-\u00c4tzen ","Fotolack-Strippen, Fotolack-Entwicklung"],"featured_media_src":"https:\/\/www.lamresearch.com\/wp-content\/uploads\/2023\/10\/Triton_1.png","drawer_background_image":{"id":21926,"src":"https:\/\/www.lamresearch.com\/wp-content\/uploads\/2023\/10\/Triton_1.png"},"_links":{"self":[{"href":"https:\/\/www.lamresearch.com\/de\/wp-json\/wp\/v2\/product\/22181","targetHints":{"allow":["GET"]}}],"collection":[{"href":"https:\/\/www.lamresearch.com\/de\/wp-json\/wp\/v2\/product"}],"about":[{"href":"https:\/\/www.lamresearch.com\/de\/wp-json\/wp\/v2\/types\/product"}],"author":[{"embeddable":true,"href":"https:\/\/www.lamresearch.com\/de\/wp-json\/wp\/v2\/users\/31"}],"version-history":[{"count":0,"href":"https:\/\/www.lamresearch.com\/de\/wp-json\/wp\/v2\/product\/22181\/revisions"}],"wp:featuredmedia":[{"embeddable":true,"href":"https:\/\/www.lamresearch.com\/de\/wp-json\/wp\/v2\/media\/21926"}],"wp:attachment":[{"href":"https:\/\/www.lamresearch.com\/de\/wp-json\/wp\/v2\/media?parent=22181"}],"wp:term":[{"taxonomy":"process","embeddable":true,"href":"https:\/\/www.lamresearch.com\/de\/wp-json\/wp\/v2\/process?post=22181"},{"taxonomy":"solution","embeddable":true,"href":"https:\/\/www.lamresearch.com\/de\/wp-json\/wp\/v2\/solution?post=22181"},{"taxonomy":"technology","embeddable":true,"href":"https:\/\/www.lamresearch.com\/de\/wp-json\/wp\/v2\/technology?post=22181"}],"curies":[{"name":"wp","href":"https:\/\/api.w.org\/{rel}","templated":true}]}}