{"id":22194,"date":"2023-10-27T15:35:42","date_gmt":"2023-10-27T22:35:42","guid":{"rendered":"https:\/\/lamrstage.wpengine.com\/?post_type=product&#038;p=22194"},"modified":"2024-05-03T10:04:42","modified_gmt":"2024-05-03T17:04:42","slug":"kallisto-product-family","status":"publish","type":"product","link":"https:\/\/www.lamresearch.com\/de\/product\/kallisto-product-family\/","title":{"rendered":"Kallisto-Produktfamilie"},"content":{"rendered":"<p>Eine fortschrittliche vertikale Verarbeitungsplattform f\u00fcr die nasschemische Behandlung von Substraten von 300 x 300\u00a0mm bis hin zu Gen\u00a05.1 (1100 x 1300\u00a0mm), die auf die Bed\u00fcrfnisse der Halbleiterbranche zugeschnitten ist.<\/p>\n<p>Inspiriert von der Leistung auf Waferebene bietet Kallisto ein breites Spektrum an Verarbeitungsm\u00f6glichkeiten, um die von KI, High-Performance-Computing und anderen Anwendungen vorangetriebenen Marktanforderungen der Zukunft zu erf\u00fcllen.<\/p>\n<p>Kallisto erm\u00f6glicht die Feinleiter-Beschichtung auf Strukturen &lt;\u00a010\u00a0\u00b5m auf verschiedenen Materialien, einschlie\u00dflich organischer und Glaskerntechnologien.<\/p>\n<p>Die Verarbeitung kann je nach Anwendung ein- oder beidseitig erfolgen.<\/p>\n","protected":false},"excerpt":{"rendered":"<p>Eine fortschrittliche vertikale Prozessplattform f\u00fcr die nasschemische Behandlung von Substraten von 300 x 300\u00a0mm bis hin zu Gen 5.1 (1100 x 1300\u00a0mm), die auf die Bed\u00fcrfnisse der Halbleiterindustrie zugeschnitten ist. <\/p>\n","protected":false},"author":31,"featured_media":21946,"parent":0,"menu_order":0,"template":"","meta":{"_acf_changed":false,"_relevanssi_hide_post":"","_relevanssi_hide_content":"","_relevanssi_pin_for_all":"","_relevanssi_pin_keywords":"","_relevanssi_unpin_keywords":"","_relevanssi_related_keywords":"","_relevanssi_related_include_ids":"","_relevanssi_related_exclude_ids":"","_relevanssi_related_no_append":"","_relevanssi_related_not_related":"","_relevanssi_related_posts":"","_relevanssi_noindex_reason":"","footnotes":""},"process":[361,696,668],"solution":[634,321,669,325,315,697,670,333,698],"technology":[283],"class_list":["post-22194","product","type-product","status-publish","has-post-thumbnail","hentry","process-deposition-de","process-plattenverarbeitung","process-semsysco-de","solution-advanced-packaging-de","solution-analog-mixed-signal-de","solution-automobilindustrie","solution-discrete-power-devices-de","solution-advanced-memory-de","solution-fortschrittliche-substrate","solution-mini-mikro-led","solution-optoelectronics-photonics-de","solution-panel-level-fanout-de","technology-electrochemical-deposition-ecd-de"],"acf":[],"yoast_head":"<!-- This site is optimized with the Yoast SEO plugin v27.4 - https:\/\/yoast.com\/product\/yoast-seo-wordpress\/ -->\n<title>Kallisto-Produktfamilie - Lam Research<\/title>\n<meta name=\"robots\" content=\"index, follow, max-snippet:-1, max-image-preview:large, max-video-preview:-1\" \/>\n<link rel=\"canonical\" href=\"https:\/\/www.lamresearch.com\/product\/kallisto-product-family\/\" \/>\n<meta property=\"og:locale\" content=\"de_DE\" \/>\n<meta property=\"og:type\" content=\"article\" \/>\n<meta property=\"og:title\" content=\"Kallisto-Produktfamilie - Lam Research\" \/>\n<meta property=\"og:description\" content=\"Eine fortschrittliche vertikale Prozessplattform f\u00fcr die nasschemische Behandlung von Substraten von 300 x 300\u00a0mm bis hin zu Gen 5.1 (1100 x 1300\u00a0mm), die auf die Bed\u00fcrfnisse der Halbleiterindustrie zugeschnitten ist.\" \/>\n<meta property=\"og:url\" content=\"https:\/\/www.lamresearch.com\/product\/kallisto-product-family\/\" \/>\n<meta property=\"og:site_name\" content=\"Lam Research\" \/>\n<meta property=\"article:publisher\" content=\"https:\/\/www.facebook.com\/LamResearchCorporation\" \/>\n<meta property=\"article:modified_time\" content=\"2024-05-03T17:04:42+00:00\" \/>\n<meta property=\"og:image\" content=\"https:\/\/www.lamresearch.com\/wp-content\/uploads\/2023\/10\/0S6A0271_2-1024x683.jpg\" \/>\n\t<meta property=\"og:image:width\" content=\"1024\" \/>\n\t<meta property=\"og:image:height\" content=\"683\" \/>\n\t<meta property=\"og:image:type\" content=\"image\/jpeg\" \/>\n<meta name=\"twitter:card\" content=\"summary_large_image\" \/>\n<meta name=\"twitter:site\" content=\"@lamresearch\" \/>\n<meta name=\"twitter:label1\" content=\"Gesch\u00e4tzte Lesezeit\" \/>\n\t<meta name=\"twitter:data1\" content=\"1 Minute\" \/>\n<script type=\"application\/ld+json\" class=\"yoast-schema-graph\">{\"@context\":\"https:\\\/\\\/schema.org\",\"@graph\":[{\"@type\":\"WebPage\",\"@id\":\"https:\\\/\\\/www.lamresearch.com\\\/product\\\/kallisto-product-family\\\/\",\"url\":\"https:\\\/\\\/www.lamresearch.com\\\/product\\\/kallisto-product-family\\\/\",\"name\":\"Kallisto-Produktfamilie - Lam Research\",\"isPartOf\":{\"@id\":\"https:\\\/\\\/www.lamresearch.com\\\/#website\"},\"primaryImageOfPage\":{\"@id\":\"https:\\\/\\\/www.lamresearch.com\\\/product\\\/kallisto-product-family\\\/#primaryimage\"},\"image\":{\"@id\":\"https:\\\/\\\/www.lamresearch.com\\\/product\\\/kallisto-product-family\\\/#primaryimage\"},\"thumbnailUrl\":\"https:\\\/\\\/www.lamresearch.com\\\/wp-content\\\/uploads\\\/2023\\\/10\\\/0S6A0271_2-e1698446493389.jpg\",\"datePublished\":\"2023-10-27T22:35:42+00:00\",\"dateModified\":\"2024-05-03T17:04:42+00:00\",\"breadcrumb\":{\"@id\":\"https:\\\/\\\/www.lamresearch.com\\\/product\\\/kallisto-product-family\\\/#breadcrumb\"},\"inLanguage\":\"de-DE\",\"potentialAction\":[{\"@type\":\"ReadAction\",\"target\":[\"https:\\\/\\\/www.lamresearch.com\\\/product\\\/kallisto-product-family\\\/\"]}]},{\"@type\":\"ImageObject\",\"inLanguage\":\"de-DE\",\"@id\":\"https:\\\/\\\/www.lamresearch.com\\\/product\\\/kallisto-product-family\\\/#primaryimage\",\"url\":\"https:\\\/\\\/www.lamresearch.com\\\/wp-content\\\/uploads\\\/2023\\\/10\\\/0S6A0271_2-e1698446493389.jpg\",\"contentUrl\":\"https:\\\/\\\/www.lamresearch.com\\\/wp-content\\\/uploads\\\/2023\\\/10\\\/0S6A0271_2-e1698446493389.jpg\",\"width\":8688,\"height\":5792},{\"@type\":\"BreadcrumbList\",\"@id\":\"https:\\\/\\\/www.lamresearch.com\\\/product\\\/kallisto-product-family\\\/#breadcrumb\",\"itemListElement\":[{\"@type\":\"ListItem\",\"position\":1,\"name\":\"Home\",\"item\":\"https:\\\/\\\/www.lamresearch.com\\\/de\\\/\"},{\"@type\":\"ListItem\",\"position\":2,\"name\":\"Products\",\"item\":\"https:\\\/\\\/www.lamresearch.com\\\/ko\\\/lam_products\\\/\"},{\"@type\":\"ListItem\",\"position\":3,\"name\":\"Kallisto-Produktfamilie\"}]},{\"@type\":\"WebSite\",\"@id\":\"https:\\\/\\\/www.lamresearch.com\\\/#website\",\"url\":\"https:\\\/\\\/www.lamresearch.com\\\/\",\"name\":\"Lam Research\",\"description\":\"Engineering At The Atomic Scale\",\"publisher\":{\"@id\":\"https:\\\/\\\/www.lamresearch.com\\\/#organization\"},\"potentialAction\":[{\"@type\":\"SearchAction\",\"target\":{\"@type\":\"EntryPoint\",\"urlTemplate\":\"https:\\\/\\\/www.lamresearch.com\\\/?s={search_term_string}\"},\"query-input\":{\"@type\":\"PropertyValueSpecification\",\"valueRequired\":true,\"valueName\":\"search_term_string\"}}],\"inLanguage\":\"de-DE\"},{\"@type\":\"Organization\",\"@id\":\"https:\\\/\\\/www.lamresearch.com\\\/#organization\",\"name\":\"Lam Research\",\"url\":\"https:\\\/\\\/www.lamresearch.com\\\/\",\"logo\":{\"@type\":\"ImageObject\",\"inLanguage\":\"de-DE\",\"@id\":\"https:\\\/\\\/www.lamresearch.com\\\/#\\\/schema\\\/logo\\\/image\\\/\",\"url\":\"https:\\\/\\\/www.lamresearch.com\\\/wp-content\\\/uploads\\\/2021\\\/07\\\/lam_research_logo_corporate.png\",\"contentUrl\":\"https:\\\/\\\/www.lamresearch.com\\\/wp-content\\\/uploads\\\/2021\\\/07\\\/lam_research_logo_corporate.png\",\"width\":188,\"height\":30,\"caption\":\"Lam Research\"},\"image\":{\"@id\":\"https:\\\/\\\/www.lamresearch.com\\\/#\\\/schema\\\/logo\\\/image\\\/\"},\"sameAs\":[\"https:\\\/\\\/www.facebook.com\\\/LamResearchCorporation\",\"https:\\\/\\\/x.com\\\/lamresearch\",\"https:\\\/\\\/www.instagram.com\\\/lam_research\\\/\",\"https:\\\/\\\/www.linkedin.com\\\/company\\\/lam-research\",\"https:\\\/\\\/www.youtube.com\\\/user\\\/LamResearchCorp\"]}]}<\/script>\n<!-- \/ Yoast SEO plugin. -->","yoast_head_json":{"title":"Kallisto-Produktfamilie - Lam Research","robots":{"index":"index","follow":"follow","max-snippet":"max-snippet:-1","max-image-preview":"max-image-preview:large","max-video-preview":"max-video-preview:-1"},"canonical":"https:\/\/www.lamresearch.com\/product\/kallisto-product-family\/","og_locale":"de_DE","og_type":"article","og_title":"Kallisto-Produktfamilie - Lam Research","og_description":"Eine fortschrittliche vertikale Prozessplattform f\u00fcr die nasschemische Behandlung von Substraten von 300 x 300\u00a0mm bis hin zu Gen 5.1 (1100 x 1300\u00a0mm), die auf die Bed\u00fcrfnisse der Halbleiterindustrie zugeschnitten ist.","og_url":"https:\/\/www.lamresearch.com\/product\/kallisto-product-family\/","og_site_name":"Lam Research","article_publisher":"https:\/\/www.facebook.com\/LamResearchCorporation","article_modified_time":"2024-05-03T17:04:42+00:00","og_image":[{"width":1024,"height":683,"url":"https:\/\/www.lamresearch.com\/wp-content\/uploads\/2023\/10\/0S6A0271_2-1024x683.jpg","type":"image\/jpeg"}],"twitter_card":"summary_large_image","twitter_site":"@lamresearch","twitter_misc":{"Gesch\u00e4tzte Lesezeit":"1 Minute"},"schema":{"@context":"https:\/\/schema.org","@graph":[{"@type":"WebPage","@id":"https:\/\/www.lamresearch.com\/product\/kallisto-product-family\/","url":"https:\/\/www.lamresearch.com\/product\/kallisto-product-family\/","name":"Kallisto-Produktfamilie - Lam Research","isPartOf":{"@id":"https:\/\/www.lamresearch.com\/#website"},"primaryImageOfPage":{"@id":"https:\/\/www.lamresearch.com\/product\/kallisto-product-family\/#primaryimage"},"image":{"@id":"https:\/\/www.lamresearch.com\/product\/kallisto-product-family\/#primaryimage"},"thumbnailUrl":"https:\/\/www.lamresearch.com\/wp-content\/uploads\/2023\/10\/0S6A0271_2-e1698446493389.jpg","datePublished":"2023-10-27T22:35:42+00:00","dateModified":"2024-05-03T17:04:42+00:00","breadcrumb":{"@id":"https:\/\/www.lamresearch.com\/product\/kallisto-product-family\/#breadcrumb"},"inLanguage":"de-DE","potentialAction":[{"@type":"ReadAction","target":["https:\/\/www.lamresearch.com\/product\/kallisto-product-family\/"]}]},{"@type":"ImageObject","inLanguage":"de-DE","@id":"https:\/\/www.lamresearch.com\/product\/kallisto-product-family\/#primaryimage","url":"https:\/\/www.lamresearch.com\/wp-content\/uploads\/2023\/10\/0S6A0271_2-e1698446493389.jpg","contentUrl":"https:\/\/www.lamresearch.com\/wp-content\/uploads\/2023\/10\/0S6A0271_2-e1698446493389.jpg","width":8688,"height":5792},{"@type":"BreadcrumbList","@id":"https:\/\/www.lamresearch.com\/product\/kallisto-product-family\/#breadcrumb","itemListElement":[{"@type":"ListItem","position":1,"name":"Home","item":"https:\/\/www.lamresearch.com\/de\/"},{"@type":"ListItem","position":2,"name":"Products","item":"https:\/\/www.lamresearch.com\/ko\/lam_products\/"},{"@type":"ListItem","position":3,"name":"Kallisto-Produktfamilie"}]},{"@type":"WebSite","@id":"https:\/\/www.lamresearch.com\/#website","url":"https:\/\/www.lamresearch.com\/","name":"Lam Research","description":"Engineering At The Atomic Scale","publisher":{"@id":"https:\/\/www.lamresearch.com\/#organization"},"potentialAction":[{"@type":"SearchAction","target":{"@type":"EntryPoint","urlTemplate":"https:\/\/www.lamresearch.com\/?s={search_term_string}"},"query-input":{"@type":"PropertyValueSpecification","valueRequired":true,"valueName":"search_term_string"}}],"inLanguage":"de-DE"},{"@type":"Organization","@id":"https:\/\/www.lamresearch.com\/#organization","name":"Lam Research","url":"https:\/\/www.lamresearch.com\/","logo":{"@type":"ImageObject","inLanguage":"de-DE","@id":"https:\/\/www.lamresearch.com\/#\/schema\/logo\/image\/","url":"https:\/\/www.lamresearch.com\/wp-content\/uploads\/2021\/07\/lam_research_logo_corporate.png","contentUrl":"https:\/\/www.lamresearch.com\/wp-content\/uploads\/2021\/07\/lam_research_logo_corporate.png","width":188,"height":30,"caption":"Lam Research"},"image":{"@id":"https:\/\/www.lamresearch.com\/#\/schema\/logo\/image\/"},"sameAs":["https:\/\/www.facebook.com\/LamResearchCorporation","https:\/\/x.com\/lamresearch","https:\/\/www.instagram.com\/lam_research\/","https:\/\/www.linkedin.com\/company\/lam-research","https:\/\/www.youtube.com\/user\/LamResearchCorp"]}]}},"process_terms":[{"term_id":361,"name":"Abscheidung","slug":"deposition-de","taxonomy":"process","parent":0,"order":0},{"term_id":696,"name":"Plattenverarbeitung","slug":"plattenverarbeitung","taxonomy":"process","parent":0,"order":0},{"term_id":668,"name":"SEMSYSCO","slug":"semsysco-de","taxonomy":"process","parent":0,"order":0}],"solution_terms":[{"term_id":634,"name":"Advanced Packaging","slug":"advanced-packaging-de","taxonomy":"solution","parent":0,"order":0},{"term_id":321,"name":"Analoge und gemischte Signale","slug":"analog-mixed-signal-de","taxonomy":"solution","parent":0,"order":0},{"term_id":669,"name":"Automobilindustrie","slug":"automobilindustrie","taxonomy":"solution","parent":0,"order":0},{"term_id":325,"name":"Diskrete & Leistungsbauelemente","slug":"discrete-power-devices-de","taxonomy":"solution","parent":0,"order":0},{"term_id":315,"name":"Erweiterter Speicher","slug":"advanced-memory-de","taxonomy":"solution","parent":0,"order":0},{"term_id":697,"name":"Fortschrittliche Substrate","slug":"fortschrittliche-substrate","taxonomy":"solution","parent":0,"order":0},{"term_id":670,"name":"Mini\/Mikro-LED","slug":"mini-mikro-led","taxonomy":"solution","parent":0,"order":0},{"term_id":333,"name":"Optoelektronik und Photonik","slug":"optoelectronics-photonics-de","taxonomy":"solution","parent":0,"order":0},{"term_id":698,"name":"Panel-Level Fanout","slug":"panel-level-fanout-de","taxonomy":"solution","parent":0,"order":0}],"technology_terms":[{"term_id":283,"name":"Elektrochemische Abscheidung (ECD)","slug":"electrochemical-deposition-ecd-de","taxonomy":"technology","parent":0,"order":0}],"industry_challenges":"<p>Advanced Packaging wird zur Unterst\u00fctzung der kontinuierlichen Skalierung \u00fcber Silizium hinaus immer wichtiger. Mehrere Ger\u00e4tehersteller und Fabless-Unternehmen setzen verst\u00e4rkt auf neuartige Chiplet-L\u00f6sungen, um die Leistungs- und Kostenanforderungen zu erf\u00fcllen. Dieser sich in zunehmendem Ma\u00df beschleunigende \u00dcbergang auf Chiplets erfordert neue Packaging-L\u00f6sungen und Innovationen im Substratmarktsegment. Da die traditionelle Siliziumskalierung an Kosten- und Technologiegrenzen st\u00f6\u00dft, setzen Unternehmen auf neuartige Chiplet- und heterogene Integrationsl\u00f6sungen. Zur Gew\u00e4hrleistung einer kontinuierliche Skalierung erfordern Substratl\u00f6sungen verschiedene Innovationen in puncto Prozessanlagen. Neben der Erf\u00fcllung der Anforderungen der Technologie-Roadmap m\u00fcssen die Anlagen auf Substratebene eine h\u00f6here Flexibilit\u00e4t aufweisen, um Platten aus verschiedenen Materialien und in verschiedenen Gr\u00f6\u00dfen zu verarbeiten. Dar\u00fcber hinaus sind eine hohe Produktivit\u00e4t und niedrige Betriebskosten f\u00fcr die Herstellung gro\u00dfer Mengen w\u00fcnschenswert.<\/p>\n","key_benefits":["Halb- und vollautomatische Systeme","Verarbeitung von 300x300\u00a0mm bis zu 1100x1300\u00a0mm (Gen5.1) gro\u00dfen Substraten","Verarbeitung von D\u00fcnnglas bis zu 200\u00a0\u00b5m","Gleichzeitige doppelseitige Bearbeitung von Platten","Oberfl\u00e4chenbehandlung vollst\u00e4ndig freiliegender Platten dank Vakuumspanntechnologie","Gleichm\u00e4\u00dfige Leistung beim Beschichten","Bereit f\u00fcr ein Online-Dosier- und Chemikalien\u00fcberwachungssystem (intern\/extern)","Flexible, auf die Produktionsumgebung zugeschnittene Tool-Gestaltung \u2013 optimiert f\u00fcr niedrige Betriebskosten"],"product_offerings":["Kallisto ECD CX\/CM (elektrochemische Abscheidung)"],"key_applications":["Elektrochemische Abscheidung von Cu, Ni, SnAg, Au und anderen Stoffen auf Bumps, S\u00e4ulen, Pads, RDL, TGV, FLI "],"featured_media_src":"https:\/\/www.lamresearch.com\/wp-content\/uploads\/2023\/10\/0S6A0271_2-e1698446493389.jpg","drawer_background_image":{"id":21946,"src":"https:\/\/www.lamresearch.com\/wp-content\/uploads\/2023\/10\/0S6A0271_2-e1698446493389.jpg"},"_links":{"self":[{"href":"https:\/\/www.lamresearch.com\/de\/wp-json\/wp\/v2\/product\/22194","targetHints":{"allow":["GET"]}}],"collection":[{"href":"https:\/\/www.lamresearch.com\/de\/wp-json\/wp\/v2\/product"}],"about":[{"href":"https:\/\/www.lamresearch.com\/de\/wp-json\/wp\/v2\/types\/product"}],"author":[{"embeddable":true,"href":"https:\/\/www.lamresearch.com\/de\/wp-json\/wp\/v2\/users\/31"}],"version-history":[{"count":0,"href":"https:\/\/www.lamresearch.com\/de\/wp-json\/wp\/v2\/product\/22194\/revisions"}],"wp:featuredmedia":[{"embeddable":true,"href":"https:\/\/www.lamresearch.com\/de\/wp-json\/wp\/v2\/media\/21946"}],"wp:attachment":[{"href":"https:\/\/www.lamresearch.com\/de\/wp-json\/wp\/v2\/media?parent=22194"}],"wp:term":[{"taxonomy":"process","embeddable":true,"href":"https:\/\/www.lamresearch.com\/de\/wp-json\/wp\/v2\/process?post=22194"},{"taxonomy":"solution","embeddable":true,"href":"https:\/\/www.lamresearch.com\/de\/wp-json\/wp\/v2\/solution?post=22194"},{"taxonomy":"technology","embeddable":true,"href":"https:\/\/www.lamresearch.com\/de\/wp-json\/wp\/v2\/technology?post=22194"}],"curies":[{"name":"wp","href":"https:\/\/api.w.org\/{rel}","templated":true}]}}