{"id":22199,"date":"2023-10-27T15:46:45","date_gmt":"2023-10-27T22:46:45","guid":{"rendered":"https:\/\/lamrstage.wpengine.com\/?post_type=product&#038;p=22199"},"modified":"2024-04-02T12:42:11","modified_gmt":"2024-04-02T19:42:11","slug":"phoenix-product-family","status":"publish","type":"product","link":"https:\/\/www.lamresearch.com\/de\/product\/phoenix-product-family\/","title":{"rendered":"Phoenix-Produktfamilie"},"content":{"rendered":"<p>Phoenix bietet eine vollautomatische Hochvolumen-Plattenverarbeitung f\u00fcr 510&#215;515\u00a0mm gro\u00dfe Substrate.<\/p>\n<p>Entwickelt mit dem Ziel, die Betriebskosten neu zu definieren, bietet Phoenix einzigartige Technologien in der Panel-Level-Packaging-Industrie sowie eine respektvolle Nutzung der Betriebsmittel.<\/p>\n<p>Inspiriert von der Leistung auf Waferebene bietet Phoenix L\u00f6sungen in den Bereichen Strippen, Entwicklung, \u00c4tzen und Beschichtung, um den zuk\u00fcnftigen Marktanforderungen gerecht zu werden, die durch KI, High-Performance-Computing und andere Anwendungen entstehen.<\/p>\n","protected":false},"excerpt":{"rendered":"<p>Phoenix bietet eine vollautomatische, hochvolumige Plattenverarbeitung f\u00fcr 510&#215;515\u00a0mm gro\u00dfe Substrate an.<\/p>\n","protected":false},"author":31,"featured_media":21953,"parent":0,"menu_order":0,"template":"","meta":{"_acf_changed":false,"_relevanssi_hide_post":"","_relevanssi_hide_content":"","_relevanssi_pin_for_all":"","_relevanssi_pin_keywords":"","_relevanssi_unpin_keywords":"","_relevanssi_related_keywords":"","_relevanssi_related_include_ids":"","_relevanssi_related_exclude_ids":"","_relevanssi_related_no_append":"","_relevanssi_related_not_related":"","_relevanssi_related_posts":"","_relevanssi_noindex_reason":"","footnotes":""},"process":[7,696,668,399],"solution":[634,321,669,325,315,697,670,333,698],"technology":[283,700,699,252],"class_list":["post-22199","product","type-product","status-publish","has-post-thumbnail","hentry","process-deposition","process-plattenverarbeitung","process-semsysco-de","process-strip-clean-de","solution-advanced-packaging-de","solution-analog-mixed-signal-de","solution-automobilindustrie","solution-discrete-power-devices-de","solution-advanced-memory-de","solution-fortschrittliche-substrate","solution-mini-mikro-led","solution-optoelectronics-photonics-de","solution-panel-level-fanout-de","technology-electrochemical-deposition-ecd-de","technology-fotolack-entwicklung","technology-fotolack-strippen","technology-spin-wet-clean-de"],"acf":[],"yoast_head":"<!-- This site is optimized with the Yoast SEO plugin v27.3 - https:\/\/yoast.com\/product\/yoast-seo-wordpress\/ -->\n<title>Phoenix-Produktfamilie - Lam Research<\/title>\n<meta name=\"robots\" content=\"index, follow, max-snippet:-1, max-image-preview:large, max-video-preview:-1\" \/>\n<link rel=\"canonical\" href=\"https:\/\/www.lamresearch.com\/product\/phoenix-product-family\/\" \/>\n<meta property=\"og:locale\" content=\"de_DE\" \/>\n<meta property=\"og:type\" content=\"article\" \/>\n<meta property=\"og:title\" content=\"Phoenix-Produktfamilie - Lam Research\" \/>\n<meta property=\"og:description\" content=\"Phoenix bietet eine vollautomatische, hochvolumige Plattenverarbeitung f\u00fcr 510x515\u00a0mm gro\u00dfe Substrate an.\" \/>\n<meta property=\"og:url\" content=\"https:\/\/www.lamresearch.com\/product\/phoenix-product-family\/\" \/>\n<meta property=\"og:site_name\" content=\"Lam Research\" \/>\n<meta property=\"article:publisher\" content=\"https:\/\/www.facebook.com\/LamResearchCorporation\" \/>\n<meta property=\"article:modified_time\" content=\"2024-04-02T19:42:11+00:00\" \/>\n<meta property=\"og:image\" content=\"https:\/\/www.lamresearch.com\/wp-content\/uploads\/2023\/10\/BM_semsysco_phoenix_0037-scaled.jpg\" \/>\n\t<meta property=\"og:image:width\" content=\"2560\" \/>\n\t<meta property=\"og:image:height\" content=\"1707\" \/>\n\t<meta property=\"og:image:type\" content=\"image\/jpeg\" \/>\n<meta name=\"twitter:card\" content=\"summary_large_image\" \/>\n<meta name=\"twitter:site\" content=\"@lamresearch\" \/>\n<meta name=\"twitter:label1\" content=\"Gesch\u00e4tzte Lesezeit\" \/>\n\t<meta name=\"twitter:data1\" content=\"1 Minute\" \/>\n<script type=\"application\/ld+json\" class=\"yoast-schema-graph\">{\"@context\":\"https:\\\/\\\/schema.org\",\"@graph\":[{\"@type\":\"WebPage\",\"@id\":\"https:\\\/\\\/www.lamresearch.com\\\/product\\\/phoenix-product-family\\\/\",\"url\":\"https:\\\/\\\/www.lamresearch.com\\\/product\\\/phoenix-product-family\\\/\",\"name\":\"Phoenix-Produktfamilie - Lam Research\",\"isPartOf\":{\"@id\":\"https:\\\/\\\/www.lamresearch.com\\\/#website\"},\"primaryImageOfPage\":{\"@id\":\"https:\\\/\\\/www.lamresearch.com\\\/product\\\/phoenix-product-family\\\/#primaryimage\"},\"image\":{\"@id\":\"https:\\\/\\\/www.lamresearch.com\\\/product\\\/phoenix-product-family\\\/#primaryimage\"},\"thumbnailUrl\":\"https:\\\/\\\/www.lamresearch.com\\\/wp-content\\\/uploads\\\/2023\\\/10\\\/BM_semsysco_phoenix_0037-scaled.jpg\",\"datePublished\":\"2023-10-27T22:46:45+00:00\",\"dateModified\":\"2024-04-02T19:42:11+00:00\",\"breadcrumb\":{\"@id\":\"https:\\\/\\\/www.lamresearch.com\\\/product\\\/phoenix-product-family\\\/#breadcrumb\"},\"inLanguage\":\"de-DE\",\"potentialAction\":[{\"@type\":\"ReadAction\",\"target\":[\"https:\\\/\\\/www.lamresearch.com\\\/product\\\/phoenix-product-family\\\/\"]}]},{\"@type\":\"ImageObject\",\"inLanguage\":\"de-DE\",\"@id\":\"https:\\\/\\\/www.lamresearch.com\\\/product\\\/phoenix-product-family\\\/#primaryimage\",\"url\":\"https:\\\/\\\/www.lamresearch.com\\\/wp-content\\\/uploads\\\/2023\\\/10\\\/BM_semsysco_phoenix_0037-scaled.jpg\",\"contentUrl\":\"https:\\\/\\\/www.lamresearch.com\\\/wp-content\\\/uploads\\\/2023\\\/10\\\/BM_semsysco_phoenix_0037-scaled.jpg\",\"width\":2560,\"height\":1707},{\"@type\":\"BreadcrumbList\",\"@id\":\"https:\\\/\\\/www.lamresearch.com\\\/product\\\/phoenix-product-family\\\/#breadcrumb\",\"itemListElement\":[{\"@type\":\"ListItem\",\"position\":1,\"name\":\"Home\",\"item\":\"https:\\\/\\\/www.lamresearch.com\\\/de\\\/\"},{\"@type\":\"ListItem\",\"position\":2,\"name\":\"Products\",\"item\":\"https:\\\/\\\/www.lamresearch.com\\\/ko\\\/lam_products\\\/\"},{\"@type\":\"ListItem\",\"position\":3,\"name\":\"Phoenix-Produktfamilie\"}]},{\"@type\":\"WebSite\",\"@id\":\"https:\\\/\\\/www.lamresearch.com\\\/#website\",\"url\":\"https:\\\/\\\/www.lamresearch.com\\\/\",\"name\":\"Lam Research\",\"description\":\"Engineering At The Atomic Scale\",\"publisher\":{\"@id\":\"https:\\\/\\\/www.lamresearch.com\\\/#organization\"},\"potentialAction\":[{\"@type\":\"SearchAction\",\"target\":{\"@type\":\"EntryPoint\",\"urlTemplate\":\"https:\\\/\\\/www.lamresearch.com\\\/?s={search_term_string}\"},\"query-input\":{\"@type\":\"PropertyValueSpecification\",\"valueRequired\":true,\"valueName\":\"search_term_string\"}}],\"inLanguage\":\"de-DE\"},{\"@type\":\"Organization\",\"@id\":\"https:\\\/\\\/www.lamresearch.com\\\/#organization\",\"name\":\"Lam Research\",\"url\":\"https:\\\/\\\/www.lamresearch.com\\\/\",\"logo\":{\"@type\":\"ImageObject\",\"inLanguage\":\"de-DE\",\"@id\":\"https:\\\/\\\/www.lamresearch.com\\\/#\\\/schema\\\/logo\\\/image\\\/\",\"url\":\"https:\\\/\\\/www.lamresearch.com\\\/wp-content\\\/uploads\\\/2021\\\/07\\\/lam_research_logo_corporate.png\",\"contentUrl\":\"https:\\\/\\\/www.lamresearch.com\\\/wp-content\\\/uploads\\\/2021\\\/07\\\/lam_research_logo_corporate.png\",\"width\":188,\"height\":30,\"caption\":\"Lam Research\"},\"image\":{\"@id\":\"https:\\\/\\\/www.lamresearch.com\\\/#\\\/schema\\\/logo\\\/image\\\/\"},\"sameAs\":[\"https:\\\/\\\/www.facebook.com\\\/LamResearchCorporation\",\"https:\\\/\\\/x.com\\\/lamresearch\",\"https:\\\/\\\/www.instagram.com\\\/lam_research\\\/\",\"https:\\\/\\\/www.linkedin.com\\\/company\\\/lam-research\",\"https:\\\/\\\/www.youtube.com\\\/user\\\/LamResearchCorp\"]}]}<\/script>\n<!-- \/ Yoast SEO plugin. -->","yoast_head_json":{"title":"Phoenix-Produktfamilie - Lam Research","robots":{"index":"index","follow":"follow","max-snippet":"max-snippet:-1","max-image-preview":"max-image-preview:large","max-video-preview":"max-video-preview:-1"},"canonical":"https:\/\/www.lamresearch.com\/product\/phoenix-product-family\/","og_locale":"de_DE","og_type":"article","og_title":"Phoenix-Produktfamilie - Lam Research","og_description":"Phoenix bietet eine vollautomatische, hochvolumige Plattenverarbeitung f\u00fcr 510x515\u00a0mm gro\u00dfe Substrate an.","og_url":"https:\/\/www.lamresearch.com\/product\/phoenix-product-family\/","og_site_name":"Lam Research","article_publisher":"https:\/\/www.facebook.com\/LamResearchCorporation","article_modified_time":"2024-04-02T19:42:11+00:00","og_image":[{"width":2560,"height":1707,"url":"https:\/\/www.lamresearch.com\/wp-content\/uploads\/2023\/10\/BM_semsysco_phoenix_0037-scaled.jpg","type":"image\/jpeg"}],"twitter_card":"summary_large_image","twitter_site":"@lamresearch","twitter_misc":{"Gesch\u00e4tzte Lesezeit":"1 Minute"},"schema":{"@context":"https:\/\/schema.org","@graph":[{"@type":"WebPage","@id":"https:\/\/www.lamresearch.com\/product\/phoenix-product-family\/","url":"https:\/\/www.lamresearch.com\/product\/phoenix-product-family\/","name":"Phoenix-Produktfamilie - Lam Research","isPartOf":{"@id":"https:\/\/www.lamresearch.com\/#website"},"primaryImageOfPage":{"@id":"https:\/\/www.lamresearch.com\/product\/phoenix-product-family\/#primaryimage"},"image":{"@id":"https:\/\/www.lamresearch.com\/product\/phoenix-product-family\/#primaryimage"},"thumbnailUrl":"https:\/\/www.lamresearch.com\/wp-content\/uploads\/2023\/10\/BM_semsysco_phoenix_0037-scaled.jpg","datePublished":"2023-10-27T22:46:45+00:00","dateModified":"2024-04-02T19:42:11+00:00","breadcrumb":{"@id":"https:\/\/www.lamresearch.com\/product\/phoenix-product-family\/#breadcrumb"},"inLanguage":"de-DE","potentialAction":[{"@type":"ReadAction","target":["https:\/\/www.lamresearch.com\/product\/phoenix-product-family\/"]}]},{"@type":"ImageObject","inLanguage":"de-DE","@id":"https:\/\/www.lamresearch.com\/product\/phoenix-product-family\/#primaryimage","url":"https:\/\/www.lamresearch.com\/wp-content\/uploads\/2023\/10\/BM_semsysco_phoenix_0037-scaled.jpg","contentUrl":"https:\/\/www.lamresearch.com\/wp-content\/uploads\/2023\/10\/BM_semsysco_phoenix_0037-scaled.jpg","width":2560,"height":1707},{"@type":"BreadcrumbList","@id":"https:\/\/www.lamresearch.com\/product\/phoenix-product-family\/#breadcrumb","itemListElement":[{"@type":"ListItem","position":1,"name":"Home","item":"https:\/\/www.lamresearch.com\/de\/"},{"@type":"ListItem","position":2,"name":"Products","item":"https:\/\/www.lamresearch.com\/ko\/lam_products\/"},{"@type":"ListItem","position":3,"name":"Phoenix-Produktfamilie"}]},{"@type":"WebSite","@id":"https:\/\/www.lamresearch.com\/#website","url":"https:\/\/www.lamresearch.com\/","name":"Lam Research","description":"Engineering At The Atomic Scale","publisher":{"@id":"https:\/\/www.lamresearch.com\/#organization"},"potentialAction":[{"@type":"SearchAction","target":{"@type":"EntryPoint","urlTemplate":"https:\/\/www.lamresearch.com\/?s={search_term_string}"},"query-input":{"@type":"PropertyValueSpecification","valueRequired":true,"valueName":"search_term_string"}}],"inLanguage":"de-DE"},{"@type":"Organization","@id":"https:\/\/www.lamresearch.com\/#organization","name":"Lam Research","url":"https:\/\/www.lamresearch.com\/","logo":{"@type":"ImageObject","inLanguage":"de-DE","@id":"https:\/\/www.lamresearch.com\/#\/schema\/logo\/image\/","url":"https:\/\/www.lamresearch.com\/wp-content\/uploads\/2021\/07\/lam_research_logo_corporate.png","contentUrl":"https:\/\/www.lamresearch.com\/wp-content\/uploads\/2021\/07\/lam_research_logo_corporate.png","width":188,"height":30,"caption":"Lam Research"},"image":{"@id":"https:\/\/www.lamresearch.com\/#\/schema\/logo\/image\/"},"sameAs":["https:\/\/www.facebook.com\/LamResearchCorporation","https:\/\/x.com\/lamresearch","https:\/\/www.instagram.com\/lam_research\/","https:\/\/www.linkedin.com\/company\/lam-research","https:\/\/www.youtube.com\/user\/LamResearchCorp"]}]}},"process_terms":[{"term_id":7,"name":"Deposition","slug":"deposition","taxonomy":"process","parent":0,"order":"1"},{"term_id":696,"name":"Plattenverarbeitung","slug":"plattenverarbeitung","taxonomy":"process","parent":0,"order":0},{"term_id":668,"name":"SEMSYSCO","slug":"semsysco-de","taxonomy":"process","parent":0,"order":0},{"term_id":399,"name":"Strippen und Reinigen","slug":"strip-clean-de","taxonomy":"process","parent":0,"order":0}],"solution_terms":[{"term_id":634,"name":"Advanced Packaging","slug":"advanced-packaging-de","taxonomy":"solution","parent":0,"order":0},{"term_id":321,"name":"Analoge und gemischte Signale","slug":"analog-mixed-signal-de","taxonomy":"solution","parent":0,"order":0},{"term_id":669,"name":"Automobilindustrie","slug":"automobilindustrie","taxonomy":"solution","parent":0,"order":0},{"term_id":325,"name":"Diskrete & Leistungsbauelemente","slug":"discrete-power-devices-de","taxonomy":"solution","parent":0,"order":0},{"term_id":315,"name":"Erweiterter Speicher","slug":"advanced-memory-de","taxonomy":"solution","parent":0,"order":0},{"term_id":697,"name":"Fortschrittliche Substrate","slug":"fortschrittliche-substrate","taxonomy":"solution","parent":0,"order":0},{"term_id":670,"name":"Mini\/Mikro-LED","slug":"mini-mikro-led","taxonomy":"solution","parent":0,"order":0},{"term_id":333,"name":"Optoelektronik und Photonik","slug":"optoelectronics-photonics-de","taxonomy":"solution","parent":0,"order":0},{"term_id":698,"name":"Panel-Level Fanout","slug":"panel-level-fanout-de","taxonomy":"solution","parent":0,"order":0}],"technology_terms":[{"term_id":283,"name":"Elektrochemische Abscheidung (ECD)","slug":"electrochemical-deposition-ecd-de","taxonomy":"technology","parent":0,"order":0},{"term_id":700,"name":"Fotolack-Entwicklung","slug":"fotolack-entwicklung","taxonomy":"technology","parent":0,"order":0},{"term_id":699,"name":"Fotolack-Strippen","slug":"fotolack-strippen","taxonomy":"technology","parent":0,"order":0},{"term_id":252,"name":"Nassreinigung\/Strippen\/\u00c4tzen","slug":"spin-wet-clean-de","taxonomy":"technology","parent":0,"order":0}],"industry_challenges":"<p>Advanced Packaging wird zur Unterst\u00fctzung der kontinuierlichen Skalierung \u00fcber Silizium hinaus immer wichtiger. Mehrere Ger\u00e4tehersteller und Fabless-Unternehmen setzen verst\u00e4rkt auf neuartige Chiplet-L\u00f6sungen, um die Leistungs- und Kostenanforderungen zu erf\u00fcllen. Dieser sich in zunehmendem Ma\u00df beschleunigende \u00dcbergang auf Chiplets erfordert neue Packaging-L\u00f6sungen und Innovationen im Substratmarktsegment. Da die traditionelle Siliziumskalierung an Kosten- und Technologiegrenzen st\u00f6\u00dft, setzen Unternehmen auf neuartige Chiplet- und heterogene Integrationsl\u00f6sungen. Zur Gew\u00e4hrleistung einer kontinuierliche Skalierung erfordern Substratl\u00f6sungen verschiedene Innovationen in puncto Prozessanlagen. Neben der Erf\u00fcllung der Anforderungen der Technologie-Roadmap m\u00fcssen die Anlagen auf Substratebene eine h\u00f6here Flexibilit\u00e4t aufweisen, um Platten aus verschiedenen Materialien und in verschiedenen Gr\u00f6\u00dfen zu verarbeiten. Dar\u00fcber hinaus sind eine hohe Produktivit\u00e4t und niedrige Betriebskosten f\u00fcr die Herstellung gro\u00dfer Mengen w\u00fcnschenswert.<\/p>\n","key_benefits":["Vollautomatisches System f\u00fcr gro\u00dfe Volumen","Verarbeitung von 510x515\u00a0mm gro\u00dfen Platten ","F\u00e4higkeit zur Bearbeitung von D\u00fcnnglas","Gleichzeitige doppelseitige Behandlung von Platten","Oberfl\u00e4chenbehandlung vollst\u00e4ndig freiliegender Platten dank Vakuumspanntechnologie","Gleichm\u00e4\u00dfige Leistung beim Beschichten und \u00c4tzen","Bereit f\u00fcr ein Online-Dosier- und Chemikalien\u00fcberwachungssystem (intern\/extern)","Flexible, auf die Produktionsumgebung zugeschnittene Tool-Gestaltung \u2013 optimiert f\u00fcr niedrige Betriebskosten"],"product_offerings":["Phoenix VRT (vertikale Fotolack-Behandlung)","Phoenix ECD (elektrochemische Abscheidung)","Phoenix VCA (vertikale Reinigungsanwendung)"],"key_applications":["Elektrochemische Abscheidung von Cu, Ni, SnAg, Au und anderen Stoffen auf Bumps, S\u00e4ulen, Pads, RDL, TGV, FLI","Metall-, UBM-, Oxid-\u00c4tzen","Fotolack-Strippen, Fotolack-Entwicklung"],"featured_media_src":"https:\/\/www.lamresearch.com\/wp-content\/uploads\/2023\/10\/BM_semsysco_phoenix_0037-scaled.jpg","drawer_background_image":{"id":21953,"src":"https:\/\/www.lamresearch.com\/wp-content\/uploads\/2023\/10\/BM_semsysco_phoenix_0037-scaled.jpg"},"_links":{"self":[{"href":"https:\/\/www.lamresearch.com\/de\/wp-json\/wp\/v2\/product\/22199","targetHints":{"allow":["GET"]}}],"collection":[{"href":"https:\/\/www.lamresearch.com\/de\/wp-json\/wp\/v2\/product"}],"about":[{"href":"https:\/\/www.lamresearch.com\/de\/wp-json\/wp\/v2\/types\/product"}],"author":[{"embeddable":true,"href":"https:\/\/www.lamresearch.com\/de\/wp-json\/wp\/v2\/users\/31"}],"version-history":[{"count":0,"href":"https:\/\/www.lamresearch.com\/de\/wp-json\/wp\/v2\/product\/22199\/revisions"}],"wp:featuredmedia":[{"embeddable":true,"href":"https:\/\/www.lamresearch.com\/de\/wp-json\/wp\/v2\/media\/21953"}],"wp:attachment":[{"href":"https:\/\/www.lamresearch.com\/de\/wp-json\/wp\/v2\/media?parent=22199"}],"wp:term":[{"taxonomy":"process","embeddable":true,"href":"https:\/\/www.lamresearch.com\/de\/wp-json\/wp\/v2\/process?post=22199"},{"taxonomy":"solution","embeddable":true,"href":"https:\/\/www.lamresearch.com\/de\/wp-json\/wp\/v2\/solution?post=22199"},{"taxonomy":"technology","embeddable":true,"href":"https:\/\/www.lamresearch.com\/de\/wp-json\/wp\/v2\/technology?post=22199"}],"curies":[{"name":"wp","href":"https:\/\/api.w.org\/{rel}","templated":true}]}}