{"id":22211,"date":"2023-09-05T12:45:37","date_gmt":"2023-09-05T19:45:37","guid":{"rendered":"https:\/\/lamrstage.wpengine.com\/product\/overviz\/"},"modified":"2025-10-20T10:47:06","modified_gmt":"2025-10-20T17:47:06","slug":"overviz","status":"publish","type":"product","link":"https:\/\/www.lamresearch.com\/de\/product\/overviz\/","title":{"rendered":"OverViz"},"content":{"rendered":"<p>VizGlow\u2122 ist ein industrielles Simulationswerkzeug f\u00fcr die realit\u00e4tsgetreue Modellierung von Nicht-Gleichgewichts-Plasmaentladungen. Als Teil der OverViz\u2122 Simulationssuite kann es vollst\u00e4ndig mit elektromagnetischen, Str\u00f6mungs- und kinetischen Teilchenmodellen gekoppelt werden, um L\u00f6sungen f\u00fcr eine Vielzahl komplexer Multiphysik-Probleme bereitzustellen. VizGlow wurde zur Analyse von Entladungen verwendet, die von Niederdruck-Plasmareaktoren bei einigen mTorr bis zu Hochdruck-Streamern bei 15 atm reichen \u2013 und das alles mit einem einzigen Solver. VizGlow ist vollst\u00e4ndig parallelisiert und kann zur Durchf\u00fchrung gro\u00dfer 3-D-Simulationen mit komplexen Geometrien eingesetzt werden.<\/p>\n","protected":false},"excerpt":{"rendered":"<p>OverViz\u2122 ist eine industrielle Simulationssoftwareplattform f\u00fcr die realit\u00e4tsgetreue Modellierung von Plasmaentladungen.<\/p>\n","protected":false},"author":31,"featured_media":21703,"parent":0,"menu_order":100,"template":"","meta":{"_acf_changed":false,"_relevanssi_hide_post":"","_relevanssi_hide_content":"","_relevanssi_pin_for_all":"","_relevanssi_pin_keywords":"","_relevanssi_unpin_keywords":"","_relevanssi_related_keywords":"","_relevanssi_related_include_ids":"","_relevanssi_related_exclude_ids":"","_relevanssi_related_no_append":"","_relevanssi_related_not_related":"","_relevanssi_related_posts":"","_relevanssi_noindex_reason":"","footnotes":""},"process":[719],"solution":[634,321,325,315,330,333,349,352],"technology":[714],"class_list":["post-22211","product","type-product","status-publish","has-post-thumbnail","hentry","process-semiverse-solutions-de","solution-advanced-packaging-de","solution-analog-mixed-signal-de","solution-discrete-power-devices-de","solution-advanced-memory-de","solution-interconnect-de","solution-optoelectronics-photonics-de","solution-sensors-transducers-de","solution-transistor-de","technology-plasma-modeling-de"],"acf":[],"yoast_head":"<!-- This site is optimized with the Yoast SEO plugin v27.4 - https:\/\/yoast.com\/product\/yoast-seo-wordpress\/ -->\n<title>OverViz - Lam Research<\/title>\n<meta name=\"robots\" content=\"index, follow, max-snippet:-1, max-image-preview:large, max-video-preview:-1\" \/>\n<link rel=\"canonical\" href=\"https:\/\/www.lamresearch.com\/product\/overviz\/\" \/>\n<meta property=\"og:locale\" content=\"de_DE\" \/>\n<meta property=\"og:type\" content=\"article\" \/>\n<meta property=\"og:title\" content=\"OverViz - Lam Research\" \/>\n<meta property=\"og:description\" content=\"OverViz\u2122 ist eine industrielle Simulationssoftwareplattform f\u00fcr die realit\u00e4tsgetreue Modellierung von Plasmaentladungen.\" \/>\n<meta property=\"og:url\" content=\"https:\/\/www.lamresearch.com\/product\/overviz\/\" \/>\n<meta property=\"og:site_name\" content=\"Lam Research\" \/>\n<meta property=\"article:publisher\" content=\"https:\/\/www.facebook.com\/LamResearchCorporation\" \/>\n<meta property=\"article:modified_time\" content=\"2025-10-20T17:47:06+00:00\" \/>\n<meta property=\"og:image\" content=\"https:\/\/www.lamresearch.com\/wp-content\/uploads\/2023\/09\/VizGlow-product-page-hero-banner-new.jpg\" \/>\n\t<meta property=\"og:image:width\" content=\"2560\" \/>\n\t<meta property=\"og:image:height\" content=\"890\" \/>\n\t<meta property=\"og:image:type\" content=\"image\/jpeg\" \/>\n<meta name=\"twitter:card\" content=\"summary_large_image\" \/>\n<meta name=\"twitter:site\" content=\"@lamresearch\" \/>\n<meta name=\"twitter:label1\" content=\"Gesch\u00e4tzte Lesezeit\" \/>\n\t<meta name=\"twitter:data1\" content=\"1 Minute\" \/>\n<script type=\"application\/ld+json\" class=\"yoast-schema-graph\">{\"@context\":\"https:\\\/\\\/schema.org\",\"@graph\":[{\"@type\":\"WebPage\",\"@id\":\"https:\\\/\\\/www.lamresearch.com\\\/product\\\/overviz\\\/\",\"url\":\"https:\\\/\\\/www.lamresearch.com\\\/product\\\/overviz\\\/\",\"name\":\"OverViz - Lam Research\",\"isPartOf\":{\"@id\":\"https:\\\/\\\/www.lamresearch.com\\\/#website\"},\"primaryImageOfPage\":{\"@id\":\"https:\\\/\\\/www.lamresearch.com\\\/product\\\/overviz\\\/#primaryimage\"},\"image\":{\"@id\":\"https:\\\/\\\/www.lamresearch.com\\\/product\\\/overviz\\\/#primaryimage\"},\"thumbnailUrl\":\"https:\\\/\\\/www.lamresearch.com\\\/wp-content\\\/uploads\\\/2023\\\/09\\\/VizGlow-product-page-hero-banner-new.jpg\",\"datePublished\":\"2023-09-05T19:45:37+00:00\",\"dateModified\":\"2025-10-20T17:47:06+00:00\",\"breadcrumb\":{\"@id\":\"https:\\\/\\\/www.lamresearch.com\\\/product\\\/overviz\\\/#breadcrumb\"},\"inLanguage\":\"de-DE\",\"potentialAction\":[{\"@type\":\"ReadAction\",\"target\":[\"https:\\\/\\\/www.lamresearch.com\\\/product\\\/overviz\\\/\"]}]},{\"@type\":\"ImageObject\",\"inLanguage\":\"de-DE\",\"@id\":\"https:\\\/\\\/www.lamresearch.com\\\/product\\\/overviz\\\/#primaryimage\",\"url\":\"https:\\\/\\\/www.lamresearch.com\\\/wp-content\\\/uploads\\\/2023\\\/09\\\/VizGlow-product-page-hero-banner-new.jpg\",\"contentUrl\":\"https:\\\/\\\/www.lamresearch.com\\\/wp-content\\\/uploads\\\/2023\\\/09\\\/VizGlow-product-page-hero-banner-new.jpg\",\"width\":2560,\"height\":890,\"caption\":\"VizGlow-product-page-hero-banner-new\"},{\"@type\":\"BreadcrumbList\",\"@id\":\"https:\\\/\\\/www.lamresearch.com\\\/product\\\/overviz\\\/#breadcrumb\",\"itemListElement\":[{\"@type\":\"ListItem\",\"position\":1,\"name\":\"Home\",\"item\":\"https:\\\/\\\/www.lamresearch.com\\\/de\\\/\"},{\"@type\":\"ListItem\",\"position\":2,\"name\":\"Products\",\"item\":\"https:\\\/\\\/www.lamresearch.com\\\/ko\\\/lam_products\\\/\"},{\"@type\":\"ListItem\",\"position\":3,\"name\":\"OverViz\"}]},{\"@type\":\"WebSite\",\"@id\":\"https:\\\/\\\/www.lamresearch.com\\\/#website\",\"url\":\"https:\\\/\\\/www.lamresearch.com\\\/\",\"name\":\"Lam Research\",\"description\":\"Engineering At The Atomic Scale\",\"publisher\":{\"@id\":\"https:\\\/\\\/www.lamresearch.com\\\/#organization\"},\"potentialAction\":[{\"@type\":\"SearchAction\",\"target\":{\"@type\":\"EntryPoint\",\"urlTemplate\":\"https:\\\/\\\/www.lamresearch.com\\\/?s={search_term_string}\"},\"query-input\":{\"@type\":\"PropertyValueSpecification\",\"valueRequired\":true,\"valueName\":\"search_term_string\"}}],\"inLanguage\":\"de-DE\"},{\"@type\":\"Organization\",\"@id\":\"https:\\\/\\\/www.lamresearch.com\\\/#organization\",\"name\":\"Lam Research\",\"url\":\"https:\\\/\\\/www.lamresearch.com\\\/\",\"logo\":{\"@type\":\"ImageObject\",\"inLanguage\":\"de-DE\",\"@id\":\"https:\\\/\\\/www.lamresearch.com\\\/#\\\/schema\\\/logo\\\/image\\\/\",\"url\":\"https:\\\/\\\/www.lamresearch.com\\\/wp-content\\\/uploads\\\/2021\\\/07\\\/lam_research_logo_corporate.png\",\"contentUrl\":\"https:\\\/\\\/www.lamresearch.com\\\/wp-content\\\/uploads\\\/2021\\\/07\\\/lam_research_logo_corporate.png\",\"width\":188,\"height\":30,\"caption\":\"Lam Research\"},\"image\":{\"@id\":\"https:\\\/\\\/www.lamresearch.com\\\/#\\\/schema\\\/logo\\\/image\\\/\"},\"sameAs\":[\"https:\\\/\\\/www.facebook.com\\\/LamResearchCorporation\",\"https:\\\/\\\/x.com\\\/lamresearch\",\"https:\\\/\\\/www.instagram.com\\\/lam_research\\\/\",\"https:\\\/\\\/www.linkedin.com\\\/company\\\/lam-research\",\"https:\\\/\\\/www.youtube.com\\\/user\\\/LamResearchCorp\"]}]}<\/script>\n<!-- \/ Yoast SEO plugin. -->","yoast_head_json":{"title":"OverViz - Lam Research","robots":{"index":"index","follow":"follow","max-snippet":"max-snippet:-1","max-image-preview":"max-image-preview:large","max-video-preview":"max-video-preview:-1"},"canonical":"https:\/\/www.lamresearch.com\/product\/overviz\/","og_locale":"de_DE","og_type":"article","og_title":"OverViz - Lam Research","og_description":"OverViz\u2122 ist eine industrielle Simulationssoftwareplattform f\u00fcr die realit\u00e4tsgetreue Modellierung von Plasmaentladungen.","og_url":"https:\/\/www.lamresearch.com\/product\/overviz\/","og_site_name":"Lam Research","article_publisher":"https:\/\/www.facebook.com\/LamResearchCorporation","article_modified_time":"2025-10-20T17:47:06+00:00","og_image":[{"width":2560,"height":890,"url":"https:\/\/www.lamresearch.com\/wp-content\/uploads\/2023\/09\/VizGlow-product-page-hero-banner-new.jpg","type":"image\/jpeg"}],"twitter_card":"summary_large_image","twitter_site":"@lamresearch","twitter_misc":{"Gesch\u00e4tzte Lesezeit":"1 Minute"},"schema":{"@context":"https:\/\/schema.org","@graph":[{"@type":"WebPage","@id":"https:\/\/www.lamresearch.com\/product\/overviz\/","url":"https:\/\/www.lamresearch.com\/product\/overviz\/","name":"OverViz - Lam Research","isPartOf":{"@id":"https:\/\/www.lamresearch.com\/#website"},"primaryImageOfPage":{"@id":"https:\/\/www.lamresearch.com\/product\/overviz\/#primaryimage"},"image":{"@id":"https:\/\/www.lamresearch.com\/product\/overviz\/#primaryimage"},"thumbnailUrl":"https:\/\/www.lamresearch.com\/wp-content\/uploads\/2023\/09\/VizGlow-product-page-hero-banner-new.jpg","datePublished":"2023-09-05T19:45:37+00:00","dateModified":"2025-10-20T17:47:06+00:00","breadcrumb":{"@id":"https:\/\/www.lamresearch.com\/product\/overviz\/#breadcrumb"},"inLanguage":"de-DE","potentialAction":[{"@type":"ReadAction","target":["https:\/\/www.lamresearch.com\/product\/overviz\/"]}]},{"@type":"ImageObject","inLanguage":"de-DE","@id":"https:\/\/www.lamresearch.com\/product\/overviz\/#primaryimage","url":"https:\/\/www.lamresearch.com\/wp-content\/uploads\/2023\/09\/VizGlow-product-page-hero-banner-new.jpg","contentUrl":"https:\/\/www.lamresearch.com\/wp-content\/uploads\/2023\/09\/VizGlow-product-page-hero-banner-new.jpg","width":2560,"height":890,"caption":"VizGlow-product-page-hero-banner-new"},{"@type":"BreadcrumbList","@id":"https:\/\/www.lamresearch.com\/product\/overviz\/#breadcrumb","itemListElement":[{"@type":"ListItem","position":1,"name":"Home","item":"https:\/\/www.lamresearch.com\/de\/"},{"@type":"ListItem","position":2,"name":"Products","item":"https:\/\/www.lamresearch.com\/ko\/lam_products\/"},{"@type":"ListItem","position":3,"name":"OverViz"}]},{"@type":"WebSite","@id":"https:\/\/www.lamresearch.com\/#website","url":"https:\/\/www.lamresearch.com\/","name":"Lam Research","description":"Engineering At The Atomic Scale","publisher":{"@id":"https:\/\/www.lamresearch.com\/#organization"},"potentialAction":[{"@type":"SearchAction","target":{"@type":"EntryPoint","urlTemplate":"https:\/\/www.lamresearch.com\/?s={search_term_string}"},"query-input":{"@type":"PropertyValueSpecification","valueRequired":true,"valueName":"search_term_string"}}],"inLanguage":"de-DE"},{"@type":"Organization","@id":"https:\/\/www.lamresearch.com\/#organization","name":"Lam Research","url":"https:\/\/www.lamresearch.com\/","logo":{"@type":"ImageObject","inLanguage":"de-DE","@id":"https:\/\/www.lamresearch.com\/#\/schema\/logo\/image\/","url":"https:\/\/www.lamresearch.com\/wp-content\/uploads\/2021\/07\/lam_research_logo_corporate.png","contentUrl":"https:\/\/www.lamresearch.com\/wp-content\/uploads\/2021\/07\/lam_research_logo_corporate.png","width":188,"height":30,"caption":"Lam Research"},"image":{"@id":"https:\/\/www.lamresearch.com\/#\/schema\/logo\/image\/"},"sameAs":["https:\/\/www.facebook.com\/LamResearchCorporation","https:\/\/x.com\/lamresearch","https:\/\/www.instagram.com\/lam_research\/","https:\/\/www.linkedin.com\/company\/lam-research","https:\/\/www.youtube.com\/user\/LamResearchCorp"]}]}},"process_terms":[{"term_id":719,"name":"Semiverse Solutions","slug":"semiverse-solutions-de","taxonomy":"process","parent":0,"order":0}],"solution_terms":[{"term_id":634,"name":"Advanced Packaging","slug":"advanced-packaging-de","taxonomy":"solution","parent":0,"order":0},{"term_id":321,"name":"Analoge und gemischte Signale","slug":"analog-mixed-signal-de","taxonomy":"solution","parent":0,"order":0},{"term_id":325,"name":"Diskrete & Leistungsbauelemente","slug":"discrete-power-devices-de","taxonomy":"solution","parent":0,"order":0},{"term_id":315,"name":"Erweiterter Speicher","slug":"advanced-memory-de","taxonomy":"solution","parent":0,"order":0},{"term_id":330,"name":"Interconnect","slug":"interconnect-de","taxonomy":"solution","parent":0,"order":0},{"term_id":333,"name":"Optoelektronik und Photonik","slug":"optoelectronics-photonics-de","taxonomy":"solution","parent":0,"order":0},{"term_id":349,"name":"Sensoren und Wandler","slug":"sensors-transducers-de","taxonomy":"solution","parent":0,"order":0},{"term_id":352,"name":"Transistor","slug":"transistor-de","taxonomy":"solution","parent":0,"order":0}],"technology_terms":[{"term_id":714,"name":"Plasmamodellierung","slug":"plasma-modeling-de","taxonomy":"technology","parent":0,"order":0}],"industry_challenges":"<p>Benutzer von Plasmasimulatoren stehen st\u00e4ndig vor der Herausforderung, das richtige Modell f\u00fcr ein bestimmtes Plasmaproblem und den richtigen numerischen Ansatz zur L\u00f6sung des Problems zu w\u00e4hlen sowie die Ergebnisse eines Simulators richtig zu interpretieren. Die Ausrichtung von VizGlow auf die in der Halbleiterindustrie auftretenden Probleme hat das Produkt in den zwei Jahrzehnten seiner Simulationsverifizierung und Validierungskampagnen gepr\u00e4gt. Von Anfang an wurde VizGlow so konzipiert, dass alle unterschiedlichen physikalischen Aspekte in einem einzigen Framework ber\u00fccksichtigt sind.<\/p>\n","key_benefits":["VizGlow unterst\u00fctzt seit Langem Halbleiterausr\u00fcstungen und die IC-Fertigungsindustrie. Halbleiterhersteller verwenden VizGlow, um bestehende Anlagen zu analysieren, Prozesse zu verbessern und neue Anlagenkonzepte zu entwickeln. IC-Hersteller nutzen unsere Software, um ihre Fertigungsprozesse zu optimieren, Prozessanomalien zu erkennen und zu beheben und neue Anlagen zu konzipieren. ","VizGlow wird au\u00dferdem durch die vollst\u00e4ndige Kopplung mit einer umfangreichen chemischen Datenbank \u00fcber ChemZone unterst\u00fctzt. Diese Datenbank wurde zur schnellen Untersuchung gro\u00dfer Prozessparameterr\u00e4ume in der Halbleiterherstellung sowie zur Entwicklung und Validierung von neuen chemischen Kinetikmechanismen mit begrenzter Rate, Prozessplasmen, Verbrennung und anderer chemischer Gaskinetik genutzt.\r\n\r\n\r\n\r\n"],"product_offerings":["VizGlow \u2013 vollst\u00e4ndig gekoppelter Nicht-Gleichgewichts-Plasma-Solver","VizSpark \u2013 thermischer Plasmasimulator","ChemZone \u2013 schneller Simulator f\u00fcr die Plasmachemie"],"key_applications":["\u00c4tzen und Abscheidung von Halbleitern","Optimierung von Herstellungsrezepten und Prozessen","Identifizierung und Behebung von Prozessanomalien","Plasma-Antrieb","Simulation des Staub- und Plasmaverhaltens","Laser-Plasma-Simulation"],"featured_media_src":"https:\/\/www.lamresearch.com\/wp-content\/uploads\/2023\/09\/VizGlow-product-page-hero-banner-new.jpg","drawer_background_image":{"id":21703,"src":"https:\/\/www.lamresearch.com\/wp-content\/uploads\/2023\/09\/VizGlow-product-page-hero-banner-new.jpg"},"_links":{"self":[{"href":"https:\/\/www.lamresearch.com\/de\/wp-json\/wp\/v2\/product\/22211","targetHints":{"allow":["GET"]}}],"collection":[{"href":"https:\/\/www.lamresearch.com\/de\/wp-json\/wp\/v2\/product"}],"about":[{"href":"https:\/\/www.lamresearch.com\/de\/wp-json\/wp\/v2\/types\/product"}],"author":[{"embeddable":true,"href":"https:\/\/www.lamresearch.com\/de\/wp-json\/wp\/v2\/users\/31"}],"version-history":[{"count":0,"href":"https:\/\/www.lamresearch.com\/de\/wp-json\/wp\/v2\/product\/22211\/revisions"}],"wp:featuredmedia":[{"embeddable":true,"href":"https:\/\/www.lamresearch.com\/de\/wp-json\/wp\/v2\/media\/21703"}],"wp:attachment":[{"href":"https:\/\/www.lamresearch.com\/de\/wp-json\/wp\/v2\/media?parent=22211"}],"wp:term":[{"taxonomy":"process","embeddable":true,"href":"https:\/\/www.lamresearch.com\/de\/wp-json\/wp\/v2\/process?post=22211"},{"taxonomy":"solution","embeddable":true,"href":"https:\/\/www.lamresearch.com\/de\/wp-json\/wp\/v2\/solution?post=22211"},{"taxonomy":"technology","embeddable":true,"href":"https:\/\/www.lamresearch.com\/de\/wp-json\/wp\/v2\/technology?post=22211"}],"curies":[{"name":"wp","href":"https:\/\/api.w.org\/{rel}","templated":true}]}}