{"id":24649,"date":"2025-02-12T14:32:26","date_gmt":"2025-02-12T22:32:26","guid":{"rendered":"https:\/\/lamrstage.wpengine.com\/?post_type=product&#038;p=24649"},"modified":"2025-04-24T15:37:05","modified_gmt":"2025-04-24T22:37:05","slug":"akara","status":"publish","type":"product","link":"https:\/\/www.lamresearch.com\/de\/product\/akara\/","title":{"rendered":"Akara\u00ae"},"content":{"rendered":"","protected":false},"excerpt":{"rendered":"<p>Akara<sup>\u00ae<\/sup> wurde f\u00fcr die Massenproduktion mit maximaler Prozessausbeute entwickelt. Das Produkt erh\u00f6ht den Waferaussto\u00df und eliminiert Zeitverluste, da es innerhalb von Millisekunden auf jede \u00c4nderung reagiert.  Die branchenweit fortschrittlichste Steuerung der \u00c4tzgleichm\u00e4\u00dfigkeit sorgt f\u00fcr Gleichm\u00e4\u00dfigkeit bei kritischen Abmessungen im Angstrombereich sowie Wafer-to-Wafer-Wiederholbarkeit.<\/p>\n","protected":false},"author":43,"featured_media":17542,"parent":0,"menu_order":0,"template":"","meta":{"_acf_changed":false,"_relevanssi_hide_post":"","_relevanssi_hide_content":"","_relevanssi_pin_for_all":"","_relevanssi_pin_keywords":"","_relevanssi_unpin_keywords":"","_relevanssi_related_keywords":"","_relevanssi_related_include_ids":"","_relevanssi_related_exclude_ids":"","_relevanssi_related_no_append":"","_relevanssi_related_not_related":"","_relevanssi_related_posts":"","_relevanssi_noindex_reason":"","footnotes":""},"process":[377],"solution":[755,757,792],"technology":[],"class_list":["post-24649","product","type-product","status-publish","has-post-thumbnail","hentry","process-etch-de","solution-dram-de","solution-logik","solution-nand-de"],"acf":[],"yoast_head":"<!-- This site is optimized with the Yoast SEO plugin v27.4 - https:\/\/yoast.com\/product\/yoast-seo-wordpress\/ -->\n<title>Akara\u00ae - Lam Research<\/title>\n<meta name=\"robots\" content=\"index, follow, max-snippet:-1, max-image-preview:large, max-video-preview:-1\" \/>\n<link rel=\"canonical\" href=\"https:\/\/www.lamresearch.com\/product\/akara\/\" \/>\n<meta property=\"og:locale\" content=\"de_DE\" \/>\n<meta property=\"og:type\" content=\"article\" \/>\n<meta property=\"og:title\" content=\"Akara\u00ae - Lam Research\" \/>\n<meta property=\"og:description\" content=\"Akara\u00ae wurde f\u00fcr die Massenproduktion mit maximaler Prozessausbeute entwickelt. Das Produkt erh\u00f6ht den Waferaussto\u00df und eliminiert Zeitverluste, da es innerhalb von Millisekunden auf jede \u00c4nderung reagiert. Die branchenweit fortschrittlichste Steuerung der \u00c4tzgleichm\u00e4\u00dfigkeit sorgt f\u00fcr Gleichm\u00e4\u00dfigkeit bei kritischen Abmessungen im Angstrombereich sowie Wafer-to-Wafer-Wiederholbarkeit.\" \/>\n<meta property=\"og:url\" content=\"https:\/\/www.lamresearch.com\/product\/akara\/\" \/>\n<meta property=\"og:site_name\" content=\"Lam Research\" \/>\n<meta property=\"article:publisher\" content=\"https:\/\/www.facebook.com\/LamResearchCorporation\" \/>\n<meta property=\"article:modified_time\" content=\"2025-04-24T22:37:05+00:00\" \/>\n<meta property=\"og:image\" content=\"https:\/\/www.lamresearch.com\/wp-content\/uploads\/2021\/07\/Lam_Research_transitor-solutions_header.jpg\" \/>\n\t<meta property=\"og:image:width\" content=\"2560\" \/>\n\t<meta property=\"og:image:height\" content=\"889\" \/>\n\t<meta property=\"og:image:type\" content=\"image\/jpeg\" \/>\n<meta name=\"twitter:card\" content=\"summary_large_image\" \/>\n<meta name=\"twitter:site\" content=\"@lamresearch\" \/>\n<meta name=\"twitter:label1\" content=\"Gesch\u00e4tzte Lesezeit\" \/>\n\t<meta name=\"twitter:data1\" content=\"1 Minute\" \/>\n<script type=\"application\/ld+json\" class=\"yoast-schema-graph\">{\"@context\":\"https:\\\/\\\/schema.org\",\"@graph\":[{\"@type\":\"WebPage\",\"@id\":\"https:\\\/\\\/www.lamresearch.com\\\/product\\\/akara\\\/\",\"url\":\"https:\\\/\\\/www.lamresearch.com\\\/product\\\/akara\\\/\",\"name\":\"Akara\u00ae - Lam Research\",\"isPartOf\":{\"@id\":\"https:\\\/\\\/www.lamresearch.com\\\/#website\"},\"primaryImageOfPage\":{\"@id\":\"https:\\\/\\\/www.lamresearch.com\\\/product\\\/akara\\\/#primaryimage\"},\"image\":{\"@id\":\"https:\\\/\\\/www.lamresearch.com\\\/product\\\/akara\\\/#primaryimage\"},\"thumbnailUrl\":\"https:\\\/\\\/www.lamresearch.com\\\/wp-content\\\/uploads\\\/2021\\\/07\\\/Lam_Research_transitor-solutions_header.jpg\",\"datePublished\":\"2025-02-12T22:32:26+00:00\",\"dateModified\":\"2025-04-24T22:37:05+00:00\",\"breadcrumb\":{\"@id\":\"https:\\\/\\\/www.lamresearch.com\\\/product\\\/akara\\\/#breadcrumb\"},\"inLanguage\":\"de-DE\",\"potentialAction\":[{\"@type\":\"ReadAction\",\"target\":[\"https:\\\/\\\/www.lamresearch.com\\\/product\\\/akara\\\/\"]}]},{\"@type\":\"ImageObject\",\"inLanguage\":\"de-DE\",\"@id\":\"https:\\\/\\\/www.lamresearch.com\\\/product\\\/akara\\\/#primaryimage\",\"url\":\"https:\\\/\\\/www.lamresearch.com\\\/wp-content\\\/uploads\\\/2021\\\/07\\\/Lam_Research_transitor-solutions_header.jpg\",\"contentUrl\":\"https:\\\/\\\/www.lamresearch.com\\\/wp-content\\\/uploads\\\/2021\\\/07\\\/Lam_Research_transitor-solutions_header.jpg\",\"width\":2560,\"height\":889},{\"@type\":\"BreadcrumbList\",\"@id\":\"https:\\\/\\\/www.lamresearch.com\\\/product\\\/akara\\\/#breadcrumb\",\"itemListElement\":[{\"@type\":\"ListItem\",\"position\":1,\"name\":\"Home\",\"item\":\"https:\\\/\\\/www.lamresearch.com\\\/de\\\/\"},{\"@type\":\"ListItem\",\"position\":2,\"name\":\"Products\",\"item\":\"https:\\\/\\\/www.lamresearch.com\\\/ko\\\/lam_products\\\/\"},{\"@type\":\"ListItem\",\"position\":3,\"name\":\"Akara\u00ae\"}]},{\"@type\":\"WebSite\",\"@id\":\"https:\\\/\\\/www.lamresearch.com\\\/#website\",\"url\":\"https:\\\/\\\/www.lamresearch.com\\\/\",\"name\":\"Lam Research\",\"description\":\"Engineering At The Atomic Scale\",\"publisher\":{\"@id\":\"https:\\\/\\\/www.lamresearch.com\\\/#organization\"},\"potentialAction\":[{\"@type\":\"SearchAction\",\"target\":{\"@type\":\"EntryPoint\",\"urlTemplate\":\"https:\\\/\\\/www.lamresearch.com\\\/?s={search_term_string}\"},\"query-input\":{\"@type\":\"PropertyValueSpecification\",\"valueRequired\":true,\"valueName\":\"search_term_string\"}}],\"inLanguage\":\"de-DE\"},{\"@type\":\"Organization\",\"@id\":\"https:\\\/\\\/www.lamresearch.com\\\/#organization\",\"name\":\"Lam Research\",\"url\":\"https:\\\/\\\/www.lamresearch.com\\\/\",\"logo\":{\"@type\":\"ImageObject\",\"inLanguage\":\"de-DE\",\"@id\":\"https:\\\/\\\/www.lamresearch.com\\\/#\\\/schema\\\/logo\\\/image\\\/\",\"url\":\"https:\\\/\\\/www.lamresearch.com\\\/wp-content\\\/uploads\\\/2021\\\/07\\\/lam_research_logo_corporate.png\",\"contentUrl\":\"https:\\\/\\\/www.lamresearch.com\\\/wp-content\\\/uploads\\\/2021\\\/07\\\/lam_research_logo_corporate.png\",\"width\":188,\"height\":30,\"caption\":\"Lam Research\"},\"image\":{\"@id\":\"https:\\\/\\\/www.lamresearch.com\\\/#\\\/schema\\\/logo\\\/image\\\/\"},\"sameAs\":[\"https:\\\/\\\/www.facebook.com\\\/LamResearchCorporation\",\"https:\\\/\\\/x.com\\\/lamresearch\",\"https:\\\/\\\/www.instagram.com\\\/lam_research\\\/\",\"https:\\\/\\\/www.linkedin.com\\\/company\\\/lam-research\",\"https:\\\/\\\/www.youtube.com\\\/user\\\/LamResearchCorp\"]}]}<\/script>\n<!-- \/ Yoast SEO plugin. -->","yoast_head_json":{"title":"Akara\u00ae - Lam Research","robots":{"index":"index","follow":"follow","max-snippet":"max-snippet:-1","max-image-preview":"max-image-preview:large","max-video-preview":"max-video-preview:-1"},"canonical":"https:\/\/www.lamresearch.com\/product\/akara\/","og_locale":"de_DE","og_type":"article","og_title":"Akara\u00ae - Lam Research","og_description":"Akara\u00ae wurde f\u00fcr die Massenproduktion mit maximaler Prozessausbeute entwickelt. Das Produkt erh\u00f6ht den Waferaussto\u00df und eliminiert Zeitverluste, da es innerhalb von Millisekunden auf jede \u00c4nderung reagiert. Die branchenweit fortschrittlichste Steuerung der \u00c4tzgleichm\u00e4\u00dfigkeit sorgt f\u00fcr Gleichm\u00e4\u00dfigkeit bei kritischen Abmessungen im Angstrombereich sowie Wafer-to-Wafer-Wiederholbarkeit.","og_url":"https:\/\/www.lamresearch.com\/product\/akara\/","og_site_name":"Lam Research","article_publisher":"https:\/\/www.facebook.com\/LamResearchCorporation","article_modified_time":"2025-04-24T22:37:05+00:00","og_image":[{"width":2560,"height":889,"url":"https:\/\/www.lamresearch.com\/wp-content\/uploads\/2021\/07\/Lam_Research_transitor-solutions_header.jpg","type":"image\/jpeg"}],"twitter_card":"summary_large_image","twitter_site":"@lamresearch","twitter_misc":{"Gesch\u00e4tzte Lesezeit":"1 Minute"},"schema":{"@context":"https:\/\/schema.org","@graph":[{"@type":"WebPage","@id":"https:\/\/www.lamresearch.com\/product\/akara\/","url":"https:\/\/www.lamresearch.com\/product\/akara\/","name":"Akara\u00ae - Lam Research","isPartOf":{"@id":"https:\/\/www.lamresearch.com\/#website"},"primaryImageOfPage":{"@id":"https:\/\/www.lamresearch.com\/product\/akara\/#primaryimage"},"image":{"@id":"https:\/\/www.lamresearch.com\/product\/akara\/#primaryimage"},"thumbnailUrl":"https:\/\/www.lamresearch.com\/wp-content\/uploads\/2021\/07\/Lam_Research_transitor-solutions_header.jpg","datePublished":"2025-02-12T22:32:26+00:00","dateModified":"2025-04-24T22:37:05+00:00","breadcrumb":{"@id":"https:\/\/www.lamresearch.com\/product\/akara\/#breadcrumb"},"inLanguage":"de-DE","potentialAction":[{"@type":"ReadAction","target":["https:\/\/www.lamresearch.com\/product\/akara\/"]}]},{"@type":"ImageObject","inLanguage":"de-DE","@id":"https:\/\/www.lamresearch.com\/product\/akara\/#primaryimage","url":"https:\/\/www.lamresearch.com\/wp-content\/uploads\/2021\/07\/Lam_Research_transitor-solutions_header.jpg","contentUrl":"https:\/\/www.lamresearch.com\/wp-content\/uploads\/2021\/07\/Lam_Research_transitor-solutions_header.jpg","width":2560,"height":889},{"@type":"BreadcrumbList","@id":"https:\/\/www.lamresearch.com\/product\/akara\/#breadcrumb","itemListElement":[{"@type":"ListItem","position":1,"name":"Home","item":"https:\/\/www.lamresearch.com\/de\/"},{"@type":"ListItem","position":2,"name":"Products","item":"https:\/\/www.lamresearch.com\/ko\/lam_products\/"},{"@type":"ListItem","position":3,"name":"Akara\u00ae"}]},{"@type":"WebSite","@id":"https:\/\/www.lamresearch.com\/#website","url":"https:\/\/www.lamresearch.com\/","name":"Lam Research","description":"Engineering At The Atomic Scale","publisher":{"@id":"https:\/\/www.lamresearch.com\/#organization"},"potentialAction":[{"@type":"SearchAction","target":{"@type":"EntryPoint","urlTemplate":"https:\/\/www.lamresearch.com\/?s={search_term_string}"},"query-input":{"@type":"PropertyValueSpecification","valueRequired":true,"valueName":"search_term_string"}}],"inLanguage":"de-DE"},{"@type":"Organization","@id":"https:\/\/www.lamresearch.com\/#organization","name":"Lam Research","url":"https:\/\/www.lamresearch.com\/","logo":{"@type":"ImageObject","inLanguage":"de-DE","@id":"https:\/\/www.lamresearch.com\/#\/schema\/logo\/image\/","url":"https:\/\/www.lamresearch.com\/wp-content\/uploads\/2021\/07\/lam_research_logo_corporate.png","contentUrl":"https:\/\/www.lamresearch.com\/wp-content\/uploads\/2021\/07\/lam_research_logo_corporate.png","width":188,"height":30,"caption":"Lam Research"},"image":{"@id":"https:\/\/www.lamresearch.com\/#\/schema\/logo\/image\/"},"sameAs":["https:\/\/www.facebook.com\/LamResearchCorporation","https:\/\/x.com\/lamresearch","https:\/\/www.instagram.com\/lam_research\/","https:\/\/www.linkedin.com\/company\/lam-research","https:\/\/www.youtube.com\/user\/LamResearchCorp"]}]}},"process_terms":[{"term_id":377,"name":"\u00c4tzen","slug":"etch-de","taxonomy":"process","parent":0,"order":0}],"solution_terms":[{"term_id":755,"name":"DRAM","slug":"dram-de","taxonomy":"solution","parent":0,"order":0},{"term_id":757,"name":"Logik","slug":"logik","taxonomy":"solution","parent":0,"order":0},{"term_id":792,"name":"NAND","slug":"nand-de","taxonomy":"solution","parent":0,"order":0}],"technology_terms":[],"industry_challenges":"","key_benefits":[],"product_offerings":[],"key_applications":[],"featured_media_src":"https:\/\/www.lamresearch.com\/wp-content\/uploads\/2021\/07\/Lam_Research_transitor-solutions_header.jpg","drawer_background_image":{"id":17542,"src":"https:\/\/www.lamresearch.com\/wp-content\/uploads\/2021\/07\/Lam_Research_transitor-solutions_header.jpg"},"_links":{"self":[{"href":"https:\/\/www.lamresearch.com\/de\/wp-json\/wp\/v2\/product\/24649","targetHints":{"allow":["GET"]}}],"collection":[{"href":"https:\/\/www.lamresearch.com\/de\/wp-json\/wp\/v2\/product"}],"about":[{"href":"https:\/\/www.lamresearch.com\/de\/wp-json\/wp\/v2\/types\/product"}],"author":[{"embeddable":true,"href":"https:\/\/www.lamresearch.com\/de\/wp-json\/wp\/v2\/users\/43"}],"version-history":[{"count":0,"href":"https:\/\/www.lamresearch.com\/de\/wp-json\/wp\/v2\/product\/24649\/revisions"}],"wp:featuredmedia":[{"embeddable":true,"href":"https:\/\/www.lamresearch.com\/de\/wp-json\/wp\/v2\/media\/17542"}],"wp:attachment":[{"href":"https:\/\/www.lamresearch.com\/de\/wp-json\/wp\/v2\/media?parent=24649"}],"wp:term":[{"taxonomy":"process","embeddable":true,"href":"https:\/\/www.lamresearch.com\/de\/wp-json\/wp\/v2\/process?post=24649"},{"taxonomy":"solution","embeddable":true,"href":"https:\/\/www.lamresearch.com\/de\/wp-json\/wp\/v2\/solution?post=24649"},{"taxonomy":"technology","embeddable":true,"href":"https:\/\/www.lamresearch.com\/de\/wp-json\/wp\/v2\/technology?post=24649"}],"curies":[{"name":"wp","href":"https:\/\/api.w.org\/{rel}","templated":true}]}}