{"id":24667,"date":"2024-12-06T12:04:08","date_gmt":"2024-12-06T20:04:08","guid":{"rendered":"https:\/\/lamrstage.wpengine.com\/?post_type=product&#038;p=24667"},"modified":"2025-04-24T09:13:34","modified_gmt":"2025-04-24T16:13:34","slug":"dextro","status":"publish","type":"product","link":"https:\/\/www.lamresearch.com\/de\/product\/dextro\/","title":{"rendered":"Dextro\u2122"},"content":{"rendered":"<p>Dextro ist eine mobile Einheit mit einem Roboterarm und verwendet verschiedene Endeffektoren als H\u00e4nde, um kritische Wartungsaufgaben zu erledigen, die bei manueller Ausf\u00fchrung zeitaufwendig und fehleranf\u00e4llig sind.  Dextro wird von einem Fertigungstechniker oder Ingenieur bedient und f\u00fchrt komplexe Wartungsaufgaben mit einer Pr\u00e4zision und Wiederholgenauigkeit durch, die \u00fcber die menschlichen F\u00e4higkeiten hinausgehen. So erm\u00f6glicht er eine h\u00f6here Werkzeugverf\u00fcgbarkeit und Produktionsausbeute.<\/p>\n","protected":false},"excerpt":{"rendered":"<p>Dextro ist eine mobile Einheit mit einem Roboterarm und verwendet verschiedene Endeffektoren als H\u00e4nde, um kritische Wartungsaufgaben zu erledigen, die bei manueller Ausf\u00fchrung zeitaufwendig und fehleranf\u00e4llig sind.  Dextro wird von einem Fertigungstechniker oder Ingenieur bedient und f\u00fchrt komplexe Wartungsaufgaben mit einer Pr\u00e4zision und Wiederholgenauigkeit durch, die \u00fcber die menschlichen F\u00e4higkeiten hinausgehen. So erm\u00f6glicht er eine h\u00f6here Werkzeugverf\u00fcgbarkeit und Produktionsausbeute.<\/p>\n","protected":false},"author":42,"featured_media":24260,"parent":0,"menu_order":0,"template":"","meta":{"_acf_changed":false,"_relevanssi_hide_post":"","_relevanssi_hide_content":"","_relevanssi_pin_for_all":"","_relevanssi_pin_keywords":"","_relevanssi_unpin_keywords":"","_relevanssi_related_keywords":"","_relevanssi_related_include_ids":"","_relevanssi_related_exclude_ids":"","_relevanssi_related_no_append":"","_relevanssi_related_not_related":"","_relevanssi_related_posts":"","_relevanssi_noindex_reason":"","footnotes":""},"process":[],"solution":[755,756,757],"technology":[758,759,760],"class_list":["post-24667","product","type-product","status-publish","has-post-thumbnail","hentry","solution-dram-de","solution-flash-speicher","solution-logik","technology-automatisierung","technology-reinigung","technology-wartung"],"acf":[],"yoast_head":"<!-- This site is optimized with the Yoast SEO plugin v27.5 - https:\/\/yoast.com\/product\/yoast-seo-wordpress\/ -->\n<title>Dextro\u2122 - Lam Research<\/title>\n<meta name=\"robots\" content=\"index, follow, max-snippet:-1, max-image-preview:large, max-video-preview:-1\" \/>\n<link rel=\"canonical\" href=\"https:\/\/www.lamresearch.com\/de\/product\/dextro\/\" \/>\n<meta property=\"og:locale\" content=\"de_DE\" \/>\n<meta property=\"og:type\" content=\"article\" \/>\n<meta property=\"og:title\" content=\"Dextro\u2122 - Lam Research\" \/>\n<meta property=\"og:description\" content=\"Dextro ist eine mobile Einheit mit einem Roboterarm und verwendet verschiedene Endeffektoren als H\u00e4nde, um kritische Wartungsaufgaben zu erledigen, die bei manueller Ausf\u00fchrung zeitaufwendig und fehleranf\u00e4llig sind. Dextro wird von einem Fertigungstechniker oder Ingenieur bedient und f\u00fchrt komplexe Wartungsaufgaben mit einer Pr\u00e4zision und Wiederholgenauigkeit durch, die \u00fcber die menschlichen F\u00e4higkeiten hinausgehen. So erm\u00f6glicht er eine Lesen Sie mehr\u2026\" \/>\n<meta property=\"og:url\" content=\"https:\/\/www.lamresearch.com\/de\/product\/dextro\/\" \/>\n<meta property=\"og:site_name\" content=\"Lam Research\" \/>\n<meta property=\"article:publisher\" content=\"https:\/\/www.facebook.com\/LamResearchCorporation\" \/>\n<meta property=\"article:modified_time\" content=\"2025-04-24T16:13:34+00:00\" \/>\n<meta property=\"og:image\" content=\"http:\/\/www.lamresearch.com\/wp-content\/uploads\/2024\/12\/Dextro-Cobots_Hero.jpg\" \/>\n\t<meta property=\"og:image:width\" content=\"800\" \/>\n\t<meta property=\"og:image:height\" content=\"450\" \/>\n\t<meta property=\"og:image:type\" content=\"image\/jpeg\" \/>\n<meta name=\"twitter:card\" content=\"summary_large_image\" \/>\n<meta name=\"twitter:site\" content=\"@lamresearch\" \/>\n<meta name=\"twitter:label1\" content=\"Gesch\u00e4tzte Lesezeit\" \/>\n\t<meta name=\"twitter:data1\" content=\"1 Minute\" \/>\n<script type=\"application\/ld+json\" class=\"yoast-schema-graph\">{\"@context\":\"https:\\\/\\\/schema.org\",\"@graph\":[{\"@type\":\"WebPage\",\"@id\":\"https:\\\/\\\/www.lamresearch.com\\\/de\\\/product\\\/dextro\\\/\",\"url\":\"https:\\\/\\\/www.lamresearch.com\\\/de\\\/product\\\/dextro\\\/\",\"name\":\"Dextro\u2122 - Lam Research\",\"isPartOf\":{\"@id\":\"https:\\\/\\\/www.lamresearch.com\\\/#website\"},\"primaryImageOfPage\":{\"@id\":\"https:\\\/\\\/www.lamresearch.com\\\/de\\\/product\\\/dextro\\\/#primaryimage\"},\"image\":{\"@id\":\"https:\\\/\\\/www.lamresearch.com\\\/de\\\/product\\\/dextro\\\/#primaryimage\"},\"thumbnailUrl\":\"https:\\\/\\\/www.lamresearch.com\\\/wp-content\\\/uploads\\\/2024\\\/12\\\/Dextro-Cobots_Hero.jpg\",\"datePublished\":\"2024-12-06T20:04:08+00:00\",\"dateModified\":\"2025-04-24T16:13:34+00:00\",\"breadcrumb\":{\"@id\":\"https:\\\/\\\/www.lamresearch.com\\\/de\\\/product\\\/dextro\\\/#breadcrumb\"},\"inLanguage\":\"de-DE\",\"potentialAction\":[{\"@type\":\"ReadAction\",\"target\":[\"https:\\\/\\\/www.lamresearch.com\\\/de\\\/product\\\/dextro\\\/\"]}]},{\"@type\":\"ImageObject\",\"inLanguage\":\"de-DE\",\"@id\":\"https:\\\/\\\/www.lamresearch.com\\\/de\\\/product\\\/dextro\\\/#primaryimage\",\"url\":\"https:\\\/\\\/www.lamresearch.com\\\/wp-content\\\/uploads\\\/2024\\\/12\\\/Dextro-Cobots_Hero.jpg\",\"contentUrl\":\"https:\\\/\\\/www.lamresearch.com\\\/wp-content\\\/uploads\\\/2024\\\/12\\\/Dextro-Cobots_Hero.jpg\",\"width\":800,\"height\":450},{\"@type\":\"BreadcrumbList\",\"@id\":\"https:\\\/\\\/www.lamresearch.com\\\/de\\\/product\\\/dextro\\\/#breadcrumb\",\"itemListElement\":[{\"@type\":\"ListItem\",\"position\":1,\"name\":\"Home\",\"item\":\"https:\\\/\\\/www.lamresearch.com\\\/de\\\/\"},{\"@type\":\"ListItem\",\"position\":2,\"name\":\"Products\",\"item\":\"https:\\\/\\\/www.lamresearch.com\\\/ko\\\/lam_products\\\/\"},{\"@type\":\"ListItem\",\"position\":3,\"name\":\"Dextro\u2122\"}]},{\"@type\":\"WebSite\",\"@id\":\"https:\\\/\\\/www.lamresearch.com\\\/#website\",\"url\":\"https:\\\/\\\/www.lamresearch.com\\\/\",\"name\":\"Lam Research\",\"description\":\"Engineering At The Atomic Scale\",\"publisher\":{\"@id\":\"https:\\\/\\\/www.lamresearch.com\\\/#organization\"},\"potentialAction\":[{\"@type\":\"SearchAction\",\"target\":{\"@type\":\"EntryPoint\",\"urlTemplate\":\"https:\\\/\\\/www.lamresearch.com\\\/?s={search_term_string}\"},\"query-input\":{\"@type\":\"PropertyValueSpecification\",\"valueRequired\":true,\"valueName\":\"search_term_string\"}}],\"inLanguage\":\"de-DE\"},{\"@type\":\"Organization\",\"@id\":\"https:\\\/\\\/www.lamresearch.com\\\/#organization\",\"name\":\"Lam Research\",\"url\":\"https:\\\/\\\/www.lamresearch.com\\\/\",\"logo\":{\"@type\":\"ImageObject\",\"inLanguage\":\"de-DE\",\"@id\":\"https:\\\/\\\/www.lamresearch.com\\\/#\\\/schema\\\/logo\\\/image\\\/\",\"url\":\"https:\\\/\\\/www.lamresearch.com\\\/wp-content\\\/uploads\\\/2021\\\/07\\\/lam_research_logo_corporate.png\",\"contentUrl\":\"https:\\\/\\\/www.lamresearch.com\\\/wp-content\\\/uploads\\\/2021\\\/07\\\/lam_research_logo_corporate.png\",\"width\":188,\"height\":30,\"caption\":\"Lam Research\"},\"image\":{\"@id\":\"https:\\\/\\\/www.lamresearch.com\\\/#\\\/schema\\\/logo\\\/image\\\/\"},\"sameAs\":[\"https:\\\/\\\/www.facebook.com\\\/LamResearchCorporation\",\"https:\\\/\\\/x.com\\\/lamresearch\",\"https:\\\/\\\/www.instagram.com\\\/lam_research\\\/\",\"https:\\\/\\\/www.linkedin.com\\\/company\\\/lam-research\",\"https:\\\/\\\/www.youtube.com\\\/user\\\/LamResearchCorp\"]}]}<\/script>\n<!-- \/ Yoast SEO plugin. -->","yoast_head_json":{"title":"Dextro\u2122 - Lam Research","robots":{"index":"index","follow":"follow","max-snippet":"max-snippet:-1","max-image-preview":"max-image-preview:large","max-video-preview":"max-video-preview:-1"},"canonical":"https:\/\/www.lamresearch.com\/de\/product\/dextro\/","og_locale":"de_DE","og_type":"article","og_title":"Dextro\u2122 - Lam Research","og_description":"Dextro ist eine mobile Einheit mit einem Roboterarm und verwendet verschiedene Endeffektoren als H\u00e4nde, um kritische Wartungsaufgaben zu erledigen, die bei manueller Ausf\u00fchrung zeitaufwendig und fehleranf\u00e4llig sind. Dextro wird von einem Fertigungstechniker oder Ingenieur bedient und f\u00fchrt komplexe Wartungsaufgaben mit einer Pr\u00e4zision und Wiederholgenauigkeit durch, die \u00fcber die menschlichen F\u00e4higkeiten hinausgehen. So erm\u00f6glicht er eine Lesen Sie mehr\u2026","og_url":"https:\/\/www.lamresearch.com\/de\/product\/dextro\/","og_site_name":"Lam Research","article_publisher":"https:\/\/www.facebook.com\/LamResearchCorporation","article_modified_time":"2025-04-24T16:13:34+00:00","og_image":[{"width":800,"height":450,"url":"http:\/\/www.lamresearch.com\/wp-content\/uploads\/2024\/12\/Dextro-Cobots_Hero.jpg","type":"image\/jpeg"}],"twitter_card":"summary_large_image","twitter_site":"@lamresearch","twitter_misc":{"Gesch\u00e4tzte Lesezeit":"1 Minute"},"schema":{"@context":"https:\/\/schema.org","@graph":[{"@type":"WebPage","@id":"https:\/\/www.lamresearch.com\/de\/product\/dextro\/","url":"https:\/\/www.lamresearch.com\/de\/product\/dextro\/","name":"Dextro\u2122 - Lam Research","isPartOf":{"@id":"https:\/\/www.lamresearch.com\/#website"},"primaryImageOfPage":{"@id":"https:\/\/www.lamresearch.com\/de\/product\/dextro\/#primaryimage"},"image":{"@id":"https:\/\/www.lamresearch.com\/de\/product\/dextro\/#primaryimage"},"thumbnailUrl":"https:\/\/www.lamresearch.com\/wp-content\/uploads\/2024\/12\/Dextro-Cobots_Hero.jpg","datePublished":"2024-12-06T20:04:08+00:00","dateModified":"2025-04-24T16:13:34+00:00","breadcrumb":{"@id":"https:\/\/www.lamresearch.com\/de\/product\/dextro\/#breadcrumb"},"inLanguage":"de-DE","potentialAction":[{"@type":"ReadAction","target":["https:\/\/www.lamresearch.com\/de\/product\/dextro\/"]}]},{"@type":"ImageObject","inLanguage":"de-DE","@id":"https:\/\/www.lamresearch.com\/de\/product\/dextro\/#primaryimage","url":"https:\/\/www.lamresearch.com\/wp-content\/uploads\/2024\/12\/Dextro-Cobots_Hero.jpg","contentUrl":"https:\/\/www.lamresearch.com\/wp-content\/uploads\/2024\/12\/Dextro-Cobots_Hero.jpg","width":800,"height":450},{"@type":"BreadcrumbList","@id":"https:\/\/www.lamresearch.com\/de\/product\/dextro\/#breadcrumb","itemListElement":[{"@type":"ListItem","position":1,"name":"Home","item":"https:\/\/www.lamresearch.com\/de\/"},{"@type":"ListItem","position":2,"name":"Products","item":"https:\/\/www.lamresearch.com\/ko\/lam_products\/"},{"@type":"ListItem","position":3,"name":"Dextro\u2122"}]},{"@type":"WebSite","@id":"https:\/\/www.lamresearch.com\/#website","url":"https:\/\/www.lamresearch.com\/","name":"Lam Research","description":"Engineering At The Atomic Scale","publisher":{"@id":"https:\/\/www.lamresearch.com\/#organization"},"potentialAction":[{"@type":"SearchAction","target":{"@type":"EntryPoint","urlTemplate":"https:\/\/www.lamresearch.com\/?s={search_term_string}"},"query-input":{"@type":"PropertyValueSpecification","valueRequired":true,"valueName":"search_term_string"}}],"inLanguage":"de-DE"},{"@type":"Organization","@id":"https:\/\/www.lamresearch.com\/#organization","name":"Lam Research","url":"https:\/\/www.lamresearch.com\/","logo":{"@type":"ImageObject","inLanguage":"de-DE","@id":"https:\/\/www.lamresearch.com\/#\/schema\/logo\/image\/","url":"https:\/\/www.lamresearch.com\/wp-content\/uploads\/2021\/07\/lam_research_logo_corporate.png","contentUrl":"https:\/\/www.lamresearch.com\/wp-content\/uploads\/2021\/07\/lam_research_logo_corporate.png","width":188,"height":30,"caption":"Lam Research"},"image":{"@id":"https:\/\/www.lamresearch.com\/#\/schema\/logo\/image\/"},"sameAs":["https:\/\/www.facebook.com\/LamResearchCorporation","https:\/\/x.com\/lamresearch","https:\/\/www.instagram.com\/lam_research\/","https:\/\/www.linkedin.com\/company\/lam-research","https:\/\/www.youtube.com\/user\/LamResearchCorp"]}]}},"process_terms":[],"solution_terms":[{"term_id":755,"name":"DRAM","slug":"dram-de","taxonomy":"solution","parent":0,"order":0},{"term_id":756,"name":"Flash-Speicher","slug":"flash-speicher","taxonomy":"solution","parent":0,"order":0},{"term_id":757,"name":"Logik","slug":"logik","taxonomy":"solution","parent":0,"order":0}],"technology_terms":[{"term_id":758,"name":"Automatisierung","slug":"automatisierung","taxonomy":"technology","parent":0,"order":0},{"term_id":759,"name":"Reinigung","slug":"reinigung","taxonomy":"technology","parent":0,"order":0},{"term_id":760,"name":"Wartung","slug":"wartung","taxonomy":"technology","parent":0,"order":0}],"industry_challenges":"","key_benefits":[],"product_offerings":[],"key_applications":[],"featured_media_src":"https:\/\/www.lamresearch.com\/wp-content\/uploads\/2024\/12\/Dextro-Cobots_Hero.jpg","drawer_background_image":{"id":24260,"src":"https:\/\/www.lamresearch.com\/wp-content\/uploads\/2024\/12\/Dextro-Cobots_Hero.jpg"},"_links":{"self":[{"href":"https:\/\/www.lamresearch.com\/de\/wp-json\/wp\/v2\/product\/24667","targetHints":{"allow":["GET"]}}],"collection":[{"href":"https:\/\/www.lamresearch.com\/de\/wp-json\/wp\/v2\/product"}],"about":[{"href":"https:\/\/www.lamresearch.com\/de\/wp-json\/wp\/v2\/types\/product"}],"author":[{"embeddable":true,"href":"https:\/\/www.lamresearch.com\/de\/wp-json\/wp\/v2\/users\/42"}],"version-history":[{"count":0,"href":"https:\/\/www.lamresearch.com\/de\/wp-json\/wp\/v2\/product\/24667\/revisions"}],"wp:featuredmedia":[{"embeddable":true,"href":"https:\/\/www.lamresearch.com\/de\/wp-json\/wp\/v2\/media\/24260"}],"wp:attachment":[{"href":"https:\/\/www.lamresearch.com\/de\/wp-json\/wp\/v2\/media?parent=24667"}],"wp:term":[{"taxonomy":"process","embeddable":true,"href":"https:\/\/www.lamresearch.com\/de\/wp-json\/wp\/v2\/process?post=24667"},{"taxonomy":"solution","embeddable":true,"href":"https:\/\/www.lamresearch.com\/de\/wp-json\/wp\/v2\/solution?post=24667"},{"taxonomy":"technology","embeddable":true,"href":"https:\/\/www.lamresearch.com\/de\/wp-json\/wp\/v2\/technology?post=24667"}],"curies":[{"name":"wp","href":"https:\/\/api.w.org\/{rel}","templated":true}]}}